{"id":3127,"date":"2024-01-04T10:41:37","date_gmt":"2024-01-04T08:41:37","guid":{"rendered":"https:\/\/chiraprim.com\/?page_id=3127"},"modified":"2024-02-29T15:06:18","modified_gmt":"2024-02-29T13:06:18","slug":"depre-noi","status":"publish","type":"page","link":"https:\/\/chiraprim.com\/ro\/depre-noi\/","title":{"rendered":"Depre noi"},"content":{"rendered":"\t\t<div data-elementor-type=\"wp-page\" data-elementor-id=\"3127\" class=\"elementor elementor-3127 elementor-2909\" data-elementor-post-type=\"page\">\n\t\t\t\t\t\t<section class=\"elementor-section elementor-top-section elementor-element elementor-element-9068178 elementor-section-boxed elementor-section-height-default elementor-section-height-default\" data-id=\"9068178\" data-element_type=\"section\" data-settings=\"{&quot;background_background&quot;:&quot;classic&quot;}\">\n\t\t\t\t\t\t<div class=\"elementor-container elementor-column-gap-default\">\n\t\t\t\t\t<div class=\"elementor-column elementor-col-100 elementor-top-column elementor-element elementor-element-01f95f5\" data-id=\"01f95f5\" data-element_type=\"column\">\n\t\t\t<div class=\"elementor-widget-wrap elementor-element-populated\">\n\t\t\t\t\t\t<div class=\"elementor-element elementor-element-72246a3 elementor-widget__width-initial elementor-widget elementor-widget-heading\" data-id=\"72246a3\" data-element_type=\"widget\" data-widget_type=\"heading.default\">\n\t\t\t\t\t<h2 class=\"elementor-heading-title elementor-size-default\">Despre noi<\/h2>\t\t\t\t<\/div>\n\t\t\t\t\t<\/div>\n\t\t<\/div>\n\t\t\t\t\t<\/div>\n\t\t<\/section>\n\t\t\t\t<section class=\"elementor-section elementor-top-section elementor-element elementor-element-7122d70 elementor-section-boxed elementor-section-height-default elementor-section-height-default\" data-id=\"7122d70\" data-element_type=\"section\">\n\t\t\t\t\t\t<div class=\"elementor-container elementor-column-gap-default\">\n\t\t\t\t\t<div class=\"elementor-column elementor-col-50 elementor-top-column elementor-element elementor-element-e971df1\" data-id=\"e971df1\" data-element_type=\"column\">\n\t\t\t<div class=\"elementor-widget-wrap elementor-element-populated\">\n\t\t\t\t\t\t<div class=\"elementor-element elementor-element-8d2599c elementor-widget elementor-widget-text-editor\" data-id=\"8d2599c\" data-element_type=\"widget\" data-widget_type=\"text-editor.default\">\n\t\t\t\t\t\t\t\t\t<h3><strong>Compania<\/strong><\/h3>\n<p style=\"text-align: justify\"><strong>SRL \u201eCHIRA-PRIM\u201d<\/strong> a fost fondat\u0103 \u00een anul 2006. Activitatea principal\u0103 a firmei const\u0103 \u00een importul de hran\u0103 \u0219i umpluturi pentru animale de companie (pisici \u0219i c\u00e2ini) din Italia \u0219i Turcia, cu ulterioara comercializare pe teritoriul Republicii Moldova.<\/p>\t\t\t\t\t\t\t\t<\/div>\n\t\t\t\t\t<\/div>\n\t\t<\/div>\n\t\t\t\t<div class=\"elementor-column elementor-col-50 elementor-top-column elementor-element elementor-element-72c3a95\" data-id=\"72c3a95\" data-element_type=\"column\">\n\t\t\t<div class=\"elementor-widget-wrap elementor-element-populated\">\n\t\t\t\t\t\t<div class=\"elementor-element elementor-element-76ff7b4 elementor-widget elementor-widget-image\" data-id=\"76ff7b4\" data-element_type=\"widget\" data-widget_type=\"image.default\">\n\t\t\t\t\t\t\t\t\t\t\t\t\t\t\t<img fetchpriority=\"high\" decoding=\"async\" width=\"800\" height=\"181\" src=\"https:\/\/chiraprim.com\/wp-content\/uploads\/2021\/10\/chira-prim-1024x232.png\" class=\"attachment-large size-large wp-image-1801\" alt=\"\" srcset=\"https:\/\/chiraprim.com\/wp-content\/uploads\/2021\/10\/chira-prim-1024x232.png 1024w, https:\/\/chiraprim.com\/wp-content\/uploads\/2021\/10\/chira-prim-560x127.png 560w, https:\/\/chiraprim.com\/wp-content\/uploads\/2021\/10\/chira-prim-600x136.png 600w, https:\/\/chiraprim.com\/wp-content\/uploads\/2021\/10\/chira-prim-768x174.png 768w, https:\/\/chiraprim.com\/wp-content\/uploads\/2021\/10\/chira-prim-1536x348.png 1536w, https:\/\/chiraprim.com\/wp-content\/uploads\/2021\/10\/chira-prim-2048x464.png 2048w\" sizes=\"(max-width: 800px) 100vw, 800px\" \/>\t\t\t\t\t\t\t\t\t\t\t\t\t\t\t<\/div>\n\t\t\t\t\t<\/div>\n\t\t<\/div>\n\t\t\t\t\t<\/div>\n\t\t<\/section>\n\t\t\t\t<section class=\"elementor-section elementor-top-section elementor-element elementor-element-553d7ca elementor-section-boxed elementor-section-height-default elementor-section-height-default\" data-id=\"553d7ca\" data-element_type=\"section\">\n\t\t\t\t\t\t<div class=\"elementor-container elementor-column-gap-default\">\n\t\t\t\t\t<div class=\"elementor-column elementor-col-100 elementor-top-column elementor-element elementor-element-edd5780\" data-id=\"edd5780\" data-element_type=\"column\">\n\t\t\t<div class=\"elementor-widget-wrap elementor-element-populated\">\n\t\t\t\t\t\t<div class=\"elementor-element elementor-element-cd2f6ae elementor-widget elementor-widget-text-editor\" data-id=\"cd2f6ae\" data-element_type=\"widget\" data-widget_type=\"text-editor.default\">\n\t\t\t\t\t\t\t\t\t<p style=\"text-align: justify\">De asemenea, firma produce \u0219i comercializeaz\u0103 furaje pentru roz\u0103toare \u2013 iepuri ornamentali \u0219i chinchilla, hamsteri, porcu\u0219ori de Guineea \u0219i amestecuri de cereale pentru toate tipurile de papagali \u0219i alte p\u0103s\u0103ri \u021binute \u00een condi\u021bii casnice.<\/p>\n\n<p style=\"text-align: justify\">Produsele firmei se v\u00e2nd at\u00e2t pentru pl\u0103\u021bi \u00een numerar c\u00e2t \u0219i prin transfer bancar, en-gros \u0219i \u00een detaliu. \u00cen Chi\u0219in\u0103u, livrarea se face pentru achizi\u021bii de la 500 de lei. Produsele noastre pot fi, de asemenea, achizi\u021bionate la detaliu \u00een toate pie\u021bele, magazine alimentare \u0219i farmacii veterinare. Noi furniz\u0103m produsele noastre c\u0103tre cresc\u0103torii at\u00e2t din structuri private, c\u00e2t \u0219i din organiza\u021bii de stat.<\/p>\n\n<p style=\"text-align: justify\">Produsele noastre se disting printr-o calitate \u00eenalt\u0103 \u0219i un pre\u021b accesibil. Angaja\u021bii firmei vor ajuta s\u0103 alege\u021bi furajul optim pentru animalul dvs. de companie \u0219i vor oferi recomand\u0103ri pentru alimenta\u021bia corect\u0103 a acestuia, pentru a men\u021bine s\u0103n\u0103tatea \u0219i bun\u0103starea lui.<\/p>\t\t\t\t\t\t\t\t<\/div>\n\t\t\t\t\t<\/div>\n\t\t<\/div>\n\t\t\t\t\t<\/div>\n\t\t<\/section>\n\t\t\t\t<section class=\"elementor-section elementor-top-section elementor-element elementor-element-fd22606 elementor-section-boxed elementor-section-height-default elementor-section-height-default\" data-id=\"fd22606\" data-element_type=\"section\">\n\t\t\t\t\t\t<div class=\"elementor-container elementor-column-gap-default\">\n\t\t\t\t\t<div class=\"elementor-column elementor-col-50 elementor-top-column elementor-element elementor-element-6a4621f\" data-id=\"6a4621f\" data-element_type=\"column\">\n\t\t\t<div class=\"elementor-widget-wrap elementor-element-populated\">\n\t\t\t\t\t\t<div class=\"elementor-element elementor-element-dcd4ec9 elementor-widget elementor-widget-text-editor\" data-id=\"dcd4ec9\" data-element_type=\"widget\" data-widget_type=\"text-editor.default\">\n\t\t\t\t\t\t\t\t\t<h3><span style=\"font-weight: bolder;font-size: 1.75rem\">GHEDA<\/span><\/h3>\n<p style=\"text-align: justify\">Gheda Mangimi s.r.l. este un produc\u0103tor italian de paste f\u0103inoase, fondat \u00een anul 1920. Din 1975, compania Gheda Petfood a \u00eenceput produc\u021bia de hran\u0103 uscat\u0103 \u0219i umed\u0103 pentru pisici \u0219i c\u00e2ini bazat\u0103 pe paste f\u0103inoase, respect\u00e2nd acelea\u0219i standarde de calitate ca \u0219i pentru produsele destinate oamenilor.<\/p>\t\t\t\t\t\t\t\t<\/div>\n\t\t\t\t\t<\/div>\n\t\t<\/div>\n\t\t\t\t<div class=\"elementor-column elementor-col-50 elementor-top-column elementor-element elementor-element-a0b73c2\" data-id=\"a0b73c2\" data-element_type=\"column\">\n\t\t\t<div class=\"elementor-widget-wrap elementor-element-populated\">\n\t\t\t\t\t\t<div class=\"elementor-element elementor-element-fe67ad0 elementor-widget elementor-widget-image\" data-id=\"fe67ad0\" data-element_type=\"widget\" data-widget_type=\"image.default\">\n\t\t\t\t\t\t\t\t\t\t\t\t\t\t\t<img decoding=\"async\" width=\"560\" height=\"374\" src=\"https:\/\/chiraprim.com\/wp-content\/uploads\/2024\/02\/immagine-nutre-una-vera-passione-gatto-rosso2-560x374.jpg\" class=\"attachment-medium size-medium wp-image-3123\" alt=\"\" srcset=\"https:\/\/chiraprim.com\/wp-content\/uploads\/2024\/02\/immagine-nutre-una-vera-passione-gatto-rosso2-560x374.jpg 560w, https:\/\/chiraprim.com\/wp-content\/uploads\/2024\/02\/immagine-nutre-una-vera-passione-gatto-rosso2-600x400.jpg 600w, https:\/\/chiraprim.com\/wp-content\/uploads\/2024\/02\/immagine-nutre-una-vera-passione-gatto-rosso2.jpg 700w\" sizes=\"(max-width: 560px) 100vw, 560px\" \/>\t\t\t\t\t\t\t\t\t\t\t\t\t\t\t<\/div>\n\t\t\t\t\t<\/div>\n\t\t<\/div>\n\t\t\t\t\t<\/div>\n\t\t<\/section>\n\t\t\t\t<section class=\"elementor-section elementor-top-section elementor-element elementor-element-02b9c9d elementor-section-boxed elementor-section-height-default elementor-section-height-default\" data-id=\"02b9c9d\" data-element_type=\"section\">\n\t\t\t\t\t\t<div class=\"elementor-container elementor-column-gap-default\">\n\t\t\t\t\t<div class=\"elementor-column elementor-col-100 elementor-top-column elementor-element elementor-element-189197e\" data-id=\"189197e\" data-element_type=\"column\">\n\t\t\t<div class=\"elementor-widget-wrap elementor-element-populated\">\n\t\t\t\t\t\t<div class=\"elementor-element elementor-element-e8ad1de elementor-widget elementor-widget-text-editor\" data-id=\"e8ad1de\" data-element_type=\"widget\" data-widget_type=\"text-editor.default\">\n\t\t\t\t\t\t\t\t\t<p style=\"text-align: justify\">Gheda Petfood, urm\u0103rind dezvoltarea \u0219i strategia companiei, acord\u0103 o aten\u021bie constant\u0103 s\u0103n\u0103t\u0103\u021bii animalelor \u0219i se concentreaz\u0103 pe produc\u021bia de \u00eenalt\u0103 calitate. Activitatea \u00eentreprinderii poate fi rezumat\u0103 \u00een trei direc\u021bii principale: satisfac\u021bia clien\u021bilor, cercetarea \u0219i inova\u021bia, \u00eembun\u0103t\u0103\u021birea sistemului de management al calit\u0103\u021bii. Compania este certificat\u0103 conform standardelor ISO, promoveaz\u0103 protec\u021bia mediului \u0219i nu folose\u0219te organisme modificate genetic (OMG). Baza de produc\u021bie a firmei \u0219i sediul principal se afl\u0103 \u00een ora\u0219ul Mantova. Departamentul de cercetare \u0219i dezvoltare al companiei este alc\u0103tuit din profesioni\u0219ti specializa\u021bi: veterinari, tehnicieni, nutri\u021bioni\u0219ti, care dezvolt\u0103 cele mai bune diete pentru s\u0103n\u0103tatea animalelor.<\/p>\n<p style=\"text-align: justify\">Interesul manifestat de companie pentru calitatea alimenta\u021biei animalelor a primit rapid un feedback pozitiv din partea consumatorilor finali. Compania men\u021bine rela\u021bii solide cu clien\u021bii, datorit\u0103 unei game largi de produse, care poate fi \u00eemp\u0103r\u021bit\u0103 \u00een trei grupuri principale: produse extrudate (hran\u0103 uscat\u0103 complet\u0103 de super-premium), paste f\u0103inoase \u0219i produse de patiserie (gust\u0103ri pentru animale de companie).<\/p><h4 style=\"text-align: justify\"><b>MORANDO<\/b><br><\/h4>\n<p style=\"text-align: justify\">Hrana pentru pisici \u0219i c\u00e2ini \u00een Italia a ap\u0103rut datorit\u0103 lui Enrico Morando \u0219i intui\u021biei sale antreprenoriale &#8211; \u00eenc\u0103 de la \u00eenceputul anilor &#8217;50. O c\u0103l\u0103torie, o idee, dorin\u021ba de a o transforma \u00een realitate \u00eenaintea tuturor &#8211; \u0219i succesul.<\/p>\n<p style=\"text-align: justify\">Din 1955 \u00eencepe produc\u021bia de hran\u0103 umed\u0103 pentru animale. \u00cen 1981, la Andezeno, a fost deschis\u0103 prima fabric\u0103 pentru produc\u021bia de hran\u0103 uscat\u0103. Pe m\u0103sur\u0103 ce compania Morando se dezvolta, aceasta a deschis noi fabrici, \u0219i-a extins gama de produse \u0219i a schimbat ambalajele produselor.<\/p>\n<p style=\"text-align: justify\">\u00cen prezent, hrana Morando este disponibil\u0103 pe pia\u021b\u0103 \u00een patru linii: Migliorgatto, Super Pet Food, Professional, Miogatto.<\/p>\t\t\t\t\t\t\t\t<\/div>\n\t\t\t\t\t<\/div>\n\t\t<\/div>\n\t\t\t\t\t<\/div>\n\t\t<\/section>\n\t\t\t\t<\/div>\n\t\t","protected":false},"excerpt":{"rendered":"<p>\/*! elementor &#8211; v3.17.0 &#8211; 08-11-2023 *\/ .elementor-heading-title{padding:0;margin:0;line-height:1}.elementor-widget-heading .elementor-heading-title[class*=elementor-size-]&gt;a{color:inherit;font-size:inherit;line-height:inherit}.elementor-widget-heading .elementor-heading-title.elementor-size-small{font-size:15px}.elementor-widget-heading .elementor-heading-title.elementor-size-medium{font-size:19px}.elementor-widget-heading .elementor-heading-title.elementor-size-large{font-size:29px}.elementor-widget-heading .elementor-heading-title.elementor-size-xl{font-size:39px}.elementor-widget-heading .elementor-heading-title.elementor-size-xxl{font-size:59px} Despre noi Compania SRL \u201eCHIRA-PRIM\u201d a fost fondat\u0103 \u00een anul 2006. Activitatea principal\u0103 a firmei const\u0103 \u00een importul de hran\u0103 \u0219i umpluturi pentru animale de companie (pisici \u0219i c\u00e2ini) din Italia \u0219i Turcia, cu ulterioara comercializare pe teritoriul Republicii Moldova. \/*! [&hellip;]<\/p>\n","protected":false},"author":2,"featured_media":0,"parent":0,"menu_order":0,"comment_status":"closed","ping_status":"closed","template":"","meta":{"footnotes":""},"class_list":["post-3127","page","type-page","status-publish","hentry"],"_links":{"self":[{"href":"https:\/\/chiraprim.com\/ro\/wp-json\/wp\/v2\/pages\/3127","targetHints":{"allow":["GET"]}}],"collection":[{"href":"https:\/\/chiraprim.com\/ro\/wp-json\/wp\/v2\/pages"}],"about":[{"href":"https:\/\/chiraprim.com\/ro\/wp-json\/wp\/v2\/types\/page"}],"author":[{"embeddable":true,"href":"https:\/\/chiraprim.com\/ro\/wp-json\/wp\/v2\/users\/2"}],"replies":[{"embeddable":true,"href":"https:\/\/chiraprim.com\/ro\/wp-json\/wp\/v2\/comments?post=3127"}],"version-history":[{"count":25,"href":"https:\/\/chiraprim.com\/ro\/wp-json\/wp\/v2\/pages\/3127\/revisions"}],"predecessor-version":[{"id":4049,"href":"https:\/\/chiraprim.com\/ro\/wp-json\/wp\/v2\/pages\/3127\/revisions\/4049"}],"wp:attachment":[{"href":"https:\/\/chiraprim.com\/ro\/wp-json\/wp\/v2\/media?parent=3127"}],"curies":[{"name":"wp","href":"https:\/\/api.w.org\/{rel}","templated":true}]}}