{"id":8112,"date":"2025-10-14T12:52:09","date_gmt":"2025-10-14T10:52:09","guid":{"rendered":"https:\/\/chiraprim.com\/?page_id=8112"},"modified":"2025-10-14T13:15:18","modified_gmt":"2025-10-14T11:15:18","slug":"livrare-si-achitare","status":"publish","type":"page","link":"https:\/\/chiraprim.com\/ro\/livrare-si-achitare\/","title":{"rendered":"Livrare \u0219i Achitare"},"content":{"rendered":"\t\t<div data-elementor-type=\"wp-page\" data-elementor-id=\"8112\" class=\"elementor elementor-8112\" data-elementor-post-type=\"page\">\n\t\t\t\t\t\t<section class=\"elementor-section elementor-top-section elementor-element elementor-element-9068178 elementor-section-boxed elementor-section-height-default elementor-section-height-default\" data-id=\"9068178\" data-element_type=\"section\" data-settings=\"{&quot;background_background&quot;:&quot;classic&quot;}\">\n\t\t\t\t\t\t<div class=\"elementor-container elementor-column-gap-default\">\n\t\t\t\t\t<div class=\"elementor-column elementor-col-100 elementor-top-column elementor-element elementor-element-01f95f5\" data-id=\"01f95f5\" data-element_type=\"column\">\n\t\t\t<div class=\"elementor-widget-wrap elementor-element-populated\">\n\t\t\t\t\t\t<div class=\"elementor-element elementor-element-72246a3 elementor-widget__width-initial elementor-widget elementor-widget-heading\" data-id=\"72246a3\" data-element_type=\"widget\" data-widget_type=\"heading.default\">\n\t\t\t\t\t<h2 class=\"elementor-heading-title elementor-size-default\">Livrare \u0219i Achitare<\/h2>\t\t\t\t<\/div>\n\t\t\t\t\t<\/div>\n\t\t<\/div>\n\t\t\t\t\t<\/div>\n\t\t<\/section>\n\t\t\t\t<section class=\"elementor-section elementor-top-section elementor-element elementor-element-553d7ca elementor-section-boxed elementor-section-height-default elementor-section-height-default\" data-id=\"553d7ca\" data-element_type=\"section\">\n\t\t\t\t\t\t<div class=\"elementor-container elementor-column-gap-default\">\n\t\t\t\t\t<div class=\"elementor-column elementor-col-100 elementor-top-column elementor-element elementor-element-edd5780\" data-id=\"edd5780\" data-element_type=\"column\">\n\t\t\t<div class=\"elementor-widget-wrap elementor-element-populated\">\n\t\t\t\t\t\t<div class=\"elementor-element elementor-element-cd2f6ae elementor-widget__width-initial elementor-widget elementor-widget-text-editor\" data-id=\"cd2f6ae\" data-element_type=\"widget\" data-widget_type=\"text-editor.default\">\n\t\t\t\t\t\t\t\t\t<h4>Totul pentru anim\u0103lu\u021bele voastre de companie \u2013 cu grij\u0103 \u0219i dragoste<\/h4><p style=\"text-align: justify;\"><span style=\"font-size: 1rem;\">Pentru a plasa o comand\u0103, pur \u0219i simplu suna\u021bi-ne:<\/span><\/p><p class=\"p1\"><span class=\"s1\">\ud83d\udcde <\/span>060109800<span class=\"s1\"> | \ud83d\udcde <\/span>069263487<\/p><p>Deocamdat\u0103, comenzile nu se pot plasa pe site, dar prin telefon le vom procesa rapid pe toate \u0219i v\u0103 vom ajuta cu pl\u0103cere.<\/p><h4><strong>Livrarea<\/strong><\/h4><p>\ud83d\ude9a Livrarea se efectueaz\u0103 de luni p\u00e2n\u0103 vineri, p\u00e2n\u0103 la ora 17:00.<\/p><p>Livrarea se efectueaz\u0103 p\u00e2n\u0103 la u\u0219a casei \/ biroului dumneavoastr\u0103.<\/p><h4><strong>Plata<\/strong><\/h4><p>\ud83d\udcb5 Plata este posibil\u0103 doar \u00een numerar la primire.<\/p><ul><li>Suma minim\u0103 de comand\u0103 este de 500 de lei.<\/li><li>Costul livr\u0103rii \u00een ora\u0219 este de 50 de lei.<\/li><li>La comenzi de peste 1000 de lei, livrarea \u00een ora\u0219 este gratuit\u0103.<\/li><\/ul><p>Costul livr\u0103rii \u00een afara ora\u0219ului depinde de destina\u021bie.<\/p><p><span style=\"color: #ff0000;\"><strong>Not\u0103:<\/strong><\/span> Pentru a afla costul exact al livr\u0103rii \u00een alte localit\u0103\u021bi, v\u0103 rug\u0103m s\u0103 contacta\u021bi operatorii no\u0219tri!<\/p><p>\ud83c\udfea Dac\u0103 dori\u021bi, pute\u021bi ridica comanda personal din magazinul nostru:<\/p><p>\ud83d\udccd mun. Chi\u0219in\u0103u, str. Uzinelor, 9\/1<\/p><p>Plata la fa\u021ba locului \u2013 \u00een numerar sau cu cardul bancar.<\/p><p>V\u0103 mul\u021bumim c\u0103 ne \u00eencredin\u021ba\u021bi \u00eengrijirea animalului vostru de companie. Apreciem foarte mult acest lucru \u2764\ufe0f<\/p>\t\t\t\t\t\t\t\t<\/div>\n\t\t\t\t<div class=\"elementor-element elementor-element-84d04c9 elementor-widget__width-initial elementor-widget elementor-widget-image\" data-id=\"84d04c9\" data-element_type=\"widget\" data-widget_type=\"image.default\">\n\t\t\t\t\t\t\t\t\t\t\t\t\t\t\t<img fetchpriority=\"high\" decoding=\"async\" width=\"453\" height=\"384\" src=\"https:\/\/chiraprim.com\/wp-content\/uploads\/2024\/03\/image_Dog_Dog_expertCarePremium-removebg-preview-e1709646994513.png\" class=\"attachment-medium size-medium wp-image-4227\" alt=\"\" \/>\t\t\t\t\t\t\t\t\t\t\t\t\t\t\t<\/div>\n\t\t\t\t\t<\/div>\n\t\t<\/div>\n\t\t\t\t\t<\/div>\n\t\t<\/section>\n\t\t<div class=\"elementor-element elementor-element-5fe404c e-flex e-con-boxed e-con e-parent\" data-id=\"5fe404c\" data-element_type=\"container\">\n\t\t\t\t\t<div class=\"e-con-inner\">\n\t\t\t\t<div class=\"elementor-element elementor-element-fd370d6 elementor-widget elementor-widget-google_maps\" data-id=\"fd370d6\" data-element_type=\"widget\" data-widget_type=\"google_maps.default\">\n\t\t\t\t\t\t\t<div class=\"elementor-custom-embed\">\n\t\t\t<iframe loading=\"lazy\"\n\t\t\t\t\tsrc=\"https:\/\/maps.google.com\/maps?q=Strada%20Uzinelor%209%2F1%2C%20Chi%C8%99in%C4%83u%2C%20Moldova&#038;t=m&#038;z=12&#038;output=embed&#038;iwloc=near\"\n\t\t\t\t\ttitle=\"Strada Uzinelor 9\/1, Chi\u0219in\u0103u, Moldova\"\n\t\t\t\t\taria-label=\"Strada Uzinelor 9\/1, Chi\u0219in\u0103u, Moldova\"\n\t\t\t><\/iframe>\n\t\t<\/div>\n\t\t\t\t\t\t<\/div>\n\t\t\t\t\t<\/div>\n\t\t\t\t<\/div>\n\t\t\t\t<\/div>\n\t\t","protected":false},"excerpt":{"rendered":"<p>Livrare \u0219i Achitare Totul pentru anim\u0103lu\u021bele voastre de companie \u2013 cu grij\u0103 \u0219i dragoste Pentru a plasa o comand\u0103, pur \u0219i simplu suna\u021bi-ne: \ud83d\udcde 060109800 | \ud83d\udcde 069263487 Deocamdat\u0103, comenzile nu se pot plasa pe site, dar prin telefon le vom procesa rapid pe toate \u0219i v\u0103 vom ajuta cu pl\u0103cere. Livrarea \ud83d\ude9a Livrarea se [&hellip;]<\/p>\n","protected":false},"author":3,"featured_media":0,"parent":0,"menu_order":0,"comment_status":"closed","ping_status":"closed","template":"","meta":{"footnotes":""},"class_list":["post-8112","page","type-page","status-publish","hentry"],"_links":{"self":[{"href":"https:\/\/chiraprim.com\/ro\/wp-json\/wp\/v2\/pages\/8112","targetHints":{"allow":["GET"]}}],"collection":[{"href":"https:\/\/chiraprim.com\/ro\/wp-json\/wp\/v2\/pages"}],"about":[{"href":"https:\/\/chiraprim.com\/ro\/wp-json\/wp\/v2\/types\/page"}],"author":[{"embeddable":true,"href":"https:\/\/chiraprim.com\/ro\/wp-json\/wp\/v2\/users\/3"}],"replies":[{"embeddable":true,"href":"https:\/\/chiraprim.com\/ro\/wp-json\/wp\/v2\/comments?post=8112"}],"version-history":[{"count":13,"href":"https:\/\/chiraprim.com\/ro\/wp-json\/wp\/v2\/pages\/8112\/revisions"}],"predecessor-version":[{"id":8130,"href":"https:\/\/chiraprim.com\/ro\/wp-json\/wp\/v2\/pages\/8112\/revisions\/8130"}],"wp:attachment":[{"href":"https:\/\/chiraprim.com\/ro\/wp-json\/wp\/v2\/media?parent=8112"}],"curies":[{"name":"wp","href":"https:\/\/api.w.org\/{rel}","templated":true}]}}