{"id":8201,"date":"2025-10-14T15:48:31","date_gmt":"2025-10-14T13:48:31","guid":{"rendered":"https:\/\/chiraprim.com\/?page_id=8201"},"modified":"2025-10-14T15:59:54","modified_gmt":"2025-10-14T13:59:54","slug":"contacte","status":"publish","type":"page","link":"https:\/\/chiraprim.com\/ro\/contacte\/","title":{"rendered":"Contacte"},"content":{"rendered":"\t\t<div data-elementor-type=\"wp-page\" data-elementor-id=\"8201\" class=\"elementor elementor-8201\" data-elementor-post-type=\"page\">\n\t\t\t\t\t\t<section class=\"elementor-section elementor-top-section elementor-element elementor-element-9068178 elementor-section-boxed elementor-section-height-default elementor-section-height-default\" data-id=\"9068178\" data-element_type=\"section\" data-settings=\"{&quot;background_background&quot;:&quot;classic&quot;}\">\n\t\t\t\t\t\t<div class=\"elementor-container elementor-column-gap-default\">\n\t\t\t\t\t<div class=\"elementor-column elementor-col-100 elementor-top-column elementor-element elementor-element-01f95f5\" data-id=\"01f95f5\" data-element_type=\"column\">\n\t\t\t<div class=\"elementor-widget-wrap elementor-element-populated\">\n\t\t\t\t\t\t<div class=\"elementor-element elementor-element-72246a3 elementor-widget__width-initial elementor-widget elementor-widget-heading\" data-id=\"72246a3\" data-element_type=\"widget\" data-widget_type=\"heading.default\">\n\t\t\t\t\t<h2 class=\"elementor-heading-title elementor-size-default\">Contacte<\/h2>\t\t\t\t<\/div>\n\t\t\t\t\t<\/div>\n\t\t<\/div>\n\t\t\t\t\t<\/div>\n\t\t<\/section>\n\t\t\t\t<section class=\"elementor-section elementor-top-section elementor-element elementor-element-7122d70 elementor-section-boxed elementor-section-height-default elementor-section-height-default\" data-id=\"7122d70\" data-element_type=\"section\">\n\t\t\t\t\t\t<div class=\"elementor-container elementor-column-gap-default\">\n\t\t\t\t\t<div class=\"elementor-column elementor-col-50 elementor-top-column elementor-element elementor-element-e971df1\" data-id=\"e971df1\" data-element_type=\"column\">\n\t\t\t<div class=\"elementor-widget-wrap elementor-element-populated\">\n\t\t\t\t\t\t<div class=\"elementor-element elementor-element-8d2599c elementor-widget elementor-widget-text-editor\" data-id=\"8d2599c\" data-element_type=\"widget\" data-widget_type=\"text-editor.default\">\n\t\t\t\t\t\t\t\t\t<h3><strong>Compania<\/strong><\/h3>\n<p style=\"text-align: justify\"><span style=\"font-weight: bolder;\">SRL \u201eCHIRA-PRIM\u201d<\/span>&nbsp;a fost fondat\u0103 \u00een anul 2006. Activitatea principal\u0103 a firmei const\u0103 \u00een importul de hran\u0103 \u0219i umpluturi pentru animale de companie (pisici \u0219i c\u00e2ini) din Italia \u0219i Turcia, cu ulterioara comercializare pe teritoriul Republicii Moldova.<\/p>\t\t\t\t\t\t\t\t<\/div>\n\t\t\t\t\t<\/div>\n\t\t<\/div>\n\t\t\t\t<div class=\"elementor-column elementor-col-50 elementor-top-column elementor-element elementor-element-72c3a95\" data-id=\"72c3a95\" data-element_type=\"column\">\n\t\t\t<div class=\"elementor-widget-wrap elementor-element-populated\">\n\t\t\t\t\t\t<div class=\"elementor-element elementor-element-76ff7b4 elementor-widget elementor-widget-image\" data-id=\"76ff7b4\" data-element_type=\"widget\" data-widget_type=\"image.default\">\n\t\t\t\t\t\t\t\t\t\t\t\t\t\t\t<img fetchpriority=\"high\" decoding=\"async\" width=\"800\" height=\"181\" src=\"https:\/\/chiraprim.com\/wp-content\/uploads\/2021\/10\/chira-prim-1024x232.png\" class=\"attachment-large size-large wp-image-1801\" alt=\"\" srcset=\"https:\/\/chiraprim.com\/wp-content\/uploads\/2021\/10\/chira-prim-1024x232.png 1024w, https:\/\/chiraprim.com\/wp-content\/uploads\/2021\/10\/chira-prim-560x127.png 560w, https:\/\/chiraprim.com\/wp-content\/uploads\/2021\/10\/chira-prim-600x136.png 600w, https:\/\/chiraprim.com\/wp-content\/uploads\/2021\/10\/chira-prim-768x174.png 768w, https:\/\/chiraprim.com\/wp-content\/uploads\/2021\/10\/chira-prim-1536x348.png 1536w, https:\/\/chiraprim.com\/wp-content\/uploads\/2021\/10\/chira-prim-2048x464.png 2048w\" sizes=\"(max-width: 800px) 100vw, 800px\" \/>\t\t\t\t\t\t\t\t\t\t\t\t\t\t\t<\/div>\n\t\t\t\t\t<\/div>\n\t\t<\/div>\n\t\t\t\t\t<\/div>\n\t\t<\/section>\n\t\t\t\t<section class=\"elementor-section elementor-top-section elementor-element elementor-element-fd22606 elementor-section-boxed elementor-section-height-default elementor-section-height-default\" data-id=\"fd22606\" data-element_type=\"section\">\n\t\t\t\t\t\t<div class=\"elementor-container elementor-column-gap-default\">\n\t\t\t\t\t<div class=\"elementor-column elementor-col-50 elementor-top-column elementor-element elementor-element-6a4621f\" data-id=\"6a4621f\" data-element_type=\"column\">\n\t\t\t<div class=\"elementor-widget-wrap elementor-element-populated\">\n\t\t\t\t\t\t<div class=\"elementor-element elementor-element-81e7f1a elementor-widget elementor-widget-google_maps\" data-id=\"81e7f1a\" data-element_type=\"widget\" data-widget_type=\"google_maps.default\">\n\t\t\t\t\t\t\t<div class=\"elementor-custom-embed\">\n\t\t\t<iframe loading=\"lazy\"\n\t\t\t\t\tsrc=\"https:\/\/maps.google.com\/maps?q=Strada%20Uzinelor%209%2F1%2C%20Chi%C8%99in%C4%83u%2C%20Moldova&#038;t=m&#038;z=10&#038;output=embed&#038;iwloc=near\"\n\t\t\t\t\ttitle=\"Strada Uzinelor 9\/1, Chi\u0219in\u0103u, Moldova\"\n\t\t\t\t\taria-label=\"Strada Uzinelor 9\/1, Chi\u0219in\u0103u, Moldova\"\n\t\t\t><\/iframe>\n\t\t<\/div>\n\t\t\t\t\t\t<\/div>\n\t\t\t\t\t<\/div>\n\t\t<\/div>\n\t\t\t\t<div class=\"elementor-column elementor-col-50 elementor-top-column elementor-element elementor-element-a0b73c2\" data-id=\"a0b73c2\" data-element_type=\"column\">\n\t\t\t<div class=\"elementor-widget-wrap elementor-element-populated\">\n\t\t\t\t\t\t<div class=\"elementor-element elementor-element-dcd4ec9 elementor-widget__width-initial elementor-widget elementor-widget-text-editor\" data-id=\"dcd4ec9\" data-element_type=\"widget\" data-widget_type=\"text-editor.default\">\n\t\t\t\t\t\t\t\t\t<h3 class=\"elementor-heading-title elementor-size-large elementor-inline-editing pen\" contenteditable=\"true\" data-elementor-setting-key=\"title\" data-pen-placeholder=\"Type Here...\">Datele noastre de contact<\/h3><p>\u00a0<\/p><p style=\"text-align: justify;\">Tel.: +373 69 263 487<br \/>Tel.: +373 60 109 800<br \/>E-mail: chira-prim@mail.ru<br \/>SRL &#8222;CHIRA-PRIM&#8221;<br \/>Str. Uzinelor 9\/1<br \/>M. Chisinau, sect. Ciocana, R. Moldova<\/p>\t\t\t\t\t\t\t\t<\/div>\n\t\t\t\t\t<\/div>\n\t\t<\/div>\n\t\t\t\t\t<\/div>\n\t\t<\/section>\n\t\t\t\t<\/div>\n\t\t","protected":false},"excerpt":{"rendered":"<p>Contacte Compania SRL \u201eCHIRA-PRIM\u201d&nbsp;a fost fondat\u0103 \u00een anul 2006. Activitatea principal\u0103 a firmei const\u0103 \u00een importul de hran\u0103 \u0219i umpluturi pentru animale de companie (pisici \u0219i c\u00e2ini) din Italia \u0219i Turcia, cu ulterioara comercializare pe teritoriul Republicii Moldova. Datele noastre de contact \u00a0 Tel.: +373 69 263 487Tel.: +373 60 109 800E-mail: chira-prim@mail.ruSRL &#8222;CHIRA-PRIM&#8221;Str. Uzinelor [&hellip;]<\/p>\n","protected":false},"author":3,"featured_media":0,"parent":0,"menu_order":0,"comment_status":"closed","ping_status":"closed","template":"","meta":{"footnotes":""},"class_list":["post-8201","page","type-page","status-publish","hentry"],"_links":{"self":[{"href":"https:\/\/chiraprim.com\/ro\/wp-json\/wp\/v2\/pages\/8201","targetHints":{"allow":["GET"]}}],"collection":[{"href":"https:\/\/chiraprim.com\/ro\/wp-json\/wp\/v2\/pages"}],"about":[{"href":"https:\/\/chiraprim.com\/ro\/wp-json\/wp\/v2\/types\/page"}],"author":[{"embeddable":true,"href":"https:\/\/chiraprim.com\/ro\/wp-json\/wp\/v2\/users\/3"}],"replies":[{"embeddable":true,"href":"https:\/\/chiraprim.com\/ro\/wp-json\/wp\/v2\/comments?post=8201"}],"version-history":[{"count":4,"href":"https:\/\/chiraprim.com\/ro\/wp-json\/wp\/v2\/pages\/8201\/revisions"}],"predecessor-version":[{"id":8207,"href":"https:\/\/chiraprim.com\/ro\/wp-json\/wp\/v2\/pages\/8201\/revisions\/8207"}],"wp:attachment":[{"href":"https:\/\/chiraprim.com\/ro\/wp-json\/wp\/v2\/media?parent=8201"}],"curies":[{"name":"wp","href":"https:\/\/api.w.org\/{rel}","templated":true}]}}