{"id":3953,"date":"2024-02-29T10:26:38","date_gmt":"2024-02-29T08:26:38","guid":{"rendered":"https:\/\/chiraprim.com\/?post_type=product&#038;p=3953"},"modified":"2025-07-17T17:42:45","modified_gmt":"2025-07-17T15:42:45","slug":"bucati-in-sos-pentru-caini-gaina-si-curcan-0405kg","status":"publish","type":"product","link":"https:\/\/chiraprim.com\/ro\/produs\/bucati-in-sos-pentru-caini-gaina-si-curcan-0405kg\/","title":{"rendered":"Buc\u0103\u021bi \u00een sos pentru c\u00e2ini G\u0103in\u0103 \u0219i Curcan 0,405Kg"},"content":{"rendered":"<p>Hrana completa si echilibrata pentru animale de companie. Usor digerabil si mare palatabilitate.<br \/>\nContinut nutritional excelent de vitamine si minerale. CARACTERISTICI NUTRItIONALE<br \/>\nCompozitie:<br \/>\nCarne si derivate animale 30% (pui 5%, curcan 5%), cereale, minerale.<br \/>\nCONSTITUENtI ANALITICI:<br \/>\nUmiditate 80%, proteina bruta 7%, grasime bruta 4,5%, fibre brute 1%, cenusa bruta 3%.<br \/>\nAditivi: aditivi nutritivi \/ kg: Vitamina A 1000 UI, Vitamina D3 100 UI, Vitamina E 10 mg, Zinc (sulfat de Zinc monohidrat) 10 mg, cupru (sulfat de cupru (II)<br \/>\npentahidrat) 2 mg.<br \/>\nCUM Sa UTILIZAtI:<br \/>\nProdusul este gata de utilizare.<br \/>\nINSTRUCtIUNI DE DEPOZITARE:<br \/>\nDepozitati produsul \u00eentr-un loc racoros si uscat<\/p>\n","protected":false},"excerpt":{"rendered":"<p>Hrana completa si echilibrata pentru animale de companie. Usor digerabil si mare palatabilitate. Continut nutritional excelent de vitamine si minerale. CARACTERISTICI NUTRItIONALE Compozitie: Carne si derivate animale 30% (pui 5%, curcan 5%), cereale, minerale. CONSTITUENtI ANALITICI: Umiditate 80%, proteina bruta 7%, grasime bruta 4,5%, fibre brute 1%, cenusa bruta 3%. Aditivi: aditivi nutritivi \/ kg: [&hellip;]<\/p>\n","protected":false},"featured_media":3844,"template":"","meta":[],"product_brand":[],"product_cat":[481,483,499],"product_tag":[],"class_list":{"0":"post-3953","1":"product","2":"type-product","3":"status-publish","4":"has-post-thumbnail","6":"product_cat-dogs-ro","7":"product_cat-hrana-2","8":"product_cat-snackuri","10":"first","11":"outofstock","12":"taxable","13":"shipping-taxable","14":"purchasable","15":"product-type-simple"},"_links":{"self":[{"href":"https:\/\/chiraprim.com\/ro\/wp-json\/wp\/v2\/product\/3953","targetHints":{"allow":["GET"]}}],"collection":[{"href":"https:\/\/chiraprim.com\/ro\/wp-json\/wp\/v2\/product"}],"about":[{"href":"https:\/\/chiraprim.com\/ro\/wp-json\/wp\/v2\/types\/product"}],"version-history":[{"count":3,"href":"https:\/\/chiraprim.com\/ro\/wp-json\/wp\/v2\/product\/3953\/revisions"}],"predecessor-version":[{"id":5360,"href":"https:\/\/chiraprim.com\/ro\/wp-json\/wp\/v2\/product\/3953\/revisions\/5360"}],"wp:featuredmedia":[{"embeddable":true,"href":"https:\/\/chiraprim.com\/ro\/wp-json\/wp\/v2\/media\/3844"}],"wp:attachment":[{"href":"https:\/\/chiraprim.com\/ro\/wp-json\/wp\/v2\/media?parent=3953"}],"wp:term":[{"taxonomy":"product_brand","embeddable":true,"href":"https:\/\/chiraprim.com\/ro\/wp-json\/wp\/v2\/product_brand?post=3953"},{"taxonomy":"product_cat","embeddable":true,"href":"https:\/\/chiraprim.com\/ro\/wp-json\/wp\/v2\/product_cat?post=3953"},{"taxonomy":"product_tag","embeddable":true,"href":"https:\/\/chiraprim.com\/ro\/wp-json\/wp\/v2\/product_tag?post=3953"}],"curies":[{"name":"wp","href":"https:\/\/api.w.org\/{rel}","templated":true}]}}