{"id":3959,"date":"2024-02-29T10:34:47","date_gmt":"2024-02-29T08:34:47","guid":{"rendered":"https:\/\/chiraprim.com\/?post_type=product&#038;p=3959"},"modified":"2025-07-17T17:40:19","modified_gmt":"2025-07-17T15:40:19","slug":"bucati-in-sos-pentru-caine-vita-1250kg","status":"publish","type":"product","link":"https:\/\/chiraprim.com\/ro\/produs\/bucati-in-sos-pentru-caine-vita-1250kg\/","title":{"rendered":"Buc\u0103\u021bi \u00een sos pentru c\u00e2ine Vit\u0103 1,250Kg"},"content":{"rendered":"<div class=\"wtb-atts-panel opened\">\n<div class=\"wtb-atts-panel-body\">Nutritie completa si echilibrata pentru animale de companie. Acest aliment este extrem de apetisant, usor digerabil si contine un set optim de nutrienti, vitamine si minerale. PROPRIETatI NUTRItIONALE<br \/>\ncompozitie:<br \/>\nCarne si produse de origine animala-30% (carne de vita &#8211; 5%), cereale, minerale.<br \/>\nCOMPONENTE ANALITICE:<br \/>\nUmiditate 80%, proteina bruta 7%, grasime bruta 4,5%, fibra bruta 1%, cenusa bruta 3%.<br \/>\nSuplimente nutritive \/ kg: Vitamina A 1000 UI, Vitamina D3 100 UI, vitamina E 10 mg, zinc (sulfat de zinc monohidrat) 10 mg, cupru (sulfat de cupru(II) pentahidrat) 2 mg.<br \/>\ncum sa utilizati:<br \/>\nProdusul este gata de utilizare.<br \/>\nINSTRUCtIUNI DE DEPOZITARE:<br \/>\nDepozitati produsul \u00eentr-un loc racoros si uscat.<\/div>\n<\/div>\n","protected":false},"excerpt":{"rendered":"<p>Nutritie completa si echilibrata pentru animale de companie. Acest aliment este extrem de apetisant, usor digerabil si contine un set optim de nutrienti, vitamine si minerale. PROPRIETatI NUTRItIONALE compozitie: Carne si produse de origine animala-30% (carne de vita &#8211; 5%), cereale, minerale. COMPONENTE ANALITICE: Umiditate 80%, proteina bruta 7%, grasime bruta 4,5%, fibra bruta 1%, [&hellip;]<\/p>\n","protected":false},"featured_media":3839,"template":"","meta":[],"product_brand":[],"product_cat":[481,483,499],"product_tag":[],"class_list":{"0":"post-3959","1":"product","2":"type-product","3":"status-publish","4":"has-post-thumbnail","6":"product_cat-dogs-ro","7":"product_cat-hrana-2","8":"product_cat-snackuri","10":"first","11":"outofstock","12":"taxable","13":"shipping-taxable","14":"purchasable","15":"product-type-simple"},"_links":{"self":[{"href":"https:\/\/chiraprim.com\/ro\/wp-json\/wp\/v2\/product\/3959","targetHints":{"allow":["GET"]}}],"collection":[{"href":"https:\/\/chiraprim.com\/ro\/wp-json\/wp\/v2\/product"}],"about":[{"href":"https:\/\/chiraprim.com\/ro\/wp-json\/wp\/v2\/types\/product"}],"version-history":[{"count":4,"href":"https:\/\/chiraprim.com\/ro\/wp-json\/wp\/v2\/product\/3959\/revisions"}],"predecessor-version":[{"id":7721,"href":"https:\/\/chiraprim.com\/ro\/wp-json\/wp\/v2\/product\/3959\/revisions\/7721"}],"wp:featuredmedia":[{"embeddable":true,"href":"https:\/\/chiraprim.com\/ro\/wp-json\/wp\/v2\/media\/3839"}],"wp:attachment":[{"href":"https:\/\/chiraprim.com\/ro\/wp-json\/wp\/v2\/media?parent=3959"}],"wp:term":[{"taxonomy":"product_brand","embeddable":true,"href":"https:\/\/chiraprim.com\/ro\/wp-json\/wp\/v2\/product_brand?post=3959"},{"taxonomy":"product_cat","embeddable":true,"href":"https:\/\/chiraprim.com\/ro\/wp-json\/wp\/v2\/product_cat?post=3959"},{"taxonomy":"product_tag","embeddable":true,"href":"https:\/\/chiraprim.com\/ro\/wp-json\/wp\/v2\/product_tag?post=3959"}],"curies":[{"name":"wp","href":"https:\/\/api.w.org\/{rel}","templated":true}]}}