{"id":4534,"date":"2024-06-28T11:15:59","date_gmt":"2024-06-28T09:15:59","guid":{"rendered":"https:\/\/chiraprim.com\/?post_type=product&#038;p=4534"},"modified":"2025-07-16T13:53:31","modified_gmt":"2025-07-16T11:53:31","slug":"os-pentru-caine-din-piele-presata-cod-9-1","status":"publish","type":"product","link":"https:\/\/chiraprim.com\/ro\/produs\/os-pentru-caine-din-piele-presata-cod-9-1\/","title":{"rendered":"Os pentru c\u00e2ine din piele presat\u0103 (cod 9-1)"},"content":{"rendered":"<p><strong>OASE PIELE PRESAT<\/strong><strong>\u0102<\/strong> <strong>9 cm<\/strong>\u00a0reprezint\u0103 recompense din piele presat\u0103 pentru c\u00e2ini, care le stimuleaz\u0103 acestora instinctul natural de a roade. Recompensele din piele presat\u0103 asigur\u0103 igiena dentar\u0103 prin cur\u0103\u021barea mecanic\u0103 a din\u021bilor, reduc placa dentar\u0103 \u0219i previn apari\u021bia tartrului.<\/p>\n","protected":false},"excerpt":{"rendered":"<p>OASE PIELE PRESAT\u0102 9 cm\u00a0reprezint\u0103 recompense din piele presat\u0103 pentru c\u00e2ini, care le stimuleaz\u0103 acestora instinctul natural de a roade. Recompensele din piele presat\u0103 asigur\u0103 igiena dentar\u0103 prin cur\u0103\u021barea mecanic\u0103 a din\u021bilor, reduc placa dentar\u0103 \u0219i previn apari\u021bia tartrului.<\/p>\n","protected":false},"featured_media":4531,"template":"","meta":[],"product_brand":[],"product_cat":[481,489,497],"product_tag":[],"class_list":{"0":"post-4534","1":"product","2":"type-product","3":"status-publish","4":"has-post-thumbnail","6":"product_cat-dogs-ro","7":"product_cat-accesorii-3","8":"product_cat-jucarii-2","10":"first","11":"outofstock","12":"taxable","13":"shipping-taxable","14":"purchasable","15":"product-type-simple"},"_links":{"self":[{"href":"https:\/\/chiraprim.com\/ro\/wp-json\/wp\/v2\/product\/4534","targetHints":{"allow":["GET"]}}],"collection":[{"href":"https:\/\/chiraprim.com\/ro\/wp-json\/wp\/v2\/product"}],"about":[{"href":"https:\/\/chiraprim.com\/ro\/wp-json\/wp\/v2\/types\/product"}],"version-history":[{"count":3,"href":"https:\/\/chiraprim.com\/ro\/wp-json\/wp\/v2\/product\/4534\/revisions"}],"predecessor-version":[{"id":4683,"href":"https:\/\/chiraprim.com\/ro\/wp-json\/wp\/v2\/product\/4534\/revisions\/4683"}],"wp:featuredmedia":[{"embeddable":true,"href":"https:\/\/chiraprim.com\/ro\/wp-json\/wp\/v2\/media\/4531"}],"wp:attachment":[{"href":"https:\/\/chiraprim.com\/ro\/wp-json\/wp\/v2\/media?parent=4534"}],"wp:term":[{"taxonomy":"product_brand","embeddable":true,"href":"https:\/\/chiraprim.com\/ro\/wp-json\/wp\/v2\/product_brand?post=4534"},{"taxonomy":"product_cat","embeddable":true,"href":"https:\/\/chiraprim.com\/ro\/wp-json\/wp\/v2\/product_cat?post=4534"},{"taxonomy":"product_tag","embeddable":true,"href":"https:\/\/chiraprim.com\/ro\/wp-json\/wp\/v2\/product_tag?post=4534"}],"curies":[{"name":"wp","href":"https:\/\/api.w.org\/{rel}","templated":true}]}}