{"id":4707,"date":"2025-05-21T10:04:51","date_gmt":"2025-05-21T08:04:51","guid":{"rendered":"https:\/\/chiraprim.com\/?post_type=product&#038;p=4707"},"modified":"2025-07-16T13:47:54","modified_gmt":"2025-07-16T11:47:54","slug":"%d1%81-2-stalp-pentru-zgariat-cu-baza-%d0%bf%d1%83%d1%85%d0%bd%d0%b0%d1%81%d1%82%d0%b8%d0%ba%d0%b8-gri-30-55-cm","status":"publish","type":"product","link":"https:\/\/chiraprim.com\/ro\/produs\/%d1%81-2-stalp-pentru-zgariat-cu-baza-%d0%bf%d1%83%d1%85%d0%bd%d0%b0%d1%81%d1%82%d0%b8%d0%ba%d0%b8-gri-30-55-cm\/","title":{"rendered":"\u0421-2 St\u00e2lp pentru zg\u00e2riat cu baz\u0103 &#8222;\u041f\u0443\u0445\u043d\u0430\u0441\u0442\u0438\u043a\u0438&#8221; gri, 30\/55 cm"},"content":{"rendered":"","protected":false},"excerpt":{"rendered":"","protected":false},"featured_media":4193,"template":"","meta":[],"product_brand":[],"product_cat":[447,464,473],"product_tag":[],"class_list":{"0":"post-4707","1":"product","2":"type-product","3":"status-publish","4":"has-post-thumbnail","6":"product_cat-cats-ro","7":"product_cat-accesorii-2","8":"product_cat-zgarietori","10":"first","11":"outofstock","12":"taxable","13":"shipping-taxable","14":"purchasable","15":"product-type-simple"},"_links":{"self":[{"href":"https:\/\/chiraprim.com\/ro\/wp-json\/wp\/v2\/product\/4707","targetHints":{"allow":["GET"]}}],"collection":[{"href":"https:\/\/chiraprim.com\/ro\/wp-json\/wp\/v2\/product"}],"about":[{"href":"https:\/\/chiraprim.com\/ro\/wp-json\/wp\/v2\/types\/product"}],"version-history":[{"count":1,"href":"https:\/\/chiraprim.com\/ro\/wp-json\/wp\/v2\/product\/4707\/revisions"}],"predecessor-version":[{"id":4708,"href":"https:\/\/chiraprim.com\/ro\/wp-json\/wp\/v2\/product\/4707\/revisions\/4708"}],"wp:featuredmedia":[{"embeddable":true,"href":"https:\/\/chiraprim.com\/ro\/wp-json\/wp\/v2\/media\/4193"}],"wp:attachment":[{"href":"https:\/\/chiraprim.com\/ro\/wp-json\/wp\/v2\/media?parent=4707"}],"wp:term":[{"taxonomy":"product_brand","embeddable":true,"href":"https:\/\/chiraprim.com\/ro\/wp-json\/wp\/v2\/product_brand?post=4707"},{"taxonomy":"product_cat","embeddable":true,"href":"https:\/\/chiraprim.com\/ro\/wp-json\/wp\/v2\/product_cat?post=4707"},{"taxonomy":"product_tag","embeddable":true,"href":"https:\/\/chiraprim.com\/ro\/wp-json\/wp\/v2\/product_tag?post=4707"}],"curies":[{"name":"wp","href":"https:\/\/api.w.org\/{rel}","templated":true}]}}