{"id":4711,"date":"2025-05-21T10:08:13","date_gmt":"2025-05-21T08:08:13","guid":{"rendered":"https:\/\/chiraprim.com\/?post_type=product&#038;p=4711"},"modified":"2025-07-16T13:46:10","modified_gmt":"2025-07-16T11:46:10","slug":"7-41-1-jucarie-trixie-95-cm","status":"publish","type":"product","link":"https:\/\/chiraprim.com\/ro\/produs\/7-41-1-jucarie-trixie-95-cm\/","title":{"rendered":"7-41\/1 Juc\u0103rie Trixie, 9,5 cm"},"content":{"rendered":"<p class=\"\" data-start=\"100\" data-end=\"354\"><strong data-start=\"100\" data-end=\"354\">Aceast\u0103 juc\u0103rie nu doar c\u0103 \u00eei ofer\u0103 animalului dumneavoastr\u0103 de companie o activitate distractiv\u0103, ci ajut\u0103 \u0219i la cur\u0103\u021barea cavit\u0103\u021bii bucale. Juc\u0103ria are caneluri speciale prev\u0103zute cu perii moi din cauciuc, care ajut\u0103 la \u00eendep\u0103rtarea pl\u0103cii dentare.<\/strong><\/p>\n<p class=\"\" data-start=\"356\" data-end=\"523\"><strong data-start=\"356\" data-end=\"523\">\u00cen interiorul canelurilor pot fi introduse diverse recompense pentru a spori interesul animalului. Ideal\u0103 pentru dresaj, ros, masaj gingival \u0219i cur\u0103\u021barea din\u021bilor.<\/strong><\/p>\n<p class=\"\" data-start=\"525\" data-end=\"885\"><strong data-start=\"525\" data-end=\"885\">O metod\u0103 popular\u0103 de utilizare a acestor mingi este umplerea spa\u021biilor pentru recompense cu past\u0103 delicioas\u0103, congelarea acesteia, iar apoi l\u0103sarea c\u00e2inelui s\u0103 o ling\u0103. Aceast\u0103 activitate are un efect calmant \u0219i poate fi folosit\u0103 pentru reducerea stresului, de exemplu \u00een timpul furtunilor sau \u00een situa\u021bii \u00een care c\u00e2inele se teme de zgomotele din exterior.<\/strong><\/p>\n","protected":false},"excerpt":{"rendered":"<p>Aceast\u0103 juc\u0103rie nu doar c\u0103 \u00eei ofer\u0103 animalului dumneavoastr\u0103 de companie o activitate distractiv\u0103, ci ajut\u0103 \u0219i la cur\u0103\u021barea cavit\u0103\u021bii bucale. Juc\u0103ria are caneluri speciale prev\u0103zute cu perii moi din cauciuc, care ajut\u0103 la \u00eendep\u0103rtarea pl\u0103cii dentare. \u00cen interiorul canelurilor pot fi introduse diverse recompense pentru a spori interesul animalului. Ideal\u0103 pentru dresaj, ros, masaj [&hellip;]<\/p>\n","protected":false},"featured_media":4185,"template":"","meta":[],"product_brand":[],"product_cat":[481,489,497],"product_tag":[],"class_list":{"0":"post-4711","1":"product","2":"type-product","3":"status-publish","4":"has-post-thumbnail","6":"product_cat-dogs-ro","7":"product_cat-accesorii-3","8":"product_cat-jucarii-2","10":"first","11":"outofstock","12":"taxable","13":"shipping-taxable","14":"purchasable","15":"product-type-simple"},"_links":{"self":[{"href":"https:\/\/chiraprim.com\/ro\/wp-json\/wp\/v2\/product\/4711","targetHints":{"allow":["GET"]}}],"collection":[{"href":"https:\/\/chiraprim.com\/ro\/wp-json\/wp\/v2\/product"}],"about":[{"href":"https:\/\/chiraprim.com\/ro\/wp-json\/wp\/v2\/types\/product"}],"version-history":[{"count":3,"href":"https:\/\/chiraprim.com\/ro\/wp-json\/wp\/v2\/product\/4711\/revisions"}],"predecessor-version":[{"id":4714,"href":"https:\/\/chiraprim.com\/ro\/wp-json\/wp\/v2\/product\/4711\/revisions\/4714"}],"wp:featuredmedia":[{"embeddable":true,"href":"https:\/\/chiraprim.com\/ro\/wp-json\/wp\/v2\/media\/4185"}],"wp:attachment":[{"href":"https:\/\/chiraprim.com\/ro\/wp-json\/wp\/v2\/media?parent=4711"}],"wp:term":[{"taxonomy":"product_brand","embeddable":true,"href":"https:\/\/chiraprim.com\/ro\/wp-json\/wp\/v2\/product_brand?post=4711"},{"taxonomy":"product_cat","embeddable":true,"href":"https:\/\/chiraprim.com\/ro\/wp-json\/wp\/v2\/product_cat?post=4711"},{"taxonomy":"product_tag","embeddable":true,"href":"https:\/\/chiraprim.com\/ro\/wp-json\/wp\/v2\/product_tag?post=4711"}],"curies":[{"name":"wp","href":"https:\/\/api.w.org\/{rel}","templated":true}]}}