{"id":4719,"date":"2025-05-21T10:12:03","date_gmt":"2025-05-21T08:12:03","guid":{"rendered":"https:\/\/chiraprim.com\/?post_type=product&#038;p=4719"},"modified":"2025-05-23T08:39:00","modified_gmt":"2025-05-23T06:39:00","slug":"7-41-2-jucarie-trixie-115-x-65-cm","status":"publish","type":"product","link":"https:\/\/chiraprim.com\/ro\/produs\/7-41-2-jucarie-trixie-115-x-65-cm\/","title":{"rendered":"7-41\/2 Juc\u0103rie Trixie, 11,5 \u00d7 6,5 cm"},"content":{"rendered":"<p class=\"\" data-start=\"140\" data-end=\"308\"><strong data-start=\"140\" data-end=\"308\">Juc\u0103ria ofer\u0103 animalului dumneavoastr\u0103 de companie nu doar o modalitate interesant\u0103 de a-\u0219i petrece timpul, ci \u0219i o metod\u0103 eficient\u0103 de cur\u0103\u021bare a cavit\u0103\u021bii bucale.<\/strong><\/p>\n<p class=\"\" data-start=\"310\" data-end=\"497\"><strong data-start=\"310\" data-end=\"497\">Dispune de caneluri speciale cu perii moi din cauciuc, concepute pentru \u00eendep\u0103rtarea pl\u0103cii dentare. \u00cen aceste caneluri pot fi introduse gust\u0103ri pentru a stimula interesul animalului.<\/strong><\/p>\n<p class=\"\" data-start=\"499\" data-end=\"563\"><strong data-start=\"499\" data-end=\"563\">Ideal\u0103 pentru dresaj, ros, masaj gingival \u0219i igiena dentar\u0103.<\/strong><\/p>\n<p class=\"\" data-start=\"565\" data-end=\"892\"><strong data-start=\"565\" data-end=\"892\">Un mod popular de utilizare a acestor mingi este umplerea spa\u021biilor speciale cu past\u0103 alimentar\u0103, congelarea acesteia, iar apoi l\u0103sarea c\u00e2inelui s\u0103 o ling\u0103. Aceast\u0103 activitate are un efect calmant \u0219i poate fi util\u0103 \u00een reducerea stresului, de exemplu \u00een timpul furtunilor sau c\u00e2nd c\u00e2inele este speriat de zgomotele de afar\u0103.<\/strong><\/p>\n","protected":false},"excerpt":{"rendered":"<p>Juc\u0103ria ofer\u0103 animalului dumneavoastr\u0103 de companie nu doar o modalitate interesant\u0103 de a-\u0219i petrece timpul, ci \u0219i o metod\u0103 eficient\u0103 de cur\u0103\u021bare a cavit\u0103\u021bii bucale. Dispune de caneluri speciale cu perii moi din cauciuc, concepute pentru \u00eendep\u0103rtarea pl\u0103cii dentare. \u00cen aceste caneluri pot fi introduse gust\u0103ri pentru a stimula interesul animalului. Ideal\u0103 pentru dresaj, ros, [&hellip;]<\/p>\n","protected":false},"featured_media":4182,"template":"","meta":[],"product_brand":[],"product_cat":[443],"product_tag":[],"class_list":{"0":"post-4719","1":"product","2":"type-product","3":"status-publish","4":"has-post-thumbnail","6":"product_cat-443","8":"first","9":"outofstock","10":"taxable","11":"shipping-taxable","12":"purchasable","13":"product-type-simple"},"_links":{"self":[{"href":"https:\/\/chiraprim.com\/ro\/wp-json\/wp\/v2\/product\/4719","targetHints":{"allow":["GET"]}}],"collection":[{"href":"https:\/\/chiraprim.com\/ro\/wp-json\/wp\/v2\/product"}],"about":[{"href":"https:\/\/chiraprim.com\/ro\/wp-json\/wp\/v2\/types\/product"}],"version-history":[{"count":1,"href":"https:\/\/chiraprim.com\/ro\/wp-json\/wp\/v2\/product\/4719\/revisions"}],"predecessor-version":[{"id":4720,"href":"https:\/\/chiraprim.com\/ro\/wp-json\/wp\/v2\/product\/4719\/revisions\/4720"}],"wp:featuredmedia":[{"embeddable":true,"href":"https:\/\/chiraprim.com\/ro\/wp-json\/wp\/v2\/media\/4182"}],"wp:attachment":[{"href":"https:\/\/chiraprim.com\/ro\/wp-json\/wp\/v2\/media?parent=4719"}],"wp:term":[{"taxonomy":"product_brand","embeddable":true,"href":"https:\/\/chiraprim.com\/ro\/wp-json\/wp\/v2\/product_brand?post=4719"},{"taxonomy":"product_cat","embeddable":true,"href":"https:\/\/chiraprim.com\/ro\/wp-json\/wp\/v2\/product_cat?post=4719"},{"taxonomy":"product_tag","embeddable":true,"href":"https:\/\/chiraprim.com\/ro\/wp-json\/wp\/v2\/product_tag?post=4719"}],"curies":[{"name":"wp","href":"https:\/\/api.w.org\/{rel}","templated":true}]}}