{"id":4732,"date":"2025-05-21T10:17:08","date_gmt":"2025-05-21T08:17:08","guid":{"rendered":"https:\/\/chiraprim.com\/?post_type=product&#038;p=4732"},"modified":"2025-07-16T13:43:34","modified_gmt":"2025-07-16T11:43:34","slug":"7-84-1-minge-cu-sfoara-5-cm","status":"publish","type":"product","link":"https:\/\/chiraprim.com\/ro\/produs\/7-84-1-minge-cu-sfoara-5-cm\/","title":{"rendered":"7-84\/1 Minge cu sfoar\u0103, 5 cm"},"content":{"rendered":"<p>Una dintre cele mai populare \u0219i \u00eendr\u0103gite juc\u0103rii pentru c\u00e2ini este mingea cu sfoar\u0103. \u0218i pe bun\u0103 dreptate! Poate fi mestecat\u0103, tras\u0103 sau aruncat\u0103. De aceea, juc\u0103ria educativ\u0103 mingea cu sfoar\u0103 este un accesoriu indispensabil pentru prietenul vostru patruped activ \u0219i plin de via\u021b\u0103. Suprafa\u021ba mingii maseaz\u0103 gingiile \u0219i ajut\u0103 la \u00eendep\u0103rtarea pl\u0103cii dentare. Utilizarea regulat\u0103 a acestor juc\u0103rii contribuie la reducerea form\u0103rii tartrului.<\/p>\n","protected":false},"excerpt":{"rendered":"<p>Una dintre cele mai populare \u0219i \u00eendr\u0103gite juc\u0103rii pentru c\u00e2ini este mingea cu sfoar\u0103. \u0218i pe bun\u0103 dreptate! Poate fi mestecat\u0103, tras\u0103 sau aruncat\u0103. De aceea, juc\u0103ria educativ\u0103 mingea cu sfoar\u0103 este un accesoriu indispensabil pentru prietenul vostru patruped activ \u0219i plin de via\u021b\u0103. Suprafa\u021ba mingii maseaz\u0103 gingiile \u0219i ajut\u0103 la \u00eendep\u0103rtarea pl\u0103cii dentare. Utilizarea [&hellip;]<\/p>\n","protected":false},"featured_media":4169,"template":"","meta":[],"product_brand":[],"product_cat":[481,489,497],"product_tag":[],"class_list":{"0":"post-4732","1":"product","2":"type-product","3":"status-publish","4":"has-post-thumbnail","6":"product_cat-dogs-ro","7":"product_cat-accesorii-3","8":"product_cat-jucarii-2","10":"first","11":"outofstock","12":"taxable","13":"shipping-taxable","14":"purchasable","15":"product-type-simple"},"_links":{"self":[{"href":"https:\/\/chiraprim.com\/ro\/wp-json\/wp\/v2\/product\/4732","targetHints":{"allow":["GET"]}}],"collection":[{"href":"https:\/\/chiraprim.com\/ro\/wp-json\/wp\/v2\/product"}],"about":[{"href":"https:\/\/chiraprim.com\/ro\/wp-json\/wp\/v2\/types\/product"}],"version-history":[{"count":1,"href":"https:\/\/chiraprim.com\/ro\/wp-json\/wp\/v2\/product\/4732\/revisions"}],"predecessor-version":[{"id":4733,"href":"https:\/\/chiraprim.com\/ro\/wp-json\/wp\/v2\/product\/4732\/revisions\/4733"}],"wp:featuredmedia":[{"embeddable":true,"href":"https:\/\/chiraprim.com\/ro\/wp-json\/wp\/v2\/media\/4169"}],"wp:attachment":[{"href":"https:\/\/chiraprim.com\/ro\/wp-json\/wp\/v2\/media?parent=4732"}],"wp:term":[{"taxonomy":"product_brand","embeddable":true,"href":"https:\/\/chiraprim.com\/ro\/wp-json\/wp\/v2\/product_brand?post=4732"},{"taxonomy":"product_cat","embeddable":true,"href":"https:\/\/chiraprim.com\/ro\/wp-json\/wp\/v2\/product_cat?post=4732"},{"taxonomy":"product_tag","embeddable":true,"href":"https:\/\/chiraprim.com\/ro\/wp-json\/wp\/v2\/product_tag?post=4732"}],"curies":[{"name":"wp","href":"https:\/\/api.w.org\/{rel}","templated":true}]}}