{"id":4895,"date":"2025-05-22T13:18:11","date_gmt":"2025-05-22T11:18:11","guid":{"rendered":"https:\/\/chiraprim.com\/?post_type=product&#038;p=4895"},"modified":"2025-07-16T12:46:13","modified_gmt":"2025-07-16T10:46:13","slug":"ls-2-litiera-deschisa-cu-sita","status":"publish","type":"product","link":"https:\/\/chiraprim.com\/ro\/produs\/ls-2-litiera-deschisa-cu-sita\/","title":{"rendered":"LS-2 Litier\u0103 deschis\u0103 cu sit\u0103"},"content":{"rendered":"","protected":false},"excerpt":{"rendered":"","protected":false},"featured_media":4471,"template":"","meta":[],"product_brand":[],"product_cat":[447,464,556],"product_tag":[],"class_list":{"0":"post-4895","1":"product","2":"type-product","3":"status-publish","4":"has-post-thumbnail","6":"product_cat-cats-ro","7":"product_cat-accesorii-2","8":"product_cat-litiere-wc","10":"first","11":"outofstock","12":"taxable","13":"shipping-taxable","14":"purchasable","15":"product-type-simple"},"_links":{"self":[{"href":"https:\/\/chiraprim.com\/ro\/wp-json\/wp\/v2\/product\/4895","targetHints":{"allow":["GET"]}}],"collection":[{"href":"https:\/\/chiraprim.com\/ro\/wp-json\/wp\/v2\/product"}],"about":[{"href":"https:\/\/chiraprim.com\/ro\/wp-json\/wp\/v2\/types\/product"}],"version-history":[{"count":1,"href":"https:\/\/chiraprim.com\/ro\/wp-json\/wp\/v2\/product\/4895\/revisions"}],"predecessor-version":[{"id":4896,"href":"https:\/\/chiraprim.com\/ro\/wp-json\/wp\/v2\/product\/4895\/revisions\/4896"}],"wp:featuredmedia":[{"embeddable":true,"href":"https:\/\/chiraprim.com\/ro\/wp-json\/wp\/v2\/media\/4471"}],"wp:attachment":[{"href":"https:\/\/chiraprim.com\/ro\/wp-json\/wp\/v2\/media?parent=4895"}],"wp:term":[{"taxonomy":"product_brand","embeddable":true,"href":"https:\/\/chiraprim.com\/ro\/wp-json\/wp\/v2\/product_brand?post=4895"},{"taxonomy":"product_cat","embeddable":true,"href":"https:\/\/chiraprim.com\/ro\/wp-json\/wp\/v2\/product_cat?post=4895"},{"taxonomy":"product_tag","embeddable":true,"href":"https:\/\/chiraprim.com\/ro\/wp-json\/wp\/v2\/product_tag?post=4895"}],"curies":[{"name":"wp","href":"https:\/\/api.w.org\/{rel}","templated":true}]}}