{"id":4897,"date":"2025-05-22T13:19:45","date_gmt":"2025-05-22T11:19:45","guid":{"rendered":"https:\/\/chiraprim.com\/?post_type=product&#038;p=4897"},"modified":"2025-07-16T12:45:16","modified_gmt":"2025-07-16T10:45:16","slug":"litiera-neagra-cat-royal-lopatica","status":"publish","type":"product","link":"https:\/\/chiraprim.com\/ro\/produs\/litiera-neagra-cat-royal-lopatica\/","title":{"rendered":"Litier\u0103 neagr\u0103 Cat Royal + lop\u0103\u021bic\u0103"},"content":{"rendered":"","protected":false},"excerpt":{"rendered":"","protected":false},"featured_media":4468,"template":"","meta":[],"product_brand":[],"product_cat":[447,464,556],"product_tag":[],"class_list":{"0":"post-4897","1":"product","2":"type-product","3":"status-publish","4":"has-post-thumbnail","6":"product_cat-cats-ro","7":"product_cat-accesorii-2","8":"product_cat-litiere-wc","10":"first","11":"outofstock","12":"taxable","13":"shipping-taxable","14":"purchasable","15":"product-type-simple"},"_links":{"self":[{"href":"https:\/\/chiraprim.com\/ro\/wp-json\/wp\/v2\/product\/4897","targetHints":{"allow":["GET"]}}],"collection":[{"href":"https:\/\/chiraprim.com\/ro\/wp-json\/wp\/v2\/product"}],"about":[{"href":"https:\/\/chiraprim.com\/ro\/wp-json\/wp\/v2\/types\/product"}],"version-history":[{"count":1,"href":"https:\/\/chiraprim.com\/ro\/wp-json\/wp\/v2\/product\/4897\/revisions"}],"predecessor-version":[{"id":4898,"href":"https:\/\/chiraprim.com\/ro\/wp-json\/wp\/v2\/product\/4897\/revisions\/4898"}],"wp:featuredmedia":[{"embeddable":true,"href":"https:\/\/chiraprim.com\/ro\/wp-json\/wp\/v2\/media\/4468"}],"wp:attachment":[{"href":"https:\/\/chiraprim.com\/ro\/wp-json\/wp\/v2\/media?parent=4897"}],"wp:term":[{"taxonomy":"product_brand","embeddable":true,"href":"https:\/\/chiraprim.com\/ro\/wp-json\/wp\/v2\/product_brand?post=4897"},{"taxonomy":"product_cat","embeddable":true,"href":"https:\/\/chiraprim.com\/ro\/wp-json\/wp\/v2\/product_cat?post=4897"},{"taxonomy":"product_tag","embeddable":true,"href":"https:\/\/chiraprim.com\/ro\/wp-json\/wp\/v2\/product_tag?post=4897"}],"curies":[{"name":"wp","href":"https:\/\/api.w.org\/{rel}","templated":true}]}}