{"id":5013,"date":"2025-05-22T15:31:36","date_gmt":"2025-05-22T13:31:36","guid":{"rendered":"https:\/\/chiraprim.com\/?post_type=product&#038;p=5013"},"modified":"2025-07-09T16:02:59","modified_gmt":"2025-07-09T14:02:59","slug":"7-16-jucarie-in-forma-de-minge-de-rugby-cu-scartait","status":"publish","type":"product","link":"https:\/\/chiraprim.com\/ro\/produs\/7-16-jucarie-in-forma-de-minge-de-rugby-cu-scartait\/","title":{"rendered":"7-16 Juc\u0103rie \u00een form\u0103 de minge de rugby cu sc\u00e2r\u021b\u00e2it."},"content":{"rendered":"","protected":false},"excerpt":{"rendered":"","protected":false},"featured_media":4225,"template":"","meta":[],"product_brand":[],"product_cat":[481,489,497],"product_tag":[],"class_list":{"0":"post-5013","1":"product","2":"type-product","3":"status-publish","4":"has-post-thumbnail","6":"product_cat-dogs-ro","7":"product_cat-accesorii-3","8":"product_cat-jucarii-2","10":"first","11":"outofstock","12":"taxable","13":"shipping-taxable","14":"purchasable","15":"product-type-simple"},"_links":{"self":[{"href":"https:\/\/chiraprim.com\/ro\/wp-json\/wp\/v2\/product\/5013","targetHints":{"allow":["GET"]}}],"collection":[{"href":"https:\/\/chiraprim.com\/ro\/wp-json\/wp\/v2\/product"}],"about":[{"href":"https:\/\/chiraprim.com\/ro\/wp-json\/wp\/v2\/types\/product"}],"version-history":[{"count":1,"href":"https:\/\/chiraprim.com\/ro\/wp-json\/wp\/v2\/product\/5013\/revisions"}],"predecessor-version":[{"id":5014,"href":"https:\/\/chiraprim.com\/ro\/wp-json\/wp\/v2\/product\/5013\/revisions\/5014"}],"wp:featuredmedia":[{"embeddable":true,"href":"https:\/\/chiraprim.com\/ro\/wp-json\/wp\/v2\/media\/4225"}],"wp:attachment":[{"href":"https:\/\/chiraprim.com\/ro\/wp-json\/wp\/v2\/media?parent=5013"}],"wp:term":[{"taxonomy":"product_brand","embeddable":true,"href":"https:\/\/chiraprim.com\/ro\/wp-json\/wp\/v2\/product_brand?post=5013"},{"taxonomy":"product_cat","embeddable":true,"href":"https:\/\/chiraprim.com\/ro\/wp-json\/wp\/v2\/product_cat?post=5013"},{"taxonomy":"product_tag","embeddable":true,"href":"https:\/\/chiraprim.com\/ro\/wp-json\/wp\/v2\/product_tag?post=5013"}],"curies":[{"name":"wp","href":"https:\/\/api.w.org\/{rel}","templated":true}]}}