{"id":5029,"date":"2025-05-22T16:06:55","date_gmt":"2025-05-22T14:06:55","guid":{"rendered":"https:\/\/chiraprim.com\/?post_type=product&#038;p=5029"},"modified":"2025-08-05T12:22:26","modified_gmt":"2025-08-05T10:22:26","slug":"7-83-perie-din-silicon-pentru-periat-cu-banda-pentru-mana","status":"publish","type":"product","link":"https:\/\/chiraprim.com\/ro\/produs\/7-83-perie-din-silicon-pentru-periat-cu-banda-pentru-mana\/","title":{"rendered":"7-83 Perie din silicon pentru periat, cu band\u0103 pentru m\u00e2n\u0103."},"content":{"rendered":"","protected":false},"excerpt":{"rendered":"","protected":false},"featured_media":3511,"template":"","meta":[],"product_brand":[],"product_cat":[447,478,481,503],"product_tag":[],"class_list":{"0":"post-5029","1":"product","2":"type-product","3":"status-publish","4":"has-post-thumbnail","6":"product_cat-cats-ro","7":"product_cat-igiena-si-protectie","8":"product_cat-dogs-ro","9":"product_cat-igiena-si-protectie-2","11":"first","12":"instock","13":"taxable","14":"shipping-taxable","15":"purchasable","16":"product-type-simple"},"_links":{"self":[{"href":"https:\/\/chiraprim.com\/ro\/wp-json\/wp\/v2\/product\/5029","targetHints":{"allow":["GET"]}}],"collection":[{"href":"https:\/\/chiraprim.com\/ro\/wp-json\/wp\/v2\/product"}],"about":[{"href":"https:\/\/chiraprim.com\/ro\/wp-json\/wp\/v2\/types\/product"}],"version-history":[{"count":2,"href":"https:\/\/chiraprim.com\/ro\/wp-json\/wp\/v2\/product\/5029\/revisions"}],"predecessor-version":[{"id":5031,"href":"https:\/\/chiraprim.com\/ro\/wp-json\/wp\/v2\/product\/5029\/revisions\/5031"}],"wp:featuredmedia":[{"embeddable":true,"href":"https:\/\/chiraprim.com\/ro\/wp-json\/wp\/v2\/media\/3511"}],"wp:attachment":[{"href":"https:\/\/chiraprim.com\/ro\/wp-json\/wp\/v2\/media?parent=5029"}],"wp:term":[{"taxonomy":"product_brand","embeddable":true,"href":"https:\/\/chiraprim.com\/ro\/wp-json\/wp\/v2\/product_brand?post=5029"},{"taxonomy":"product_cat","embeddable":true,"href":"https:\/\/chiraprim.com\/ro\/wp-json\/wp\/v2\/product_cat?post=5029"},{"taxonomy":"product_tag","embeddable":true,"href":"https:\/\/chiraprim.com\/ro\/wp-json\/wp\/v2\/product_tag?post=5029"}],"curies":[{"name":"wp","href":"https:\/\/api.w.org\/{rel}","templated":true}]}}