{"id":5191,"date":"2025-05-23T13:17:47","date_gmt":"2025-05-23T11:17:47","guid":{"rendered":"https:\/\/chiraprim.com\/?post_type=product&#038;p=5191"},"modified":"2025-08-05T12:18:46","modified_gmt":"2025-08-05T10:18:46","slug":"6-136-jucarie-pentru-pisici-din-iarba-naturala-de-pisici-2-bucati","status":"publish","type":"product","link":"https:\/\/chiraprim.com\/ro\/produs\/6-136-jucarie-pentru-pisici-din-iarba-naturala-de-pisici-2-bucati\/","title":{"rendered":"6-136 Juc\u0103rie pentru pisici din iarb\u0103 natural\u0103 de pisici (2 buc\u0103\u021bi)"},"content":{"rendered":"","protected":false},"excerpt":{"rendered":"","protected":false},"featured_media":3715,"template":"","meta":[],"product_brand":[],"product_cat":[447,464,476],"product_tag":[],"class_list":{"0":"post-5191","1":"product","2":"type-product","3":"status-publish","4":"has-post-thumbnail","6":"product_cat-cats-ro","7":"product_cat-accesorii-2","8":"product_cat-jucarii","10":"first","11":"instock","12":"taxable","13":"shipping-taxable","14":"purchasable","15":"product-type-simple"},"_links":{"self":[{"href":"https:\/\/chiraprim.com\/ro\/wp-json\/wp\/v2\/product\/5191","targetHints":{"allow":["GET"]}}],"collection":[{"href":"https:\/\/chiraprim.com\/ro\/wp-json\/wp\/v2\/product"}],"about":[{"href":"https:\/\/chiraprim.com\/ro\/wp-json\/wp\/v2\/types\/product"}],"version-history":[{"count":1,"href":"https:\/\/chiraprim.com\/ro\/wp-json\/wp\/v2\/product\/5191\/revisions"}],"predecessor-version":[{"id":5192,"href":"https:\/\/chiraprim.com\/ro\/wp-json\/wp\/v2\/product\/5191\/revisions\/5192"}],"wp:featuredmedia":[{"embeddable":true,"href":"https:\/\/chiraprim.com\/ro\/wp-json\/wp\/v2\/media\/3715"}],"wp:attachment":[{"href":"https:\/\/chiraprim.com\/ro\/wp-json\/wp\/v2\/media?parent=5191"}],"wp:term":[{"taxonomy":"product_brand","embeddable":true,"href":"https:\/\/chiraprim.com\/ro\/wp-json\/wp\/v2\/product_brand?post=5191"},{"taxonomy":"product_cat","embeddable":true,"href":"https:\/\/chiraprim.com\/ro\/wp-json\/wp\/v2\/product_cat?post=5191"},{"taxonomy":"product_tag","embeddable":true,"href":"https:\/\/chiraprim.com\/ro\/wp-json\/wp\/v2\/product_tag?post=5191"}],"curies":[{"name":"wp","href":"https:\/\/api.w.org\/{rel}","templated":true}]}}