{"id":5206,"date":"2025-05-23T13:39:02","date_gmt":"2025-05-23T11:39:02","guid":{"rendered":"https:\/\/chiraprim.com\/?post_type=product&#038;p=5206"},"modified":"2025-08-05T12:18:46","modified_gmt":"2025-08-05T10:18:46","slug":"6-109-unghiera14-x-7-x-08-cm","status":"publish","type":"product","link":"https:\/\/chiraprim.com\/ro\/produs\/6-109-unghiera14-x-7-x-08-cm\/","title":{"rendered":"6-109 Unghier\u0103 14 \u00d7 7 \u00d7 0,8 cm"},"content":{"rendered":"","protected":false},"excerpt":{"rendered":"","protected":false},"featured_media":3695,"template":"","meta":[],"product_brand":[],"product_cat":[447,478,481,503],"product_tag":[],"class_list":{"0":"post-5206","1":"product","2":"type-product","3":"status-publish","4":"has-post-thumbnail","6":"product_cat-cats-ro","7":"product_cat-igiena-si-protectie","8":"product_cat-dogs-ro","9":"product_cat-igiena-si-protectie-2","11":"first","12":"instock","13":"taxable","14":"shipping-taxable","15":"purchasable","16":"product-type-simple"},"_links":{"self":[{"href":"https:\/\/chiraprim.com\/ro\/wp-json\/wp\/v2\/product\/5206","targetHints":{"allow":["GET"]}}],"collection":[{"href":"https:\/\/chiraprim.com\/ro\/wp-json\/wp\/v2\/product"}],"about":[{"href":"https:\/\/chiraprim.com\/ro\/wp-json\/wp\/v2\/types\/product"}],"version-history":[{"count":2,"href":"https:\/\/chiraprim.com\/ro\/wp-json\/wp\/v2\/product\/5206\/revisions"}],"predecessor-version":[{"id":5208,"href":"https:\/\/chiraprim.com\/ro\/wp-json\/wp\/v2\/product\/5206\/revisions\/5208"}],"wp:featuredmedia":[{"embeddable":true,"href":"https:\/\/chiraprim.com\/ro\/wp-json\/wp\/v2\/media\/3695"}],"wp:attachment":[{"href":"https:\/\/chiraprim.com\/ro\/wp-json\/wp\/v2\/media?parent=5206"}],"wp:term":[{"taxonomy":"product_brand","embeddable":true,"href":"https:\/\/chiraprim.com\/ro\/wp-json\/wp\/v2\/product_brand?post=5206"},{"taxonomy":"product_cat","embeddable":true,"href":"https:\/\/chiraprim.com\/ro\/wp-json\/wp\/v2\/product_cat?post=5206"},{"taxonomy":"product_tag","embeddable":true,"href":"https:\/\/chiraprim.com\/ro\/wp-json\/wp\/v2\/product_tag?post=5206"}],"curies":[{"name":"wp","href":"https:\/\/api.w.org\/{rel}","templated":true}]}}