{"id":5397,"date":"2025-05-28T12:11:59","date_gmt":"2025-05-28T10:11:59","guid":{"rendered":"https:\/\/chiraprim.com\/?post_type=product&#038;p=5397"},"modified":"2025-06-25T14:18:17","modified_gmt":"2025-06-25T12:18:17","slug":"hrana-pentru-caini-morando-canne-puppy-15kg","status":"publish","type":"product","link":"https:\/\/chiraprim.com\/ro\/produs\/hrana-pentru-caini-morando-canne-puppy-15kg\/","title":{"rendered":"Hran\u0103 uscat\u0103 pentru c\u0103\u021bei Morando Canne Puppy (gaina) 15kg"},"content":{"rendered":"<p>Hrana completa si echilibrata pentru animale de companie. Este usor digerat si are calitati excelente de gust.<br \/>\nContinut excelent de vitamine si minerale.<br \/>\nProprietati nutritionale.<br \/>\nCereale, carne si produse de origine animala- 33% (pui &#8211; 4%), produse vegetale, uleiuri si grasimi, minerale, drojdie &#8211; 0,2%.<br \/>\nCOMPONENTE ANALITICE:<br \/>\nProteina bruta-28%, grasime bruta- 12%, fibrabruta- 3%, cenusabruta- 9%.<br \/>\nSuplimente nutritive \/ kg: Vitamina A 11.000 UI, Vitamina D3 750 UI, vitamina E 70 mg, fier (carbonat &#8211; siderit de fier (II)) 30 mg, zinc (oxid de zinc) 61,3 mg.,<br \/>\nCupru (sulfat de cupru (II) pentahidrat) 5,1 mg, mangan (oxid de mangan (II)) 3,1 mg, iod (acoperit cu iodat de calciu anhidru granular) 1,5 mg, seleniu (acoperit cu selenit de sodiu granular) 0,1 mg. antioxidanti.<br \/>\ncum sautilizati:<br \/>\nProdusul este gata de utilizare. Doza zilnica recomandata poate varia \u00een functie de varsta sau nevoile speciale ale fiecarui caine. Va recomandam sa treceti treptat la<br \/>\nmancare noua. Se recomanda \u00eempartirea dozei zilnice \u00een 3-4 doze timp de sase luni, apoi poate fi \u00eempartita\u00een 2 doze pe zi. Lasati \u00eentotdeauna un castron cu apa curatala \u00eendemana pentru cainele dvs.<br \/>\nInstructiuni de depozitare:<br \/>\n\u00cenainte si dupa deschidere, depozitati produsul \u00eentr-un loc racoros si uscat, evitand lumina directa a soarelui. Greutatea este de 15kg.<\/p>\n","protected":false},"excerpt":{"rendered":"<p>Hrana completa si echilibrata pentru animale de companie. Este usor digerat si are calitati excelente de gust. Continut excelent de vitamine si minerale. Proprietati nutritionale. Cereale, carne si produse de origine animala- 33% (pui &#8211; 4%), produse vegetale, uleiuri si grasimi, minerale, drojdie &#8211; 0,2%. COMPONENTE ANALITICE: Proteina bruta-28%, grasime bruta- 12%, fibrabruta- 3%, cenusabruta- [&hellip;]<\/p>\n","protected":false},"featured_media":2398,"template":"","meta":[],"product_brand":[513],"product_cat":[481,483,482],"product_tag":[],"class_list":{"0":"post-5397","1":"product","2":"type-product","3":"status-publish","4":"has-post-thumbnail","6":"product_brand-morando","7":"product_cat-dogs-ro","8":"product_cat-hrana-2","9":"product_cat-hrana-uscata","11":"first","12":"instock","13":"taxable","14":"shipping-taxable","15":"purchasable","16":"product-type-simple"},"_links":{"self":[{"href":"https:\/\/chiraprim.com\/ro\/wp-json\/wp\/v2\/product\/5397","targetHints":{"allow":["GET"]}}],"collection":[{"href":"https:\/\/chiraprim.com\/ro\/wp-json\/wp\/v2\/product"}],"about":[{"href":"https:\/\/chiraprim.com\/ro\/wp-json\/wp\/v2\/types\/product"}],"version-history":[{"count":3,"href":"https:\/\/chiraprim.com\/ro\/wp-json\/wp\/v2\/product\/5397\/revisions"}],"predecessor-version":[{"id":6100,"href":"https:\/\/chiraprim.com\/ro\/wp-json\/wp\/v2\/product\/5397\/revisions\/6100"}],"wp:featuredmedia":[{"embeddable":true,"href":"https:\/\/chiraprim.com\/ro\/wp-json\/wp\/v2\/media\/2398"}],"wp:attachment":[{"href":"https:\/\/chiraprim.com\/ro\/wp-json\/wp\/v2\/media?parent=5397"}],"wp:term":[{"taxonomy":"product_brand","embeddable":true,"href":"https:\/\/chiraprim.com\/ro\/wp-json\/wp\/v2\/product_brand?post=5397"},{"taxonomy":"product_cat","embeddable":true,"href":"https:\/\/chiraprim.com\/ro\/wp-json\/wp\/v2\/product_cat?post=5397"},{"taxonomy":"product_tag","embeddable":true,"href":"https:\/\/chiraprim.com\/ro\/wp-json\/wp\/v2\/product_tag?post=5397"}],"curies":[{"name":"wp","href":"https:\/\/api.w.org\/{rel}","templated":true}]}}