{"id":5412,"date":"2025-05-28T12:26:24","date_gmt":"2025-05-28T10:26:24","guid":{"rendered":"https:\/\/chiraprim.com\/?post_type=product&#038;p=5412"},"modified":"2025-06-28T09:04:19","modified_gmt":"2025-06-28T07:04:19","slug":"5412","status":"publish","type":"product","link":"https:\/\/chiraprim.com\/ro\/produs\/5412\/","title":{"rendered":"Hran\u0103 uscat\u0103 pentru c\u00e2ini Luppy 10 kg"},"content":{"rendered":"<p data-start=\"55\" data-end=\"241\">Hran\u0103 complet\u0103, extrudat\u0103, destinat\u0103 c\u00e2inilor adul\u021bi de toate rasele cu nivel normal de activitate. Este un produs din categoria economic\u0103, ideal pentru alimenta\u021bia zilnic\u0103.<\/p>\n<p data-start=\"243\" data-end=\"281\"><strong data-start=\"243\" data-end=\"281\">Con\u021binutul substan\u021belor nutritive:<\/strong><\/p>\n<ul data-start=\"283\" data-end=\"354\">\n<li data-start=\"283\" data-end=\"305\">\n<p data-start=\"285\" data-end=\"305\"><strong data-start=\"285\" data-end=\"297\">Proteine<\/strong> \u2013 18%<\/p>\n<\/li>\n<li data-start=\"306\" data-end=\"335\">\n<p data-start=\"308\" data-end=\"335\"><strong data-start=\"308\" data-end=\"328\">Fibre alimentare<\/strong> \u2013 2%<\/p>\n<\/li>\n<li data-start=\"336\" data-end=\"354\">\n<p data-start=\"338\" data-end=\"354\"><strong data-start=\"338\" data-end=\"349\">Gr\u0103simi<\/strong> \u2013 9%<\/p>\n<\/li>\n<\/ul>\n","protected":false},"excerpt":{"rendered":"<p>Hran\u0103 complet\u0103, extrudat\u0103, destinat\u0103 c\u00e2inilor adul\u021bi de toate rasele cu nivel normal de activitate. Este un produs din categoria economic\u0103, ideal pentru alimenta\u021bia zilnic\u0103. Con\u021binutul substan\u021belor nutritive: Proteine \u2013 18% Fibre alimentare \u2013 2% Gr\u0103simi \u2013 9%<\/p>\n","protected":false},"featured_media":2392,"template":"","meta":[],"product_brand":[],"product_cat":[481,483,482],"product_tag":[],"class_list":{"0":"post-5412","1":"product","2":"type-product","3":"status-publish","4":"has-post-thumbnail","6":"product_cat-dogs-ro","7":"product_cat-hrana-2","8":"product_cat-hrana-uscata","10":"first","11":"instock","12":"taxable","13":"shipping-taxable","14":"purchasable","15":"product-type-simple"},"_links":{"self":[{"href":"https:\/\/chiraprim.com\/ro\/wp-json\/wp\/v2\/product\/5412","targetHints":{"allow":["GET"]}}],"collection":[{"href":"https:\/\/chiraprim.com\/ro\/wp-json\/wp\/v2\/product"}],"about":[{"href":"https:\/\/chiraprim.com\/ro\/wp-json\/wp\/v2\/types\/product"}],"version-history":[{"count":3,"href":"https:\/\/chiraprim.com\/ro\/wp-json\/wp\/v2\/product\/5412\/revisions"}],"predecessor-version":[{"id":6127,"href":"https:\/\/chiraprim.com\/ro\/wp-json\/wp\/v2\/product\/5412\/revisions\/6127"}],"wp:featuredmedia":[{"embeddable":true,"href":"https:\/\/chiraprim.com\/ro\/wp-json\/wp\/v2\/media\/2392"}],"wp:attachment":[{"href":"https:\/\/chiraprim.com\/ro\/wp-json\/wp\/v2\/media?parent=5412"}],"wp:term":[{"taxonomy":"product_brand","embeddable":true,"href":"https:\/\/chiraprim.com\/ro\/wp-json\/wp\/v2\/product_brand?post=5412"},{"taxonomy":"product_cat","embeddable":true,"href":"https:\/\/chiraprim.com\/ro\/wp-json\/wp\/v2\/product_cat?post=5412"},{"taxonomy":"product_tag","embeddable":true,"href":"https:\/\/chiraprim.com\/ro\/wp-json\/wp\/v2\/product_tag?post=5412"}],"curies":[{"name":"wp","href":"https:\/\/api.w.org\/{rel}","templated":true}]}}