{"id":5415,"date":"2025-05-28T12:29:04","date_gmt":"2025-05-28T10:29:04","guid":{"rendered":"https:\/\/chiraprim.com\/?post_type=product&#038;p=5415"},"modified":"2025-08-05T12:14:19","modified_gmt":"2025-08-05T10:14:19","slug":"hrana-uscata-pentru-caini-economic-10-kg","status":"publish","type":"product","link":"https:\/\/chiraprim.com\/ro\/produs\/hrana-uscata-pentru-caini-economic-10-kg\/","title":{"rendered":"Hran\u0103 uscat\u0103 pentru c\u00e2ini Economic 10kg"},"content":{"rendered":"<p data-start=\"96\" data-end=\"466\">Hrana uscat\u0103 complet\u0103 <strong data-start=\"135\" data-end=\"147\">Economic<\/strong> este destinat\u0103 alimenta\u021biei zilnice a c\u00e2inilor adul\u021bi din toate rasele. Formula este echilibrat\u0103 din punct de vedere nutri\u021bional, oferind energie \u0219i sus\u021bin\u00e2nd s\u0103n\u0103tatea general\u0103 a animalelor cu un nivel moderat de activitate. O alegere practic\u0103 pentru st\u0103p\u00e2nii care caut\u0103 un echilibru \u00eentre calitate \u0219i pre\u021b accesibil.<\/p>\n<p data-start=\"468\" data-end=\"481\"><strong data-start=\"468\" data-end=\"481\">Avantaje:<\/strong><\/p>\n<ul data-start=\"482\" data-end=\"767\">\n<li data-start=\"482\" data-end=\"559\">\n<p data-start=\"484\" data-end=\"559\">Con\u021bine un nivel optim de proteine (18%) pentru men\u021binerea masei musculare;<\/p>\n<\/li>\n<li data-start=\"560\" data-end=\"611\">\n<p data-start=\"562\" data-end=\"611\">Gr\u0103simi moderate (6%) pentru controlul greut\u0103\u021bii;<\/p>\n<\/li>\n<li data-start=\"612\" data-end=\"664\">\n<p data-start=\"614\" data-end=\"664\">Fibre alimentare (2%) pentru o digestie s\u0103n\u0103toas\u0103;<\/p>\n<\/li>\n<li data-start=\"665\" data-end=\"713\">\n<p data-start=\"667\" data-end=\"713\">Potrivit\u0103 pentru c\u00e2inii cu activitate normal\u0103;<\/p>\n<\/li>\n<\/ul>\n","protected":false},"excerpt":{"rendered":"<p>Hrana uscat\u0103 complet\u0103 Economic este destinat\u0103 alimenta\u021biei zilnice a c\u00e2inilor adul\u021bi din toate rasele. Formula este echilibrat\u0103 din punct de vedere nutri\u021bional, oferind energie \u0219i sus\u021bin\u00e2nd s\u0103n\u0103tatea general\u0103 a animalelor cu un nivel moderat de activitate. O alegere practic\u0103 pentru st\u0103p\u00e2nii care caut\u0103 un echilibru \u00eentre calitate \u0219i pre\u021b accesibil. Avantaje: Con\u021bine un nivel optim [&hellip;]<\/p>\n","protected":false},"featured_media":2388,"template":"","meta":[],"product_brand":[514],"product_cat":[481,483,482],"product_tag":[],"class_list":{"0":"post-5415","1":"product","2":"type-product","3":"status-publish","4":"has-post-thumbnail","6":"product_brand-iltex","7":"product_cat-dogs-ro","8":"product_cat-hrana-2","9":"product_cat-hrana-uscata","11":"first","12":"instock","13":"taxable","14":"shipping-taxable","15":"purchasable","16":"product-type-simple"},"_links":{"self":[{"href":"https:\/\/chiraprim.com\/ro\/wp-json\/wp\/v2\/product\/5415","targetHints":{"allow":["GET"]}}],"collection":[{"href":"https:\/\/chiraprim.com\/ro\/wp-json\/wp\/v2\/product"}],"about":[{"href":"https:\/\/chiraprim.com\/ro\/wp-json\/wp\/v2\/types\/product"}],"version-history":[{"count":5,"href":"https:\/\/chiraprim.com\/ro\/wp-json\/wp\/v2\/product\/5415\/revisions"}],"predecessor-version":[{"id":8059,"href":"https:\/\/chiraprim.com\/ro\/wp-json\/wp\/v2\/product\/5415\/revisions\/8059"}],"wp:featuredmedia":[{"embeddable":true,"href":"https:\/\/chiraprim.com\/ro\/wp-json\/wp\/v2\/media\/2388"}],"wp:attachment":[{"href":"https:\/\/chiraprim.com\/ro\/wp-json\/wp\/v2\/media?parent=5415"}],"wp:term":[{"taxonomy":"product_brand","embeddable":true,"href":"https:\/\/chiraprim.com\/ro\/wp-json\/wp\/v2\/product_brand?post=5415"},{"taxonomy":"product_cat","embeddable":true,"href":"https:\/\/chiraprim.com\/ro\/wp-json\/wp\/v2\/product_cat?post=5415"},{"taxonomy":"product_tag","embeddable":true,"href":"https:\/\/chiraprim.com\/ro\/wp-json\/wp\/v2\/product_tag?post=5415"}],"curies":[{"name":"wp","href":"https:\/\/api.w.org\/{rel}","templated":true}]}}