{"id":5428,"date":"2025-05-28T12:37:30","date_gmt":"2025-05-28T10:37:30","guid":{"rendered":"https:\/\/chiraprim.com\/?post_type=product&#038;p=5428"},"modified":"2025-06-25T14:38:38","modified_gmt":"2025-06-25T12:38:38","slug":"hrana-pentru-caini-miglior-cane-special-menu-10kg","status":"publish","type":"product","link":"https:\/\/chiraprim.com\/ro\/produs\/hrana-pentru-caini-miglior-cane-special-menu-10kg\/","title":{"rendered":"Hrana pentru caini Miglior Cane SPECIAL MENU 10kg"},"content":{"rendered":"<p>Formula conceputa pentru a asigura nutrientii necesari pentru bunastarea dumneavoastra caine ca vitamine, Omega 3, calciu si fosfor pentru a mentine oasele si dintii piele robusta, sanatoasasi blanastralucitoare si masa musculara mai tonifiata.<br \/>\nCaracteristici nutritionale.<br \/>\nCompozitie:<br \/>\nCereale, carne si derivati 21% (pui 4%), subproduse vegetale, uleiuri si grasimi, legume 1%, minerale, drojdii.<br \/>\nCOMPONENTE ANALITICE:<br \/>\nProteina bruta19,00%, fibra bruta3,50%, grasime bruta8,00%, cenusa bruta8,00%, calciu 2,5%, fosfor 1,8%, acizi grasi Omega 3 0,3%, acizi grasi omega 6 1,5% aditivi nutritionali \/ kg: Vitamina A 11090 UI, Vitamina D3 770 UI, Vitamina E 70 mg, fier (carbonat de Fier (II)) 35,8 mg, Zinc (oxid de Zinc) 71 mg, cupru (sulfat de cupru (II) pentahidrat) 5,9 mg, mangan (oxid de mangan II) 3,5 mg, iod (iodurade potasiu) 1,7 mg, seleniu (selenit de potasiu sodiu) 0,1 mg. Vopsea. Antioxidant.<br \/>\nInstructiune de utilizare:<br \/>\nAlimente gata de utilizare. Ratiile zilnice indicate \u00een tabel pot varia \u00een functie de varsta si nevoile speciale ale subiectului individual. Asigurati-va ca cainele dvs are apa proaspata \u00een orice moment.<\/p>\n","protected":false},"excerpt":{"rendered":"<p>Formula conceputa pentru a asigura nutrientii necesari pentru bunastarea dumneavoastra caine ca vitamine, Omega 3, calciu si fosfor pentru a mentine oasele si dintii piele robusta, sanatoasasi blanastralucitoare si masa musculara mai tonifiata. Caracteristici nutritionale. Compozitie: Cereale, carne si derivati 21% (pui 4%), subproduse vegetale, uleiuri si grasimi, legume 1%, minerale, drojdii. COMPONENTE ANALITICE: Proteina [&hellip;]<\/p>\n","protected":false},"featured_media":2375,"template":"","meta":[],"product_brand":[513],"product_cat":[481,483,482],"product_tag":[],"class_list":{"0":"post-5428","1":"product","2":"type-product","3":"status-publish","4":"has-post-thumbnail","6":"product_brand-morando","7":"product_cat-dogs-ro","8":"product_cat-hrana-2","9":"product_cat-hrana-uscata","11":"first","12":"instock","13":"taxable","14":"shipping-taxable","15":"purchasable","16":"product-type-simple"},"_links":{"self":[{"href":"https:\/\/chiraprim.com\/ro\/wp-json\/wp\/v2\/product\/5428","targetHints":{"allow":["GET"]}}],"collection":[{"href":"https:\/\/chiraprim.com\/ro\/wp-json\/wp\/v2\/product"}],"about":[{"href":"https:\/\/chiraprim.com\/ro\/wp-json\/wp\/v2\/types\/product"}],"version-history":[{"count":3,"href":"https:\/\/chiraprim.com\/ro\/wp-json\/wp\/v2\/product\/5428\/revisions"}],"predecessor-version":[{"id":7031,"href":"https:\/\/chiraprim.com\/ro\/wp-json\/wp\/v2\/product\/5428\/revisions\/7031"}],"wp:featuredmedia":[{"embeddable":true,"href":"https:\/\/chiraprim.com\/ro\/wp-json\/wp\/v2\/media\/2375"}],"wp:attachment":[{"href":"https:\/\/chiraprim.com\/ro\/wp-json\/wp\/v2\/media?parent=5428"}],"wp:term":[{"taxonomy":"product_brand","embeddable":true,"href":"https:\/\/chiraprim.com\/ro\/wp-json\/wp\/v2\/product_brand?post=5428"},{"taxonomy":"product_cat","embeddable":true,"href":"https:\/\/chiraprim.com\/ro\/wp-json\/wp\/v2\/product_cat?post=5428"},{"taxonomy":"product_tag","embeddable":true,"href":"https:\/\/chiraprim.com\/ro\/wp-json\/wp\/v2\/product_tag?post=5428"}],"curies":[{"name":"wp","href":"https:\/\/api.w.org\/{rel}","templated":true}]}}