{"id":6173,"date":"2025-06-13T12:41:20","date_gmt":"2025-06-13T10:41:20","guid":{"rendered":"https:\/\/chiraprim.com\/?post_type=product&#038;p=6173"},"modified":"2025-06-25T14:52:28","modified_gmt":"2025-06-25T12:52:28","slug":"gheda-hrana-pentru-catei-unica-alleva-classe-puppy-all-breeds-development-carne-de-pui-15kg","status":"publish","type":"product","link":"https:\/\/chiraprim.com\/ro\/produs\/gheda-hrana-pentru-catei-unica-alleva-classe-puppy-all-breeds-development-carne-de-pui-15kg\/","title":{"rendered":"GHEDA hrana pentru c\u0103\u021bei Unica Alleva Classe Puppy All Breeds Development (carne de pui) 15kg"},"content":{"rendered":"<p>* Catelus \u00een crestere \u00eencepand cu varsta de 2 luni<br \/>\n* Catelele gestante<br \/>\n* \u00cen contine orez digerabil ridicat si pui<br \/>\n* \u00cembogatit cu pulpade sfeclauscatapentru sanatatea intestinala<br \/>\nMancare completapentru pui.<br \/>\nIngrediente: carne si derivati de origine animala(proteine de pui uscate 19%), cereale (orez 5%), derivati de legume<br \/>\norigine (pulpade sfeclauscata1%), uleiuri si grasimi, extracte de proteine vegetale, drojdii, glucozamina, sulfat de condroitina.<br \/>\nConstituenti analitici: proteinabruta28,00%; fibre brute 2,25%; grasime bruta17,00%; cenusabruta7,90%; Calciu 1,50%; Fosfor 1,00%.<br \/>\nAditivi pe kg. Aditivi nutritivi: vitamina A 20.000 UI; Vitamina D3 1.120 UI; Vitamina E 120 UI; cupru (II) sulfat pentahidrat (cupru) 55,02 mg (14,00 mg); Oxid de Zinc (Zinc) 99,20 mg (80,00 mg); carbonat de Fier (II) 207,00 mg (100,00 mg); Oxid de mangan (ii) (mangan) 36,12 mg (28,00 mg); iodat de calciu anhidru (iod) 2,46 mg (1,60 mg); selenit de sodiu (seleniu) 0,35 mg (0,16 mg).<\/p>\n","protected":false},"excerpt":{"rendered":"<p>* Catelus \u00een crestere \u00eencepand cu varsta de 2 luni * Catelele gestante * \u00cen contine orez digerabil ridicat si pui * \u00cembogatit cu pulpade sfeclauscatapentru sanatatea intestinala Mancare completapentru pui. Ingrediente: carne si derivati de origine animala(proteine de pui uscate 19%), cereale (orez 5%), derivati de legume origine (pulpade sfeclauscata1%), uleiuri si grasimi, extracte [&hellip;]<\/p>\n","protected":false},"featured_media":6174,"template":"","meta":[],"product_brand":[512],"product_cat":[481,483,482],"product_tag":[],"class_list":{"0":"post-6173","1":"product","2":"type-product","3":"status-publish","4":"has-post-thumbnail","6":"product_brand-gheda","7":"product_cat-dogs-ro","8":"product_cat-hrana-2","9":"product_cat-hrana-uscata","11":"first","12":"instock","13":"taxable","14":"shipping-taxable","15":"purchasable","16":"product-type-simple"},"_links":{"self":[{"href":"https:\/\/chiraprim.com\/ro\/wp-json\/wp\/v2\/product\/6173","targetHints":{"allow":["GET"]}}],"collection":[{"href":"https:\/\/chiraprim.com\/ro\/wp-json\/wp\/v2\/product"}],"about":[{"href":"https:\/\/chiraprim.com\/ro\/wp-json\/wp\/v2\/types\/product"}],"version-history":[{"count":2,"href":"https:\/\/chiraprim.com\/ro\/wp-json\/wp\/v2\/product\/6173\/revisions"}],"predecessor-version":[{"id":6613,"href":"https:\/\/chiraprim.com\/ro\/wp-json\/wp\/v2\/product\/6173\/revisions\/6613"}],"wp:featuredmedia":[{"embeddable":true,"href":"https:\/\/chiraprim.com\/ro\/wp-json\/wp\/v2\/media\/6174"}],"wp:attachment":[{"href":"https:\/\/chiraprim.com\/ro\/wp-json\/wp\/v2\/media?parent=6173"}],"wp:term":[{"taxonomy":"product_brand","embeddable":true,"href":"https:\/\/chiraprim.com\/ro\/wp-json\/wp\/v2\/product_brand?post=6173"},{"taxonomy":"product_cat","embeddable":true,"href":"https:\/\/chiraprim.com\/ro\/wp-json\/wp\/v2\/product_cat?post=6173"},{"taxonomy":"product_tag","embeddable":true,"href":"https:\/\/chiraprim.com\/ro\/wp-json\/wp\/v2\/product_tag?post=6173"}],"curies":[{"name":"wp","href":"https:\/\/api.w.org\/{rel}","templated":true}]}}