{"id":6234,"date":"2025-06-13T14:54:43","date_gmt":"2025-06-13T12:54:43","guid":{"rendered":"https:\/\/chiraprim.com\/?post_type=product&#038;p=6234"},"modified":"2025-06-25T14:41:16","modified_gmt":"2025-06-25T12:41:16","slug":"gheda-hrana-pentru-caini-ciuffi-atletico-gaina-4kg","status":"publish","type":"product","link":"https:\/\/chiraprim.com\/ro\/produs\/gheda-hrana-pentru-caini-ciuffi-atletico-gaina-4kg\/","title":{"rendered":"GHEDA hrana pentru caini CIUFFI ATLETICO (gaina) 4kg"},"content":{"rendered":"<p data-start=\"48\" data-end=\"144\">Hran\u0103 uscat\u0103 echilibrat\u0103, de clas\u0103 economic\u0103, pentru c\u00e2ini adul\u021bi cu activitate fizic\u0103 ridicat\u0103.<\/p>\n<p data-start=\"48\" data-end=\"144\"><strong data-start=\"146\" data-end=\"161\">Compozi\u021bie:<\/strong><br data-start=\"161\" data-end=\"164\" \/>Ingrediente principale: carne de pas\u0103re (6%), cereale (orez brun 4%), legume (spanac uscat 0,04%, sfecl\u0103 uscat\u0103 0,02%)<br data-start=\"282\" data-end=\"285\" \/>Ingrediente suplimentare: subproduse vegetale, proteine de origine vegetal\u0103, uleiuri \u0219i gr\u0103simi<\/p>\n<p data-start=\"382\" data-end=\"450\"><strong data-start=\"382\" data-end=\"403\">Valori nutritive:<\/strong><br data-start=\"403\" data-end=\"406\" \/>Proteine: 23%<br data-start=\"419\" data-end=\"422\" \/>Gr\u0103simi: 11,5%<br data-start=\"436\" data-end=\"439\" \/>Fibre: 3,7%<\/p>\n<p data-start=\"452\" data-end=\"543\"><strong data-start=\"452\" data-end=\"477\">Aditivi nutri\u021bionali:<\/strong><br data-start=\"477\" data-end=\"480\" \/>Vitamina A: 10\u202f800 UI<br data-start=\"501\" data-end=\"504\" \/>Vitamina D3: 605 UI<br data-start=\"523\" data-end=\"526\" \/>Vitamina E: 65 mg<\/p>\n","protected":false},"excerpt":{"rendered":"<p>Hran\u0103 uscat\u0103 echilibrat\u0103, de clas\u0103 economic\u0103, pentru c\u00e2ini adul\u021bi cu activitate fizic\u0103 ridicat\u0103. Compozi\u021bie:Ingrediente principale: carne de pas\u0103re (6%), cereale (orez brun 4%), legume (spanac uscat 0,04%, sfecl\u0103 uscat\u0103 0,02%)Ingrediente suplimentare: subproduse vegetale, proteine de origine vegetal\u0103, uleiuri \u0219i gr\u0103simi Valori nutritive:Proteine: 23%Gr\u0103simi: 11,5%Fibre: 3,7% Aditivi nutri\u021bionali:Vitamina A: 10\u202f800 UIVitamina D3: 605 UIVitamina E: 65 [&hellip;]<\/p>\n","protected":false},"featured_media":6235,"template":"","meta":[],"product_brand":[512],"product_cat":[481,483,482],"product_tag":[],"class_list":{"0":"post-6234","1":"product","2":"type-product","3":"status-publish","4":"has-post-thumbnail","6":"product_brand-gheda","7":"product_cat-dogs-ro","8":"product_cat-hrana-2","9":"product_cat-hrana-uscata","11":"first","12":"instock","13":"taxable","14":"shipping-taxable","15":"purchasable","16":"product-type-simple"},"_links":{"self":[{"href":"https:\/\/chiraprim.com\/ro\/wp-json\/wp\/v2\/product\/6234","targetHints":{"allow":["GET"]}}],"collection":[{"href":"https:\/\/chiraprim.com\/ro\/wp-json\/wp\/v2\/product"}],"about":[{"href":"https:\/\/chiraprim.com\/ro\/wp-json\/wp\/v2\/types\/product"}],"version-history":[{"count":1,"href":"https:\/\/chiraprim.com\/ro\/wp-json\/wp\/v2\/product\/6234\/revisions"}],"predecessor-version":[{"id":6237,"href":"https:\/\/chiraprim.com\/ro\/wp-json\/wp\/v2\/product\/6234\/revisions\/6237"}],"wp:featuredmedia":[{"embeddable":true,"href":"https:\/\/chiraprim.com\/ro\/wp-json\/wp\/v2\/media\/6235"}],"wp:attachment":[{"href":"https:\/\/chiraprim.com\/ro\/wp-json\/wp\/v2\/media?parent=6234"}],"wp:term":[{"taxonomy":"product_brand","embeddable":true,"href":"https:\/\/chiraprim.com\/ro\/wp-json\/wp\/v2\/product_brand?post=6234"},{"taxonomy":"product_cat","embeddable":true,"href":"https:\/\/chiraprim.com\/ro\/wp-json\/wp\/v2\/product_cat?post=6234"},{"taxonomy":"product_tag","embeddable":true,"href":"https:\/\/chiraprim.com\/ro\/wp-json\/wp\/v2\/product_tag?post=6234"}],"curies":[{"name":"wp","href":"https:\/\/api.w.org\/{rel}","templated":true}]}}