{"id":6254,"date":"2025-06-13T15:12:35","date_gmt":"2025-06-13T13:12:35","guid":{"rendered":"https:\/\/chiraprim.com\/?post_type=product&#038;p=6254"},"modified":"2025-06-25T14:41:15","modified_gmt":"2025-06-25T12:41:15","slug":"gheda-hrana-pentru-caini-ciuffi-robusto-cu-vita-20kg","status":"publish","type":"product","link":"https:\/\/chiraprim.com\/ro\/produs\/gheda-hrana-pentru-caini-ciuffi-robusto-cu-vita-20kg\/","title":{"rendered":"GHEDA hrana pentru caini CIUFFI ROBUSTO cu vita 20kg"},"content":{"rendered":"<p>Hran\u0103 uscat\u0103 complet\u0103 \u0219i echilibrat\u0103 pentru c\u00e2ini adul\u021bi de talie medie \u0219i mare, cu activitate fizic\u0103 moderat\u0103.<br \/>\nCompozi\u021bie principal\u0103<br \/>\nProteine animale: vit\u0103 (10,7%)<br \/>\nCereale: orez, porumb<br \/>\nSubproduse vegetale: fibre vegetale<br \/>\nUleiuri \u0219i gr\u0103simi: surs\u0103 de energie<br \/>\nCompozi\u021bie analitic\u0103<br \/>\nProtein\u0103 brut\u0103: 21,30%<br \/>\nGr\u0103simi brute: 8,50%<br \/>\nFibre brute: 3,90%<br \/>\nCenu\u0219\u0103 brut\u0103: 9,50%<br \/>\nAditivi nutri\u021bionali per 1 kg<br \/>\nVitamina A: 11\u202f500 UI<br \/>\nVitamina D\u2083: 750 UI<br \/>\nVitamina E: 70 mg<br \/>\nSulfat de cupru (II) pentahidrat: 4,38 mg<br \/>\nOxid de zinc: 61,24 mg<br \/>\nCarbonat de fier (II): 35,00 mg<br \/>\nIodat de calciu anhidru: 1,32 mg<br \/>\nOxid de mangan (II): 2,21 mg<br \/>\nSelenit de sodiu: 0,25 mg<\/p>\n","protected":false},"excerpt":{"rendered":"<p>Hran\u0103 uscat\u0103 complet\u0103 \u0219i echilibrat\u0103 pentru c\u00e2ini adul\u021bi de talie medie \u0219i mare, cu activitate fizic\u0103 moderat\u0103. Compozi\u021bie principal\u0103 Proteine animale: vit\u0103 (10,7%) Cereale: orez, porumb Subproduse vegetale: fibre vegetale Uleiuri \u0219i gr\u0103simi: surs\u0103 de energie Compozi\u021bie analitic\u0103 Protein\u0103 brut\u0103: 21,30% Gr\u0103simi brute: 8,50% Fibre brute: 3,90% Cenu\u0219\u0103 brut\u0103: 9,50% Aditivi nutri\u021bionali per 1 kg [&hellip;]<\/p>\n","protected":false},"featured_media":6255,"template":"","meta":[],"product_brand":[512],"product_cat":[481,483,482],"product_tag":[],"class_list":{"0":"post-6254","1":"product","2":"type-product","3":"status-publish","4":"has-post-thumbnail","6":"product_brand-gheda","7":"product_cat-dogs-ro","8":"product_cat-hrana-2","9":"product_cat-hrana-uscata","11":"first","12":"instock","13":"taxable","14":"shipping-taxable","15":"purchasable","16":"product-type-simple"},"_links":{"self":[{"href":"https:\/\/chiraprim.com\/ro\/wp-json\/wp\/v2\/product\/6254","targetHints":{"allow":["GET"]}}],"collection":[{"href":"https:\/\/chiraprim.com\/ro\/wp-json\/wp\/v2\/product"}],"about":[{"href":"https:\/\/chiraprim.com\/ro\/wp-json\/wp\/v2\/types\/product"}],"version-history":[{"count":2,"href":"https:\/\/chiraprim.com\/ro\/wp-json\/wp\/v2\/product\/6254\/revisions"}],"predecessor-version":[{"id":7402,"href":"https:\/\/chiraprim.com\/ro\/wp-json\/wp\/v2\/product\/6254\/revisions\/7402"}],"wp:featuredmedia":[{"embeddable":true,"href":"https:\/\/chiraprim.com\/ro\/wp-json\/wp\/v2\/media\/6255"}],"wp:attachment":[{"href":"https:\/\/chiraprim.com\/ro\/wp-json\/wp\/v2\/media?parent=6254"}],"wp:term":[{"taxonomy":"product_brand","embeddable":true,"href":"https:\/\/chiraprim.com\/ro\/wp-json\/wp\/v2\/product_brand?post=6254"},{"taxonomy":"product_cat","embeddable":true,"href":"https:\/\/chiraprim.com\/ro\/wp-json\/wp\/v2\/product_cat?post=6254"},{"taxonomy":"product_tag","embeddable":true,"href":"https:\/\/chiraprim.com\/ro\/wp-json\/wp\/v2\/product_tag?post=6254"}],"curies":[{"name":"wp","href":"https:\/\/api.w.org\/{rel}","templated":true}]}}