{"id":6276,"date":"2025-06-13T15:29:12","date_gmt":"2025-06-13T13:29:12","guid":{"rendered":"https:\/\/chiraprim.com\/?post_type=product&#038;p=6276"},"modified":"2025-07-08T23:06:16","modified_gmt":"2025-07-08T21:06:16","slug":"biscuit-ciuffi-bisko-500gr","status":"publish","type":"product","link":"https:\/\/chiraprim.com\/ro\/produs\/biscuit-ciuffi-bisko-500gr\/","title":{"rendered":"Biscuit Ciuffi Bisko 500gr"},"content":{"rendered":"<p><strong data-start=\"123\" data-end=\"139\">Ciuffi Bisko<\/strong> este o gustare crocant\u0103 italian\u0103 pentru c\u00e2ini.Este sub form\u0103 de biscui\u021bi crocan\u021bi, \u00eembog\u0103\u021bi\u021bi cu vitaminele <strong data-start=\"297\" data-end=\"311\">A, D\u2083 \u0219i E<\/strong>, potrivi\u021bi pentru c\u00e2inii de talie medie \u0219i mare.<\/p>\n<p data-start=\"168\" data-end=\"332\"><strong data-start=\"168\" data-end=\"183\">Compozi\u021bie:<\/strong><br data-start=\"183\" data-end=\"186\" \/>Cereale, uleiuri \u0219i gr\u0103simi, zaharuri, carne \u0219i produse din carne (pui 1%), subproduse vegetale, substan\u021be minerale (tripolifosfat de sodiu 0,6%).<\/p>\n<p data-start=\"334\" data-end=\"461\"><strong data-start=\"334\" data-end=\"370\">Valori nutri\u021bionale (per 100 g):<\/strong><br data-start=\"370\" data-end=\"373\" \/>Protein\u0103 brut\u0103: 10,31%<br data-start=\"395\" data-end=\"398\" \/>Gr\u0103simi brute: 7,00%<br data-start=\"418\" data-end=\"421\" \/>Fibre brute: 0,50%<br data-start=\"439\" data-end=\"442\" \/>Cenu\u0219\u0103 brut\u0103: 1,30%<\/p>\n<p data-start=\"463\" data-end=\"683\"><strong data-start=\"463\" data-end=\"486\">Dozare recomandat\u0103:<\/strong><br data-start=\"486\" data-end=\"489\" \/>Pentru c\u00e2ini de 10\u201320 kg: 2\u20134 buc\u0103\u021bi\/zi (activitate normal\u0103), 5\u20138 buc\u0103\u021bi\/zi (activitate intens\u0103)<br data-start=\"585\" data-end=\"588\" \/>Pentru c\u00e2ini peste 20 kg: 7 buc\u0103\u021bi\/zi (activitate normal\u0103), 13 buc\u0103\u021bi\/zi (activitate intens\u0103)<\/p>\n<p data-start=\"685\" data-end=\"726\" data-is-last-node=\"\" data-is-only-node=\"\">A se asigura ap\u0103 proasp\u0103t\u0103 \u00een permanen\u021b\u0103.<\/p>\n","protected":false},"excerpt":{"rendered":"<p>Ciuffi Bisko este o gustare crocant\u0103 italian\u0103 pentru c\u00e2ini.Este sub form\u0103 de biscui\u021bi crocan\u021bi, \u00eembog\u0103\u021bi\u021bi cu vitaminele A, D\u2083 \u0219i E, potrivi\u021bi pentru c\u00e2inii de talie medie \u0219i mare. Compozi\u021bie:Cereale, uleiuri \u0219i gr\u0103simi, zaharuri, carne \u0219i produse din carne (pui 1%), subproduse vegetale, substan\u021be minerale (tripolifosfat de sodiu 0,6%). Valori nutri\u021bionale (per 100 g):Protein\u0103 brut\u0103: [&hellip;]<\/p>\n","protected":false},"featured_media":6277,"template":"","meta":[],"product_brand":[512],"product_cat":[481,483,499],"product_tag":[],"class_list":{"0":"post-6276","1":"product","2":"type-product","3":"status-publish","4":"has-post-thumbnail","6":"product_brand-gheda","7":"product_cat-dogs-ro","8":"product_cat-hrana-2","9":"product_cat-snackuri","11":"first","12":"instock","13":"taxable","14":"shipping-taxable","15":"purchasable","16":"product-type-simple"},"_links":{"self":[{"href":"https:\/\/chiraprim.com\/ro\/wp-json\/wp\/v2\/product\/6276","targetHints":{"allow":["GET"]}}],"collection":[{"href":"https:\/\/chiraprim.com\/ro\/wp-json\/wp\/v2\/product"}],"about":[{"href":"https:\/\/chiraprim.com\/ro\/wp-json\/wp\/v2\/types\/product"}],"version-history":[{"count":1,"href":"https:\/\/chiraprim.com\/ro\/wp-json\/wp\/v2\/product\/6276\/revisions"}],"predecessor-version":[{"id":6279,"href":"https:\/\/chiraprim.com\/ro\/wp-json\/wp\/v2\/product\/6276\/revisions\/6279"}],"wp:featuredmedia":[{"embeddable":true,"href":"https:\/\/chiraprim.com\/ro\/wp-json\/wp\/v2\/media\/6277"}],"wp:attachment":[{"href":"https:\/\/chiraprim.com\/ro\/wp-json\/wp\/v2\/media?parent=6276"}],"wp:term":[{"taxonomy":"product_brand","embeddable":true,"href":"https:\/\/chiraprim.com\/ro\/wp-json\/wp\/v2\/product_brand?post=6276"},{"taxonomy":"product_cat","embeddable":true,"href":"https:\/\/chiraprim.com\/ro\/wp-json\/wp\/v2\/product_cat?post=6276"},{"taxonomy":"product_tag","embeddable":true,"href":"https:\/\/chiraprim.com\/ro\/wp-json\/wp\/v2\/product_tag?post=6276"}],"curies":[{"name":"wp","href":"https:\/\/api.w.org\/{rel}","templated":true}]}}