{"id":6726,"date":"2025-06-18T15:37:58","date_gmt":"2025-06-18T13:37:58","guid":{"rendered":"https:\/\/chiraprim.com\/?post_type=product&#038;p=6726"},"modified":"2025-06-25T14:11:47","modified_gmt":"2025-06-25T12:11:47","slug":"hrana-umeda-pentru-pisici-pate-morando-professional-gatto-vitello-cu-carne-de-vitel-405g","status":"publish","type":"product","link":"https:\/\/chiraprim.com\/ro\/produs\/hrana-umeda-pentru-pisici-pate-morando-professional-gatto-vitello-cu-carne-de-vitel-405g\/","title":{"rendered":"Hran\u0103 umed\u0103 pentru pisici PATE MORANDO Professional Gatto Vitello (cu carne de vitel) 405g"},"content":{"rendered":"<p>Pate fin \u0219i gustos cu carne de vi\u021bel, formulat special pentru pisici adulte din toate rasele. Textura moale \u0219i gustul delicat asigur\u0103 o acceptare ridicat\u0103 chiar \u0219i \u00een cazul pisicilor sensibile sau mofturoase.<\/p>\n<p>Avantaje:<\/p>\n<p><strong>Compozi\u021bie echilibrat\u0103:<\/strong><br \/>\n\u00cembog\u0103\u021bit cu vitaminele D3 \u0219i E, zinc \u0219i cupru \u2013 sprijin\u0103 s\u0103n\u0103tatea pielii, bl\u0103nii \u0219i a sistemului imunitar.<\/p>\n<p><strong>Palatabilitate crescut\u0103:<\/strong><br \/>\nAroma natural\u0103 de carne de vi\u021bel face hrana foarte atr\u0103g\u0103toare pentru majoritatea pisicilor.<\/p>\n<p><strong>Ambalaj practic:<\/strong><br \/>\nCutie metalic\u0103 cu capac tip inel, u\u0219or de deschis \u0219i ideal\u0103 pentru p\u0103strarea con\u021binutului la frigider dup\u0103 deschidere.<\/p>\n","protected":false},"excerpt":{"rendered":"<p>Pate fin \u0219i gustos cu carne de vi\u021bel, formulat special pentru pisici adulte din toate rasele. Textura moale \u0219i gustul delicat asigur\u0103 o acceptare ridicat\u0103 chiar \u0219i \u00een cazul pisicilor sensibile sau mofturoase. Avantaje: Compozi\u021bie echilibrat\u0103: \u00cembog\u0103\u021bit cu vitaminele D3 \u0219i E, zinc \u0219i cupru \u2013 sprijin\u0103 s\u0103n\u0103tatea pielii, bl\u0103nii \u0219i a sistemului imunitar. Palatabilitate [&hellip;]<\/p>\n","protected":false},"featured_media":6727,"template":"","meta":[],"product_brand":[513],"product_cat":[447,450,454],"product_tag":[],"class_list":{"0":"post-6726","1":"product","2":"type-product","3":"status-publish","4":"has-post-thumbnail","6":"product_brand-morando","7":"product_cat-cats-ro","8":"product_cat-hrana","9":"product_cat-umeda","11":"first","12":"instock","13":"taxable","14":"shipping-taxable","15":"purchasable","16":"product-type-simple"},"_links":{"self":[{"href":"https:\/\/chiraprim.com\/ro\/wp-json\/wp\/v2\/product\/6726","targetHints":{"allow":["GET"]}}],"collection":[{"href":"https:\/\/chiraprim.com\/ro\/wp-json\/wp\/v2\/product"}],"about":[{"href":"https:\/\/chiraprim.com\/ro\/wp-json\/wp\/v2\/types\/product"}],"version-history":[{"count":2,"href":"https:\/\/chiraprim.com\/ro\/wp-json\/wp\/v2\/product\/6726\/revisions"}],"predecessor-version":[{"id":6730,"href":"https:\/\/chiraprim.com\/ro\/wp-json\/wp\/v2\/product\/6726\/revisions\/6730"}],"wp:featuredmedia":[{"embeddable":true,"href":"https:\/\/chiraprim.com\/ro\/wp-json\/wp\/v2\/media\/6727"}],"wp:attachment":[{"href":"https:\/\/chiraprim.com\/ro\/wp-json\/wp\/v2\/media?parent=6726"}],"wp:term":[{"taxonomy":"product_brand","embeddable":true,"href":"https:\/\/chiraprim.com\/ro\/wp-json\/wp\/v2\/product_brand?post=6726"},{"taxonomy":"product_cat","embeddable":true,"href":"https:\/\/chiraprim.com\/ro\/wp-json\/wp\/v2\/product_cat?post=6726"},{"taxonomy":"product_tag","embeddable":true,"href":"https:\/\/chiraprim.com\/ro\/wp-json\/wp\/v2\/product_tag?post=6726"}],"curies":[{"name":"wp","href":"https:\/\/api.w.org\/{rel}","templated":true}]}}