{"id":6742,"date":"2025-06-18T16:16:14","date_gmt":"2025-06-18T14:16:14","guid":{"rendered":"https:\/\/chiraprim.com\/?post_type=product&#038;p=6742"},"modified":"2025-06-28T09:21:21","modified_gmt":"2025-06-28T07:21:21","slug":"hrana-umeda-pentru-pisici-pate-morando-professional-gatto-pesce-bianc-gamberetti-cu-peste-alb-si-creveti-405g","status":"publish","type":"product","link":"https:\/\/chiraprim.com\/ro\/produs\/hrana-umeda-pentru-pisici-pate-morando-professional-gatto-pesce-bianc-gamberetti-cu-peste-alb-si-creveti-405g\/","title":{"rendered":"Hran\u0103 umed\u0103 pentru pisici PATE MORANDO Professional Gatto Pesce Bianc. Gamberetti (cu pe\u0219te alb \u0219i creve\u021bi) 405g"},"content":{"rendered":"<p>Pate fin cu pe\u0219te alb \u0219i creve\u021bi, ideal pentru pisici adulte din toate rasele. Combina\u021bia de ingrediente marine ofer\u0103 un gust delicios \u0219i o textur\u0103 moale, u\u0219or de acceptat chiar \u0219i de pisicile preten\u021bioase.<\/p>\n<p>Avantaje:<\/p>\n<p><strong>Compozi\u021bie echilibrat\u0103:<\/strong><br \/>\n\u00cembog\u0103\u021bit cu vitaminele D3 \u0219i E, zinc \u0219i cupru \u2013 contribuie la men\u021binerea s\u0103n\u0103t\u0103\u021bii pielii, bl\u0103nii \u0219i sistemului imunitar.<\/p>\n<p><strong>Palatabilitate ridicat\u0103:<\/strong><br \/>\nGustul natural de pe\u0219te \u0219i fructe de mare este foarte atr\u0103g\u0103tor pentru majoritatea pisicilor.<\/p>\n<p><strong>Ambalaj practic:<\/strong><br \/>\nCutie cu capac tip inel \u2013 u\u0219or de deschis \u0219i potrivit\u0103 pentru p\u0103strarea resturilor \u00een frigider.<\/p>\n","protected":false},"excerpt":{"rendered":"<p>Pate fin cu pe\u0219te alb \u0219i creve\u021bi, ideal pentru pisici adulte din toate rasele. Combina\u021bia de ingrediente marine ofer\u0103 un gust delicios \u0219i o textur\u0103 moale, u\u0219or de acceptat chiar \u0219i de pisicile preten\u021bioase. Avantaje: Compozi\u021bie echilibrat\u0103: \u00cembog\u0103\u021bit cu vitaminele D3 \u0219i E, zinc \u0219i cupru \u2013 contribuie la men\u021binerea s\u0103n\u0103t\u0103\u021bii pielii, bl\u0103nii \u0219i sistemului [&hellip;]<\/p>\n","protected":false},"featured_media":6743,"template":"","meta":[],"product_brand":[513],"product_cat":[447,450,454],"product_tag":[],"class_list":{"0":"post-6742","1":"product","2":"type-product","3":"status-publish","4":"has-post-thumbnail","6":"product_brand-morando","7":"product_cat-cats-ro","8":"product_cat-hrana","9":"product_cat-umeda","11":"first","12":"instock","13":"taxable","14":"shipping-taxable","15":"purchasable","16":"product-type-simple"},"_links":{"self":[{"href":"https:\/\/chiraprim.com\/ro\/wp-json\/wp\/v2\/product\/6742","targetHints":{"allow":["GET"]}}],"collection":[{"href":"https:\/\/chiraprim.com\/ro\/wp-json\/wp\/v2\/product"}],"about":[{"href":"https:\/\/chiraprim.com\/ro\/wp-json\/wp\/v2\/types\/product"}],"version-history":[{"count":2,"href":"https:\/\/chiraprim.com\/ro\/wp-json\/wp\/v2\/product\/6742\/revisions"}],"predecessor-version":[{"id":6746,"href":"https:\/\/chiraprim.com\/ro\/wp-json\/wp\/v2\/product\/6742\/revisions\/6746"}],"wp:featuredmedia":[{"embeddable":true,"href":"https:\/\/chiraprim.com\/ro\/wp-json\/wp\/v2\/media\/6743"}],"wp:attachment":[{"href":"https:\/\/chiraprim.com\/ro\/wp-json\/wp\/v2\/media?parent=6742"}],"wp:term":[{"taxonomy":"product_brand","embeddable":true,"href":"https:\/\/chiraprim.com\/ro\/wp-json\/wp\/v2\/product_brand?post=6742"},{"taxonomy":"product_cat","embeddable":true,"href":"https:\/\/chiraprim.com\/ro\/wp-json\/wp\/v2\/product_cat?post=6742"},{"taxonomy":"product_tag","embeddable":true,"href":"https:\/\/chiraprim.com\/ro\/wp-json\/wp\/v2\/product_tag?post=6742"}],"curies":[{"name":"wp","href":"https:\/\/api.w.org\/{rel}","templated":true}]}}