{"id":6770,"date":"2025-06-18T16:36:46","date_gmt":"2025-06-18T14:36:46","guid":{"rendered":"https:\/\/chiraprim.com\/?post_type=product&#038;p=6770"},"modified":"2025-06-25T14:11:16","modified_gmt":"2025-06-25T12:11:16","slug":"hrana-umeda-pentru-pisici-pate-morando-professional-gatto-vitello-carote-%d1%82%d0%b5%d0%bb%d1%8f%d1%82%d0%b8%d0%bd%d0%b0-%d1%81-%d0%bc%d0%be%d1%80%d0%ba%d0%be%d0%b2%d1%8c%d1%8e-405g","status":"publish","type":"product","link":"https:\/\/chiraprim.com\/ro\/produs\/hrana-umeda-pentru-pisici-pate-morando-professional-gatto-vitello-carote-%d1%82%d0%b5%d0%bb%d1%8f%d1%82%d0%b8%d0%bd%d0%b0-%d1%81-%d0%bc%d0%be%d1%80%d0%ba%d0%be%d0%b2%d1%8c%d1%8e-405g\/","title":{"rendered":"Hran\u0103 umed\u0103 pentru pisici PATE MORANDO Professional Gatto Vitello CAROTE (vi\u021bel cu morcovi) 405g"},"content":{"rendered":"<p>Hran\u0103 umed\u0103 premium pentru pisici adulte din toate rasele. Pate fin cu carne suculent\u0103 de vi\u021bel \u0219i morcovi naturali, ce ofer\u0103 o nutri\u021bie complet\u0103 \u0219i o digestibilitate excelent\u0103.<\/p>\n<p><strong>Avantaje:<\/strong><\/p>\n<p>Compozi\u021bie echilibrat\u0103, \u00eembog\u0103\u021bit\u0103 cu vitaminele D3 \u0219i E, precum \u0219i minerale (zinc, cupru), care sprijin\u0103 s\u0103n\u0103tatea pielii, bl\u0103nii \u0219i sistemului imunitar.<\/p>\n<p>Palatabilitate ridicat\u0103 datorit\u0103 ingredientelor naturale.<\/p>\n<p>Conserv\u0103 metalic\u0103 practic\u0103 cu capac tip inel, u\u0219or de deschis \u0219i potrivit\u0103 pentru p\u0103strarea resturilor la frigider.<\/p>\n","protected":false},"excerpt":{"rendered":"<p>Hran\u0103 umed\u0103 premium pentru pisici adulte din toate rasele. Pate fin cu carne suculent\u0103 de vi\u021bel \u0219i morcovi naturali, ce ofer\u0103 o nutri\u021bie complet\u0103 \u0219i o digestibilitate excelent\u0103. Avantaje: Compozi\u021bie echilibrat\u0103, \u00eembog\u0103\u021bit\u0103 cu vitaminele D3 \u0219i E, precum \u0219i minerale (zinc, cupru), care sprijin\u0103 s\u0103n\u0103tatea pielii, bl\u0103nii \u0219i sistemului imunitar. Palatabilitate ridicat\u0103 datorit\u0103 ingredientelor naturale. [&hellip;]<\/p>\n","protected":false},"featured_media":6768,"template":"","meta":[],"product_brand":[513],"product_cat":[447,450,454],"product_tag":[],"class_list":{"0":"post-6770","1":"product","2":"type-product","3":"status-publish","4":"has-post-thumbnail","6":"product_brand-morando","7":"product_cat-cats-ro","8":"product_cat-hrana","9":"product_cat-umeda","11":"first","12":"instock","13":"taxable","14":"shipping-taxable","15":"purchasable","16":"product-type-simple"},"_links":{"self":[{"href":"https:\/\/chiraprim.com\/ro\/wp-json\/wp\/v2\/product\/6770","targetHints":{"allow":["GET"]}}],"collection":[{"href":"https:\/\/chiraprim.com\/ro\/wp-json\/wp\/v2\/product"}],"about":[{"href":"https:\/\/chiraprim.com\/ro\/wp-json\/wp\/v2\/types\/product"}],"version-history":[{"count":3,"href":"https:\/\/chiraprim.com\/ro\/wp-json\/wp\/v2\/product\/6770\/revisions"}],"predecessor-version":[{"id":6773,"href":"https:\/\/chiraprim.com\/ro\/wp-json\/wp\/v2\/product\/6770\/revisions\/6773"}],"wp:featuredmedia":[{"embeddable":true,"href":"https:\/\/chiraprim.com\/ro\/wp-json\/wp\/v2\/media\/6768"}],"wp:attachment":[{"href":"https:\/\/chiraprim.com\/ro\/wp-json\/wp\/v2\/media?parent=6770"}],"wp:term":[{"taxonomy":"product_brand","embeddable":true,"href":"https:\/\/chiraprim.com\/ro\/wp-json\/wp\/v2\/product_brand?post=6770"},{"taxonomy":"product_cat","embeddable":true,"href":"https:\/\/chiraprim.com\/ro\/wp-json\/wp\/v2\/product_cat?post=6770"},{"taxonomy":"product_tag","embeddable":true,"href":"https:\/\/chiraprim.com\/ro\/wp-json\/wp\/v2\/product_tag?post=6770"}],"curies":[{"name":"wp","href":"https:\/\/api.w.org\/{rel}","templated":true}]}}