{"id":6850,"date":"2025-06-19T09:37:29","date_gmt":"2025-06-19T07:37:29","guid":{"rendered":"https:\/\/chiraprim.com\/?post_type=product&#038;p=6850"},"modified":"2025-06-19T09:38:20","modified_gmt":"2025-06-19T07:38:20","slug":"nisip-pentru-litiera-din-bentonita-clearcat-naturel-unscented-cat-litter-5-l","status":"publish","type":"product","link":"https:\/\/chiraprim.com\/ro\/produs\/nisip-pentru-litiera-din-bentonita-clearcat-naturel-unscented-cat-litter-5-l\/","title":{"rendered":"Nisip pentru litier\u0103 din bentonit\u0103 Clearcat naturel unscented cat litter 5l"},"content":{"rendered":"<p>Nisip igienic de \u00eenalt\u0103 calitate pe baz\u0103 de argil\u0103 bentonitic\u0103 natural\u0103. F\u0103r\u0103 adaos de parfum, este ideal pentru pisicile cu un miros sensibil \u0219i pentru st\u0103p\u00e2nii care prefer\u0103 un mediu neutru, f\u0103r\u0103 mirosuri artificiale.<br \/>\n<strong>Avantaje:<\/strong><\/p>\n<ul>\n<li>100% argil\u0103 bentonitic\u0103 natural\u0103 \u2013 formeaz\u0103 rapid bulg\u0103ri solizi pentru o cur\u0103\u021bare u\u0219oar\u0103.<\/li>\n<li>F\u0103r\u0103 parfum (Unscented) \u2013 nu con\u021bine arome, fiind sigur pentru animalele sensibile.<\/li>\n<li>Neutralizeaz\u0103 eficient mirosurile \u2013 absoarbe instant umezeala \u0219i blocheaz\u0103 mirosurile nepl\u0103cute.<\/li>\n<li>Granula\u021bie fin\u0103 \u2013 delicat\u0103 pentru l\u0103bu\u021bele pisicii, nu provoac\u0103 disconfort.<\/li>\n<\/ul>\n<p><strong>Mod de utilizare:<\/strong><\/p>\n<ul>\n<li>Umple\u021bi litiera cu un strat de 6\u20138 cm de nisip.<\/li>\n<li>\u00cendep\u0103rta\u021bi zilnic bulg\u0103rii forma\u021bi \u0219i ad\u0103uga\u021bi nisip proasp\u0103t, dup\u0103 necesitate.<\/li>\n<li>Se recomand\u0103 \u00eenlocuirea complet\u0103 a nisipului o dat\u0103 pe lun\u0103.<\/li>\n<\/ul>\n","protected":false},"excerpt":{"rendered":"<p>Nisip igienic de \u00eenalt\u0103 calitate pe baz\u0103 de argil\u0103 bentonitic\u0103 natural\u0103. F\u0103r\u0103 adaos de parfum, este ideal pentru pisicile cu un miros sensibil \u0219i pentru st\u0103p\u00e2nii care prefer\u0103 un mediu neutru, f\u0103r\u0103 mirosuri artificiale. Avantaje: 100% argil\u0103 bentonitic\u0103 natural\u0103 \u2013 formeaz\u0103 rapid bulg\u0103ri solizi pentru o cur\u0103\u021bare u\u0219oar\u0103. F\u0103r\u0103 parfum (Unscented) \u2013 nu con\u021bine arome, [&hellip;]<\/p>\n","protected":false},"featured_media":6851,"template":"","meta":[],"product_brand":[],"product_cat":[447,455,461],"product_tag":[],"class_list":{"0":"post-6850","1":"product","2":"type-product","3":"status-publish","4":"has-post-thumbnail","6":"product_cat-cats-ro","7":"product_cat-nisip","8":"product_cat-nisip-de-bentonita","10":"first","11":"instock","12":"taxable","13":"shipping-taxable","14":"purchasable","15":"product-type-simple"},"_links":{"self":[{"href":"https:\/\/chiraprim.com\/ro\/wp-json\/wp\/v2\/product\/6850","targetHints":{"allow":["GET"]}}],"collection":[{"href":"https:\/\/chiraprim.com\/ro\/wp-json\/wp\/v2\/product"}],"about":[{"href":"https:\/\/chiraprim.com\/ro\/wp-json\/wp\/v2\/types\/product"}],"version-history":[{"count":2,"href":"https:\/\/chiraprim.com\/ro\/wp-json\/wp\/v2\/product\/6850\/revisions"}],"predecessor-version":[{"id":6856,"href":"https:\/\/chiraprim.com\/ro\/wp-json\/wp\/v2\/product\/6850\/revisions\/6856"}],"wp:featuredmedia":[{"embeddable":true,"href":"https:\/\/chiraprim.com\/ro\/wp-json\/wp\/v2\/media\/6851"}],"wp:attachment":[{"href":"https:\/\/chiraprim.com\/ro\/wp-json\/wp\/v2\/media?parent=6850"}],"wp:term":[{"taxonomy":"product_brand","embeddable":true,"href":"https:\/\/chiraprim.com\/ro\/wp-json\/wp\/v2\/product_brand?post=6850"},{"taxonomy":"product_cat","embeddable":true,"href":"https:\/\/chiraprim.com\/ro\/wp-json\/wp\/v2\/product_cat?post=6850"},{"taxonomy":"product_tag","embeddable":true,"href":"https:\/\/chiraprim.com\/ro\/wp-json\/wp\/v2\/product_tag?post=6850"}],"curies":[{"name":"wp","href":"https:\/\/api.w.org\/{rel}","templated":true}]}}