{"id":6863,"date":"2025-06-19T10:09:51","date_gmt":"2025-06-19T08:09:51","guid":{"rendered":"https:\/\/chiraprim.com\/?post_type=product&#038;p=6863"},"modified":"2025-06-19T10:09:51","modified_gmt":"2025-06-19T08:09:51","slug":"nisip-pentru-litiera-din-bentonita-clearcat-lavander-scented-cat-litter-10l","status":"publish","type":"product","link":"https:\/\/chiraprim.com\/ro\/produs\/nisip-pentru-litiera-din-bentonita-clearcat-lavander-scented-cat-litter-10l\/","title":{"rendered":"Nisip pentru litier\u0103 din bentonit\u0103 Clearcat Lavander scented cat litter 10l"},"content":{"rendered":"<p>Clearcat Lavander este un nisip igienic de calitate superioar\u0103 pe baz\u0103 de bentonit\u0103 natural\u0103, parfumat delicat cu lavand\u0103. Ofer\u0103 o absorb\u021bie excelent\u0103, form\u00e2nd bulg\u0103ri compac\u021bi care faciliteaz\u0103 cur\u0103\u021barea zilnic\u0103 a litierei. Parfumul pl\u0103cut de lavand\u0103 contribuie la o atmosfer\u0103 proasp\u0103t\u0103 \u0219i curat\u0103 \u00een locuin\u021b\u0103.\u00a0 \u00a0 \u00a0 \u00a0 \u00a0 \u00a0 \u00a0 \u00a0 \u00a0 \u00a0 \u00a0 \u00a0 \u00a0 \u00a0 \u00a0 \u00a0 \u00a0 \u00a0 \u00a0 \u00a0 \u00a0 \u00a0 \u00a0 \u00a0 \u00a0 \u00a0 \u00a0 \u00a0 \u00a0 \u00a0 \u00a0 \u00a0 \u00a0 \u00a0 \u00a0 \u00a0 \u00a0 \u00a0 \u00a0 \u00a0 \u00a0 \u00a0 \u00a0 \u00a0 \u00a0 \u00a0 \u00a0 \u00a0 \u00a0 \u00a0 \u00a0 \u00a0 \u00a0 \u00a0 \u00a0 \u00a0 \u00a0 \u00a0 \u00a0 \u00a0 \u00a0 \u00a0 \u00a0 \u00a0 \u00a0 \u00a0 \u00a0 \u00a0 \u00a0 \u00a0 \u00a0 \u00a0 \u00a0 \u00a0 \u00a0 \u00a0 \u00a0 \u00a0 \u00a0 <strong>Avantaje:<\/strong><\/p>\n<ul>\n<li>Arom\u0103 proasp\u0103t\u0103 de lavand\u0103 \u2013 neutralizeaz\u0103 mirosurile nepl\u0103cute \u0219i ofer\u0103 prospe\u021bime.<\/li>\n<li>100% bentonit\u0103 natural\u0103 \u2013 formeaz\u0103 bulg\u0103ri solizi, u\u0219or de \u00eendep\u0103rtat.<\/li>\n<li>Absorb\u021bie ridicat\u0103 \u2013 capteaz\u0103 rapid umezeala.<\/li>\n<li>Textur\u0103 fin\u0103 \u2013 delicat\u0103 pentru l\u0103bu\u021bele pisicii.<\/li>\n<\/ul>\n<p><strong>Mod de utilizare:<\/strong><\/p>\n<ul>\n<li>Turna\u021bi un strat de 6\u20138 cm de nisip \u00een litier\u0103.<\/li>\n<li>\u00cendep\u0103rta\u021bi bulg\u0103rii zilnic \u0219i completa\u021bi cu produs proasp\u0103t, dup\u0103 nevoie.<\/li>\n<li>Cur\u0103\u021ba\u021bi complet litiera cel pu\u021bin o dat\u0103 pe lun\u0103.<\/li>\n<\/ul>\n","protected":false},"excerpt":{"rendered":"<p>Clearcat Lavander este un nisip igienic de calitate superioar\u0103 pe baz\u0103 de bentonit\u0103 natural\u0103, parfumat delicat cu lavand\u0103. Ofer\u0103 o absorb\u021bie excelent\u0103, form\u00e2nd bulg\u0103ri compac\u021bi care faciliteaz\u0103 cur\u0103\u021barea zilnic\u0103 a litierei. Parfumul pl\u0103cut de lavand\u0103 contribuie la o atmosfer\u0103 proasp\u0103t\u0103 \u0219i curat\u0103 \u00een locuin\u021b\u0103.\u00a0 \u00a0 \u00a0 \u00a0 \u00a0 \u00a0 \u00a0 \u00a0 \u00a0 \u00a0 \u00a0 \u00a0 [&hellip;]<\/p>\n","protected":false},"featured_media":6867,"template":"","meta":[],"product_brand":[],"product_cat":[447,455,461],"product_tag":[],"class_list":{"0":"post-6863","1":"product","2":"type-product","3":"status-publish","4":"has-post-thumbnail","6":"product_cat-cats-ro","7":"product_cat-nisip","8":"product_cat-nisip-de-bentonita","10":"first","11":"instock","12":"taxable","13":"shipping-taxable","14":"purchasable","15":"product-type-simple"},"_links":{"self":[{"href":"https:\/\/chiraprim.com\/ro\/wp-json\/wp\/v2\/product\/6863","targetHints":{"allow":["GET"]}}],"collection":[{"href":"https:\/\/chiraprim.com\/ro\/wp-json\/wp\/v2\/product"}],"about":[{"href":"https:\/\/chiraprim.com\/ro\/wp-json\/wp\/v2\/types\/product"}],"version-history":[{"count":2,"href":"https:\/\/chiraprim.com\/ro\/wp-json\/wp\/v2\/product\/6863\/revisions"}],"predecessor-version":[{"id":6871,"href":"https:\/\/chiraprim.com\/ro\/wp-json\/wp\/v2\/product\/6863\/revisions\/6871"}],"wp:featuredmedia":[{"embeddable":true,"href":"https:\/\/chiraprim.com\/ro\/wp-json\/wp\/v2\/media\/6867"}],"wp:attachment":[{"href":"https:\/\/chiraprim.com\/ro\/wp-json\/wp\/v2\/media?parent=6863"}],"wp:term":[{"taxonomy":"product_brand","embeddable":true,"href":"https:\/\/chiraprim.com\/ro\/wp-json\/wp\/v2\/product_brand?post=6863"},{"taxonomy":"product_cat","embeddable":true,"href":"https:\/\/chiraprim.com\/ro\/wp-json\/wp\/v2\/product_cat?post=6863"},{"taxonomy":"product_tag","embeddable":true,"href":"https:\/\/chiraprim.com\/ro\/wp-json\/wp\/v2\/product_tag?post=6863"}],"curies":[{"name":"wp","href":"https:\/\/api.w.org\/{rel}","templated":true}]}}