{"id":6884,"date":"2025-06-19T13:08:13","date_gmt":"2025-06-19T11:08:13","guid":{"rendered":"https:\/\/chiraprim.com\/?post_type=product&#038;p=6884"},"modified":"2025-06-19T13:11:33","modified_gmt":"2025-06-19T11:11:33","slug":"nisip-pentru-litiera-din-bentonita-catroyale-marseille-soap-scented-cat-litter-5l","status":"publish","type":"product","link":"https:\/\/chiraprim.com\/ro\/produs\/nisip-pentru-litiera-din-bentonita-catroyale-marseille-soap-scented-cat-litter-5l\/","title":{"rendered":"Nisip pentru litier\u0103 din bentonit\u0103 Catroyale Marseille Soap Scented cat Litter  5l"},"content":{"rendered":"<p>Catroyale Marseille Soap este un nisip igienic aglomerant premium, pe baz\u0103 de bentonit\u0103 natural\u0103, cu parfum delicat de s\u0103pun de Marsilia. Absoarbe eficient umezeala, formeaz\u0103 bulg\u0103ri solizi \u0219i elimin\u0103 mirosurile nepl\u0103cute, oferind o senza\u021bie de prospe\u021bime \u0219i cur\u0103\u021benie.<\/p>\n<p><strong>Avantaje:<\/strong><\/p>\n<ul>\n<li>Parfum de s\u0103pun de Marsilia \u2013 neutralizeaz\u0103 mirosurile nepl\u0103cute \u0219i ofer\u0103 prospe\u021bime.<\/li>\n<li>100% bentonit\u0103 natural\u0103 \u2013 formeaz\u0103 rapid bulg\u0103ri den\u0219i \u0219i u\u0219or de \u00eendep\u0103rtat.<\/li>\n<li>Absorb\u021bie rapid\u0103 \u2013 capteaz\u0103 eficient umezeala.<\/li>\n<li>Granula\u021bie fin\u0103 \u2013 bl\u00e2nd\u0103 cu l\u0103bu\u021bele pisicii.<\/li>\n<\/ul>\n<p><strong>Mod de utilizare:<\/strong><\/p>\n<ul>\n<li>Turna\u021bi un strat de 6\u20138 cm \u00een litier\u0103.<\/li>\n<li>\u00cendep\u0103rta\u021bi bulg\u0103rii zilnic.<\/li>\n<li>\u00cenlocui\u021bi complet nisipul o dat\u0103 pe lun\u0103.<\/li>\n<\/ul>\n","protected":false},"excerpt":{"rendered":"<p>Catroyale Marseille Soap este un nisip igienic aglomerant premium, pe baz\u0103 de bentonit\u0103 natural\u0103, cu parfum delicat de s\u0103pun de Marsilia. Absoarbe eficient umezeala, formeaz\u0103 bulg\u0103ri solizi \u0219i elimin\u0103 mirosurile nepl\u0103cute, oferind o senza\u021bie de prospe\u021bime \u0219i cur\u0103\u021benie. Avantaje: Parfum de s\u0103pun de Marsilia \u2013 neutralizeaz\u0103 mirosurile nepl\u0103cute \u0219i ofer\u0103 prospe\u021bime. 100% bentonit\u0103 natural\u0103 \u2013 [&hellip;]<\/p>\n","protected":false},"featured_media":6881,"template":"","meta":[],"product_brand":[],"product_cat":[447,455,461],"product_tag":[],"class_list":{"0":"post-6884","1":"product","2":"type-product","3":"status-publish","4":"has-post-thumbnail","6":"product_cat-cats-ro","7":"product_cat-nisip","8":"product_cat-nisip-de-bentonita","10":"first","11":"instock","12":"taxable","13":"shipping-taxable","14":"purchasable","15":"product-type-simple"},"_links":{"self":[{"href":"https:\/\/chiraprim.com\/ro\/wp-json\/wp\/v2\/product\/6884","targetHints":{"allow":["GET"]}}],"collection":[{"href":"https:\/\/chiraprim.com\/ro\/wp-json\/wp\/v2\/product"}],"about":[{"href":"https:\/\/chiraprim.com\/ro\/wp-json\/wp\/v2\/types\/product"}],"version-history":[{"count":1,"href":"https:\/\/chiraprim.com\/ro\/wp-json\/wp\/v2\/product\/6884\/revisions"}],"predecessor-version":[{"id":6887,"href":"https:\/\/chiraprim.com\/ro\/wp-json\/wp\/v2\/product\/6884\/revisions\/6887"}],"wp:featuredmedia":[{"embeddable":true,"href":"https:\/\/chiraprim.com\/ro\/wp-json\/wp\/v2\/media\/6881"}],"wp:attachment":[{"href":"https:\/\/chiraprim.com\/ro\/wp-json\/wp\/v2\/media?parent=6884"}],"wp:term":[{"taxonomy":"product_brand","embeddable":true,"href":"https:\/\/chiraprim.com\/ro\/wp-json\/wp\/v2\/product_brand?post=6884"},{"taxonomy":"product_cat","embeddable":true,"href":"https:\/\/chiraprim.com\/ro\/wp-json\/wp\/v2\/product_cat?post=6884"},{"taxonomy":"product_tag","embeddable":true,"href":"https:\/\/chiraprim.com\/ro\/wp-json\/wp\/v2\/product_tag?post=6884"}],"curies":[{"name":"wp","href":"https:\/\/api.w.org\/{rel}","templated":true}]}}