{"id":6903,"date":"2025-06-20T09:58:14","date_gmt":"2025-06-20T07:58:14","guid":{"rendered":"https:\/\/chiraprim.com\/?post_type=product&#038;p=6903"},"modified":"2025-06-20T09:58:14","modified_gmt":"2025-06-20T07:58:14","slug":"nisip-pentru-litiera-din-bentonita-gattino-baby-powder-scented-cat-litter-10-l","status":"publish","type":"product","link":"https:\/\/chiraprim.com\/ro\/produs\/nisip-pentru-litiera-din-bentonita-gattino-baby-powder-scented-cat-litter-10-l\/","title":{"rendered":"Nisip pentru litier\u0103 din bentonit\u0103 Gattino Baby Powder Scented Cat Litter 10 L"},"content":{"rendered":"<p>Litter clumping clasic din bentonit\u0103 alb\u0103 cu parfum de \u201epudr\u0103 pentru bebelu\u0219i\u201d.<\/p>\n<p><strong>Avantaje:<\/strong><\/p>\n<ul>\n<li>Absorb\u021bie ridicat\u0103 \u0219i control eficient al mirosurilor<\/li>\n<li>Formeaz\u0103 bulg\u0103ri solizi \u0219i compac\u021bi \u2013 u\u0219or de \u00eendep\u0103rtat<\/li>\n<li>Nivel redus de praf \u2013 mai pu\u021bin praf la turnare<\/li>\n<li>Sigur \u00een caz de ingerare accidental\u0103 (bentonit\u0103 natural\u0103)<\/li>\n<\/ul>\n","protected":false},"excerpt":{"rendered":"<p>Litter clumping clasic din bentonit\u0103 alb\u0103 cu parfum de \u201epudr\u0103 pentru bebelu\u0219i\u201d. Avantaje: Absorb\u021bie ridicat\u0103 \u0219i control eficient al mirosurilor Formeaz\u0103 bulg\u0103ri solizi \u0219i compac\u021bi \u2013 u\u0219or de \u00eendep\u0103rtat Nivel redus de praf \u2013 mai pu\u021bin praf la turnare Sigur \u00een caz de ingerare accidental\u0103 (bentonit\u0103 natural\u0103)<\/p>\n","protected":false},"featured_media":6904,"template":"","meta":[],"product_brand":[],"product_cat":[447,455,461],"product_tag":[],"class_list":{"0":"post-6903","1":"product","2":"type-product","3":"status-publish","4":"has-post-thumbnail","6":"product_cat-cats-ro","7":"product_cat-nisip","8":"product_cat-nisip-de-bentonita","10":"first","11":"instock","12":"taxable","13":"shipping-taxable","14":"purchasable","15":"product-type-simple"},"_links":{"self":[{"href":"https:\/\/chiraprim.com\/ro\/wp-json\/wp\/v2\/product\/6903","targetHints":{"allow":["GET"]}}],"collection":[{"href":"https:\/\/chiraprim.com\/ro\/wp-json\/wp\/v2\/product"}],"about":[{"href":"https:\/\/chiraprim.com\/ro\/wp-json\/wp\/v2\/types\/product"}],"version-history":[{"count":1,"href":"https:\/\/chiraprim.com\/ro\/wp-json\/wp\/v2\/product\/6903\/revisions"}],"predecessor-version":[{"id":6906,"href":"https:\/\/chiraprim.com\/ro\/wp-json\/wp\/v2\/product\/6903\/revisions\/6906"}],"wp:featuredmedia":[{"embeddable":true,"href":"https:\/\/chiraprim.com\/ro\/wp-json\/wp\/v2\/media\/6904"}],"wp:attachment":[{"href":"https:\/\/chiraprim.com\/ro\/wp-json\/wp\/v2\/media?parent=6903"}],"wp:term":[{"taxonomy":"product_brand","embeddable":true,"href":"https:\/\/chiraprim.com\/ro\/wp-json\/wp\/v2\/product_brand?post=6903"},{"taxonomy":"product_cat","embeddable":true,"href":"https:\/\/chiraprim.com\/ro\/wp-json\/wp\/v2\/product_cat?post=6903"},{"taxonomy":"product_tag","embeddable":true,"href":"https:\/\/chiraprim.com\/ro\/wp-json\/wp\/v2\/product_tag?post=6903"}],"curies":[{"name":"wp","href":"https:\/\/api.w.org\/{rel}","templated":true}]}}