{"id":6910,"date":"2025-06-20T12:56:17","date_gmt":"2025-06-20T10:56:17","guid":{"rendered":"https:\/\/chiraprim.com\/?post_type=product&#038;p=6910"},"modified":"2025-06-20T12:56:18","modified_gmt":"2025-06-20T10:56:18","slug":"nisip-pentru-litiera-din-bentonita-gattino-marseille-soap-scented-cat-litter-15l","status":"publish","type":"product","link":"https:\/\/chiraprim.com\/ro\/produs\/nisip-pentru-litiera-din-bentonita-gattino-marseille-soap-scented-cat-litter-15l\/","title":{"rendered":"Nisip pentru litier\u0103 din bentonit\u0103 Gattino Marseille Soap Scented Cat Litter 15L"},"content":{"rendered":"<p>Nisip igienic aglomerant de calitate superioar\u0103 din bentonit\u0103, cu parfum de s\u0103pun de Marsilia.<\/p>\n<p><strong>Avantaje:<\/strong><\/p>\n<ul>\n<li>Super absorb\u021bie<\/li>\n<li>Formeaz\u0103 rapid bulg\u0103ri solizi<\/li>\n<li>Control eficient al mirosurilor<\/li>\n<li>Nivel redus de praf<\/li>\n<li>Ac\u021biune antibacterian\u0103, nu provoac\u0103 alergii, sigur \u00een caz de ingerare accidental\u0103<\/li>\n<\/ul>\n","protected":false},"excerpt":{"rendered":"<p>Nisip igienic aglomerant de calitate superioar\u0103 din bentonit\u0103, cu parfum de s\u0103pun de Marsilia. Avantaje: Super absorb\u021bie Formeaz\u0103 rapid bulg\u0103ri solizi Control eficient al mirosurilor Nivel redus de praf Ac\u021biune antibacterian\u0103, nu provoac\u0103 alergii, sigur \u00een caz de ingerare accidental\u0103<\/p>\n","protected":false},"featured_media":6914,"template":"","meta":[],"product_brand":[],"product_cat":[447,455,461],"product_tag":[],"class_list":{"0":"post-6910","1":"product","2":"type-product","3":"status-publish","4":"has-post-thumbnail","6":"product_cat-cats-ro","7":"product_cat-nisip","8":"product_cat-nisip-de-bentonita","10":"first","11":"instock","12":"taxable","13":"shipping-taxable","14":"purchasable","15":"product-type-simple"},"_links":{"self":[{"href":"https:\/\/chiraprim.com\/ro\/wp-json\/wp\/v2\/product\/6910","targetHints":{"allow":["GET"]}}],"collection":[{"href":"https:\/\/chiraprim.com\/ro\/wp-json\/wp\/v2\/product"}],"about":[{"href":"https:\/\/chiraprim.com\/ro\/wp-json\/wp\/v2\/types\/product"}],"version-history":[{"count":1,"href":"https:\/\/chiraprim.com\/ro\/wp-json\/wp\/v2\/product\/6910\/revisions"}],"predecessor-version":[{"id":6916,"href":"https:\/\/chiraprim.com\/ro\/wp-json\/wp\/v2\/product\/6910\/revisions\/6916"}],"wp:featuredmedia":[{"embeddable":true,"href":"https:\/\/chiraprim.com\/ro\/wp-json\/wp\/v2\/media\/6914"}],"wp:attachment":[{"href":"https:\/\/chiraprim.com\/ro\/wp-json\/wp\/v2\/media?parent=6910"}],"wp:term":[{"taxonomy":"product_brand","embeddable":true,"href":"https:\/\/chiraprim.com\/ro\/wp-json\/wp\/v2\/product_brand?post=6910"},{"taxonomy":"product_cat","embeddable":true,"href":"https:\/\/chiraprim.com\/ro\/wp-json\/wp\/v2\/product_cat?post=6910"},{"taxonomy":"product_tag","embeddable":true,"href":"https:\/\/chiraprim.com\/ro\/wp-json\/wp\/v2\/product_tag?post=6910"}],"curies":[{"name":"wp","href":"https:\/\/api.w.org\/{rel}","templated":true}]}}