{"id":6934,"date":"2025-06-20T13:38:09","date_gmt":"2025-06-20T11:38:09","guid":{"rendered":"https:\/\/chiraprim.com\/?post_type=product&#038;p=6934"},"modified":"2025-07-14T08:26:41","modified_gmt":"2025-07-14T06:26:41","slug":"nisip-pentru-litiera-din-bentonita-haisenpet-ball-shape-bentonite-cat-litter-coffee-10l","status":"publish","type":"product","link":"https:\/\/chiraprim.com\/ro\/produs\/nisip-pentru-litiera-din-bentonita-haisenpet-ball-shape-bentonite-cat-litter-coffee-10l\/","title":{"rendered":"Nisip pentru litier\u0103 din bentonit\u0103  HAISENPET Ball shape bentonite cat litter COFFEE 10L"},"content":{"rendered":"<p>Nisip igienic bentonitic parfumat cu arom\u0103 de cafea proasp\u0103t m\u0103cinat\u0103, sub form\u0103 de granule sferice, cu control excelent al mirosurilor, praf redus, aglomerare rapid\u0103 \u0219i efect antibacterian. Ideal pentru cei care prefer\u0103 un miros de cafea \u0219i un nivel ridicat de igien\u0103.<\/p>\n<p><strong>Avantaje:<\/strong><\/p>\n<ul>\n<li>Aglomerare rapid\u0103 \u0219i solid\u0103 \u2013 permite \u00eendep\u0103rtarea u\u0219oar\u0103 a p\u0103r\u021bilor murdare.<\/li>\n<li>Nivel redus de praf (&lt;1\u202f%) \u2013 mai curat \u0219i mai sigur pentru respira\u021bie.<\/li>\n<li>Absorb\u021bie ridicat\u0103 datorit\u0103 bentonitei \u0219i bilelor de silicat.<\/li>\n<li>Protec\u021bie antibacterian\u0103 \u2013 men\u021bine igiena \u00een litier\u0103.<\/li>\n<li>Consum economic \u2013 granulele \u00ee\u0219i p\u0103streaz\u0103 forma \u0219i eficien\u021ba mai mult timp.<\/li>\n<\/ul>\n","protected":false},"excerpt":{"rendered":"<p>Nisip igienic bentonitic parfumat cu arom\u0103 de cafea proasp\u0103t m\u0103cinat\u0103, sub form\u0103 de granule sferice, cu control excelent al mirosurilor, praf redus, aglomerare rapid\u0103 \u0219i efect antibacterian. Ideal pentru cei care prefer\u0103 un miros de cafea \u0219i un nivel ridicat de igien\u0103. Avantaje: Aglomerare rapid\u0103 \u0219i solid\u0103 \u2013 permite \u00eendep\u0103rtarea u\u0219oar\u0103 a p\u0103r\u021bilor murdare. Nivel [&hellip;]<\/p>\n","protected":false},"featured_media":6938,"template":"","meta":[],"product_brand":[],"product_cat":[447,455,461],"product_tag":[],"class_list":{"0":"post-6934","1":"product","2":"type-product","3":"status-publish","4":"has-post-thumbnail","6":"product_cat-cats-ro","7":"product_cat-nisip","8":"product_cat-nisip-de-bentonita","10":"first","11":"instock","12":"taxable","13":"shipping-taxable","14":"purchasable","15":"product-type-simple"},"_links":{"self":[{"href":"https:\/\/chiraprim.com\/ro\/wp-json\/wp\/v2\/product\/6934","targetHints":{"allow":["GET"]}}],"collection":[{"href":"https:\/\/chiraprim.com\/ro\/wp-json\/wp\/v2\/product"}],"about":[{"href":"https:\/\/chiraprim.com\/ro\/wp-json\/wp\/v2\/types\/product"}],"version-history":[{"count":2,"href":"https:\/\/chiraprim.com\/ro\/wp-json\/wp\/v2\/product\/6934\/revisions"}],"predecessor-version":[{"id":7652,"href":"https:\/\/chiraprim.com\/ro\/wp-json\/wp\/v2\/product\/6934\/revisions\/7652"}],"wp:featuredmedia":[{"embeddable":true,"href":"https:\/\/chiraprim.com\/ro\/wp-json\/wp\/v2\/media\/6938"}],"wp:attachment":[{"href":"https:\/\/chiraprim.com\/ro\/wp-json\/wp\/v2\/media?parent=6934"}],"wp:term":[{"taxonomy":"product_brand","embeddable":true,"href":"https:\/\/chiraprim.com\/ro\/wp-json\/wp\/v2\/product_brand?post=6934"},{"taxonomy":"product_cat","embeddable":true,"href":"https:\/\/chiraprim.com\/ro\/wp-json\/wp\/v2\/product_cat?post=6934"},{"taxonomy":"product_tag","embeddable":true,"href":"https:\/\/chiraprim.com\/ro\/wp-json\/wp\/v2\/product_tag?post=6934"}],"curies":[{"name":"wp","href":"https:\/\/api.w.org\/{rel}","templated":true}]}}