{"id":6957,"date":"2025-06-20T14:05:47","date_gmt":"2025-06-20T12:05:47","guid":{"rendered":"https:\/\/chiraprim.com\/?post_type=product&#038;p=6957"},"modified":"2025-06-20T14:05:47","modified_gmt":"2025-06-20T12:05:47","slug":"nisip-pentru-litiera-din-tofu-tofu-cat-litter-green-tea-cu-aroma-de-ceai-verde-6l","status":"publish","type":"product","link":"https:\/\/chiraprim.com\/ro\/produs\/nisip-pentru-litiera-din-tofu-tofu-cat-litter-green-tea-cu-aroma-de-ceai-verde-6l\/","title":{"rendered":"Nisip pentru litier\u0103 din tofu Tofu cat litter GREEN TEA ( cu arom\u0103 de ceai verde) 6L"},"content":{"rendered":"<p>Nisip igienic natural din tofu, cu arom\u0103 de ceai verde<br \/>\nUn a\u0219ternut biodegradabil pe baz\u0103 de fibre din soia, sigur pentru pisici \u0219i prietenos cu mediul. Are un miros pl\u0103cut \u0219i proasp\u0103t de ceai verde \u0219i o capacitate excelent\u0103 de absorb\u021bie.<\/p>\n<p><strong>Avantaje:<\/strong><\/p>\n<ul>\n<li>100% natural \u2013 realizat din fibre de soia \u0219i amidon<\/li>\n<li>Aglomerare rapid\u0103 \u2013 u\u0219or de cur\u0103\u021bat<\/li>\n<li>Neutralizeaz\u0103 mirosurile \u2013 cu parfum delicat de ceai verde<\/li>\n<li>Se poate arunca \u00een toalet\u0103 \u2013 se dizolv\u0103 \u00een ap\u0103<\/li>\n<li>Potrivit pentru pisoi \u0219i pisici sensibile<\/li>\n<\/ul>\n<p>&nbsp;<\/p>\n","protected":false},"excerpt":{"rendered":"<p>Nisip igienic natural din tofu, cu arom\u0103 de ceai verde Un a\u0219ternut biodegradabil pe baz\u0103 de fibre din soia, sigur pentru pisici \u0219i prietenos cu mediul. Are un miros pl\u0103cut \u0219i proasp\u0103t de ceai verde \u0219i o capacitate excelent\u0103 de absorb\u021bie. Avantaje: 100% natural \u2013 realizat din fibre de soia \u0219i amidon Aglomerare rapid\u0103 \u2013 [&hellip;]<\/p>\n","protected":false},"featured_media":6958,"template":"","meta":[],"product_brand":[],"product_cat":[447,455,462],"product_tag":[],"class_list":{"0":"post-6957","1":"product","2":"type-product","3":"status-publish","4":"has-post-thumbnail","6":"product_cat-cats-ro","7":"product_cat-nisip","8":"product_cat-nisip-de-soia","10":"first","11":"instock","12":"taxable","13":"shipping-taxable","14":"purchasable","15":"product-type-simple"},"_links":{"self":[{"href":"https:\/\/chiraprim.com\/ro\/wp-json\/wp\/v2\/product\/6957","targetHints":{"allow":["GET"]}}],"collection":[{"href":"https:\/\/chiraprim.com\/ro\/wp-json\/wp\/v2\/product"}],"about":[{"href":"https:\/\/chiraprim.com\/ro\/wp-json\/wp\/v2\/types\/product"}],"version-history":[{"count":1,"href":"https:\/\/chiraprim.com\/ro\/wp-json\/wp\/v2\/product\/6957\/revisions"}],"predecessor-version":[{"id":6960,"href":"https:\/\/chiraprim.com\/ro\/wp-json\/wp\/v2\/product\/6957\/revisions\/6960"}],"wp:featuredmedia":[{"embeddable":true,"href":"https:\/\/chiraprim.com\/ro\/wp-json\/wp\/v2\/media\/6958"}],"wp:attachment":[{"href":"https:\/\/chiraprim.com\/ro\/wp-json\/wp\/v2\/media?parent=6957"}],"wp:term":[{"taxonomy":"product_brand","embeddable":true,"href":"https:\/\/chiraprim.com\/ro\/wp-json\/wp\/v2\/product_brand?post=6957"},{"taxonomy":"product_cat","embeddable":true,"href":"https:\/\/chiraprim.com\/ro\/wp-json\/wp\/v2\/product_cat?post=6957"},{"taxonomy":"product_tag","embeddable":true,"href":"https:\/\/chiraprim.com\/ro\/wp-json\/wp\/v2\/product_tag?post=6957"}],"curies":[{"name":"wp","href":"https:\/\/api.w.org\/{rel}","templated":true}]}}