{"id":6964,"date":"2025-06-20T14:13:17","date_gmt":"2025-06-20T12:13:17","guid":{"rendered":"https:\/\/chiraprim.com\/?post_type=product&#038;p=6964"},"modified":"2025-06-20T14:13:17","modified_gmt":"2025-06-20T12:13:17","slug":"nisip-pentru-litiera-din-tofu-tofu-cat-litter-honey-peach-cu-aroma-de-piersica-6l","status":"publish","type":"product","link":"https:\/\/chiraprim.com\/ro\/produs\/nisip-pentru-litiera-din-tofu-tofu-cat-litter-honey-peach-cu-aroma-de-piersica-6l\/","title":{"rendered":"Nisip pentru litier\u0103 din tofu Tofu cat litter HONEY PEACH ( cu arom\u0103 de piersic\u0103) 6L"},"content":{"rendered":"<p>Nisip igienic natural din tofu cu arom\u0103 de piersic\u0103.<br \/>\nUn a\u0219ternut biodegradabil \u0219i ecologic, realizat din fibre de soia \u0219i amidon natural. Ideal pentru pisici sensibile, cu un miros dulce \u0219i pl\u0103cut de piersic\u0103 coapt\u0103.<\/p>\n<p><strong>Avantaje:<\/strong><\/p>\n<ul>\n<li>100% natural \u2013 fibre de soia \u0219i amidon de porumb<\/li>\n<li>Miros fructat delicat (miere + piersic\u0103)<\/li>\n<li>Aglomerare rapid\u0103 \u0219i eficient\u0103<\/li>\n<li>Se poate arunca \u00een toalet\u0103 \u2013 solubil \u00een ap\u0103<\/li>\n<li>F\u0103r\u0103 praf \u2013 nu se lipe\u0219te de l\u0103bu\u021be<\/li>\n<li>Sigur \u00een caz de ingerare accidental\u0103<\/li>\n<li>Potrivit pentru pisoi \u0219i pisici adulte<\/li>\n<\/ul>\n","protected":false},"excerpt":{"rendered":"<p>Nisip igienic natural din tofu cu arom\u0103 de piersic\u0103. Un a\u0219ternut biodegradabil \u0219i ecologic, realizat din fibre de soia \u0219i amidon natural. Ideal pentru pisici sensibile, cu un miros dulce \u0219i pl\u0103cut de piersic\u0103 coapt\u0103. Avantaje: 100% natural \u2013 fibre de soia \u0219i amidon de porumb Miros fructat delicat (miere + piersic\u0103) Aglomerare rapid\u0103 \u0219i [&hellip;]<\/p>\n","protected":false},"featured_media":6965,"template":"","meta":[],"product_brand":[],"product_cat":[447,455,462],"product_tag":[],"class_list":{"0":"post-6964","1":"product","2":"type-product","3":"status-publish","4":"has-post-thumbnail","6":"product_cat-cats-ro","7":"product_cat-nisip","8":"product_cat-nisip-de-soia","10":"first","11":"instock","12":"taxable","13":"shipping-taxable","14":"purchasable","15":"product-type-simple"},"_links":{"self":[{"href":"https:\/\/chiraprim.com\/ro\/wp-json\/wp\/v2\/product\/6964","targetHints":{"allow":["GET"]}}],"collection":[{"href":"https:\/\/chiraprim.com\/ro\/wp-json\/wp\/v2\/product"}],"about":[{"href":"https:\/\/chiraprim.com\/ro\/wp-json\/wp\/v2\/types\/product"}],"version-history":[{"count":1,"href":"https:\/\/chiraprim.com\/ro\/wp-json\/wp\/v2\/product\/6964\/revisions"}],"predecessor-version":[{"id":6967,"href":"https:\/\/chiraprim.com\/ro\/wp-json\/wp\/v2\/product\/6964\/revisions\/6967"}],"wp:featuredmedia":[{"embeddable":true,"href":"https:\/\/chiraprim.com\/ro\/wp-json\/wp\/v2\/media\/6965"}],"wp:attachment":[{"href":"https:\/\/chiraprim.com\/ro\/wp-json\/wp\/v2\/media?parent=6964"}],"wp:term":[{"taxonomy":"product_brand","embeddable":true,"href":"https:\/\/chiraprim.com\/ro\/wp-json\/wp\/v2\/product_brand?post=6964"},{"taxonomy":"product_cat","embeddable":true,"href":"https:\/\/chiraprim.com\/ro\/wp-json\/wp\/v2\/product_cat?post=6964"},{"taxonomy":"product_tag","embeddable":true,"href":"https:\/\/chiraprim.com\/ro\/wp-json\/wp\/v2\/product_tag?post=6964"}],"curies":[{"name":"wp","href":"https:\/\/api.w.org\/{rel}","templated":true}]}}