{"id":6977,"date":"2025-06-20T14:49:42","date_gmt":"2025-06-20T12:49:42","guid":{"rendered":"https:\/\/chiraprim.com\/?post_type=product&#038;p=6977"},"modified":"2025-06-20T14:49:42","modified_gmt":"2025-06-20T12:49:42","slug":"nisip-pentru-litiera-din-silicat-38l","status":"publish","type":"product","link":"https:\/\/chiraprim.com\/ro\/produs\/nisip-pentru-litiera-din-silicat-38l\/","title":{"rendered":"Nisip pentru litier\u0103 din silicat 3,8L"},"content":{"rendered":"<p>Un a\u0219ternut eficient \u0219i economic din cristale de silicat. Absoarbe imediat umezeala \u0219i mirosurile nepl\u0103cute. Potrivit pentru toate tipurile de pisici, inclusiv cele sensibile.<\/p>\n<p><strong>Avantaje:<\/strong><\/p>\n<ul>\n<li>Absoarbe instantaneu lichidul \u0219i mirosurile<\/li>\n<li>P\u0103streaz\u0103 suprafa\u021ba litierei uscat\u0103<\/li>\n<li>Nu formeaz\u0103 bulg\u0103ri \u2013 lichidul este absorbit \u00een granule<\/li>\n<li>F\u0103r\u0103 praf \u2013 nu provoac\u0103 alergii<\/li>\n<li>U\u0219or \u0219i economic<\/li>\n<\/ul>\n","protected":false},"excerpt":{"rendered":"<p>Un a\u0219ternut eficient \u0219i economic din cristale de silicat. Absoarbe imediat umezeala \u0219i mirosurile nepl\u0103cute. Potrivit pentru toate tipurile de pisici, inclusiv cele sensibile. Avantaje: Absoarbe instantaneu lichidul \u0219i mirosurile P\u0103streaz\u0103 suprafa\u021ba litierei uscat\u0103 Nu formeaz\u0103 bulg\u0103ri \u2013 lichidul este absorbit \u00een granule F\u0103r\u0103 praf \u2013 nu provoac\u0103 alergii U\u0219or \u0219i economic<\/p>\n","protected":false},"featured_media":6978,"template":"","meta":[],"product_brand":[],"product_cat":[447,455,510],"product_tag":[],"class_list":{"0":"post-6977","1":"product","2":"type-product","3":"status-publish","4":"has-post-thumbnail","6":"product_cat-cats-ro","7":"product_cat-nisip","8":"product_cat-nisip-de-silicat","10":"first","11":"instock","12":"taxable","13":"shipping-taxable","14":"purchasable","15":"product-type-simple"},"_links":{"self":[{"href":"https:\/\/chiraprim.com\/ro\/wp-json\/wp\/v2\/product\/6977","targetHints":{"allow":["GET"]}}],"collection":[{"href":"https:\/\/chiraprim.com\/ro\/wp-json\/wp\/v2\/product"}],"about":[{"href":"https:\/\/chiraprim.com\/ro\/wp-json\/wp\/v2\/types\/product"}],"version-history":[{"count":1,"href":"https:\/\/chiraprim.com\/ro\/wp-json\/wp\/v2\/product\/6977\/revisions"}],"predecessor-version":[{"id":6980,"href":"https:\/\/chiraprim.com\/ro\/wp-json\/wp\/v2\/product\/6977\/revisions\/6980"}],"wp:featuredmedia":[{"embeddable":true,"href":"https:\/\/chiraprim.com\/ro\/wp-json\/wp\/v2\/media\/6978"}],"wp:attachment":[{"href":"https:\/\/chiraprim.com\/ro\/wp-json\/wp\/v2\/media?parent=6977"}],"wp:term":[{"taxonomy":"product_brand","embeddable":true,"href":"https:\/\/chiraprim.com\/ro\/wp-json\/wp\/v2\/product_brand?post=6977"},{"taxonomy":"product_cat","embeddable":true,"href":"https:\/\/chiraprim.com\/ro\/wp-json\/wp\/v2\/product_cat?post=6977"},{"taxonomy":"product_tag","embeddable":true,"href":"https:\/\/chiraprim.com\/ro\/wp-json\/wp\/v2\/product_tag?post=6977"}],"curies":[{"name":"wp","href":"https:\/\/api.w.org\/{rel}","templated":true}]}}