{"id":7085,"date":"2025-06-21T09:01:13","date_gmt":"2025-06-21T07:01:13","guid":{"rendered":"https:\/\/chiraprim.com\/?post_type=product&#038;p=7085"},"modified":"2025-06-25T14:11:15","modified_gmt":"2025-06-25T12:11:15","slug":"hrana-pentru-caini-morando-cane-crocc-pollo-adult-cu-carne-de-pui-15kg","status":"publish","type":"product","link":"https:\/\/chiraprim.com\/ro\/produs\/hrana-pentru-caini-morando-cane-crocc-pollo-adult-cu-carne-de-pui-15kg\/","title":{"rendered":"Hrana pentru caini Morando Cane crocc POLLO Adult (cu carne de pui) 15kg"},"content":{"rendered":"<p>HRAN\u0102 COMPLET\u0102 PENTRU C\u00c2INI ADUL\u021aI<br \/>\nHran\u0103 complet\u0103 \u0219i echilibrat\u0103 pentru animale de companie. Re\u021bet\u0103 u\u0219or digerabil\u0103 \u0219i<br \/>\nfoarte pl\u0103cut. Aport nutri\u021bional excelent de vitamine \u0219i minerale. CARACTERISTICI NUTRI\u021aIONALE<br \/>\n<strong>Compozi\u021bie:<\/strong><br \/>\nCereale, carne \u0219i deriva\u021bi 24% (pui 4%), subproduse vegetale, uleiuri \u0219i gr\u0103simi, substan\u021be minerale, drojdii 0,2%.<br \/>\n<strong>COMPONENTE ANALITICE:<\/strong><br \/>\nProtein\u0103 brut\u0103 21%, gr\u0103sime brut\u0103 9%, fibr\u0103 brut\u0103 3,8%, cenu\u0219\u0103 brut\u0103 9,5%.<br \/>\nAditivi nutritivi \/ kg: Vitamina A 11000 UI, Vitamina D3 750 UI, Vitamina E 70 mg, fier (fier (II) carbonat-siderit) 30 mg, Zinc (oxid de Zinc) 61,3 mg, cupru (sulfat de cupru (II) pentahidrat) 5,1 mg, mangan (oxid de mangan (II)) 3,1 mg, iod (iodat de calciu anhidru \u00een granule acoperite) 1,5 mg, seleniu (selenit de sodiu \u00een granule acoperite) 0,1 mg.<br \/>\n<strong>INSTRUC\u021aIUNI DE UTILIZARE:<\/strong><br \/>\nAlimente gata de utilizare. Ra\u021biile zilnice indicate \u00een tabel pot varia \u00een func\u021bie de v\u00e2rsta \u0219i nevoile speciale ale subiectului individual. Tu recomanda\u021bi \u00eenlocuirea treptat\u0103 a alimentelor noi. Asigura\u021bi-v\u0103 c\u0103 c\u00e2inele dvs. are ap\u0103 proasp\u0103t\u0103 \u00een orice moment.<br \/>\n<strong>METODE DE STOCARE:<\/strong><br \/>\nA se p\u0103stra \u00eentr-un loc r\u0103coros \u0219i uscat, ferit de lumina soarelui sau de sursele de c\u0103ldur\u0103, \u00eenainte \u0219i dup\u0103 deschidere<\/p>\n","protected":false},"excerpt":{"rendered":"<p>HRAN\u0102 COMPLET\u0102 PENTRU C\u00c2INI ADUL\u021aI Hran\u0103 complet\u0103 \u0219i echilibrat\u0103 pentru animale de companie. Re\u021bet\u0103 u\u0219or digerabil\u0103 \u0219i foarte pl\u0103cut. Aport nutri\u021bional excelent de vitamine \u0219i minerale. CARACTERISTICI NUTRI\u021aIONALE Compozi\u021bie: Cereale, carne \u0219i deriva\u021bi 24% (pui 4%), subproduse vegetale, uleiuri \u0219i gr\u0103simi, substan\u021be minerale, drojdii 0,2%. COMPONENTE ANALITICE: Protein\u0103 brut\u0103 21%, gr\u0103sime brut\u0103 9%, fibr\u0103 brut\u0103 [&hellip;]<\/p>\n","protected":false},"featured_media":7094,"template":"","meta":[],"product_brand":[513],"product_cat":[481,483,482],"product_tag":[],"class_list":{"0":"post-7085","1":"product","2":"type-product","3":"status-publish","4":"has-post-thumbnail","6":"product_brand-morando","7":"product_cat-dogs-ro","8":"product_cat-hrana-2","9":"product_cat-hrana-uscata","11":"first","12":"instock","13":"taxable","14":"shipping-taxable","15":"purchasable","16":"product-type-simple"},"_links":{"self":[{"href":"https:\/\/chiraprim.com\/ro\/wp-json\/wp\/v2\/product\/7085","targetHints":{"allow":["GET"]}}],"collection":[{"href":"https:\/\/chiraprim.com\/ro\/wp-json\/wp\/v2\/product"}],"about":[{"href":"https:\/\/chiraprim.com\/ro\/wp-json\/wp\/v2\/types\/product"}],"version-history":[{"count":1,"href":"https:\/\/chiraprim.com\/ro\/wp-json\/wp\/v2\/product\/7085\/revisions"}],"predecessor-version":[{"id":7096,"href":"https:\/\/chiraprim.com\/ro\/wp-json\/wp\/v2\/product\/7085\/revisions\/7096"}],"wp:featuredmedia":[{"embeddable":true,"href":"https:\/\/chiraprim.com\/ro\/wp-json\/wp\/v2\/media\/7094"}],"wp:attachment":[{"href":"https:\/\/chiraprim.com\/ro\/wp-json\/wp\/v2\/media?parent=7085"}],"wp:term":[{"taxonomy":"product_brand","embeddable":true,"href":"https:\/\/chiraprim.com\/ro\/wp-json\/wp\/v2\/product_brand?post=7085"},{"taxonomy":"product_cat","embeddable":true,"href":"https:\/\/chiraprim.com\/ro\/wp-json\/wp\/v2\/product_cat?post=7085"},{"taxonomy":"product_tag","embeddable":true,"href":"https:\/\/chiraprim.com\/ro\/wp-json\/wp\/v2\/product_tag?post=7085"}],"curies":[{"name":"wp","href":"https:\/\/api.w.org\/{rel}","templated":true}]}}