{"id":7101,"date":"2025-06-21T09:11:29","date_gmt":"2025-06-21T07:11:29","guid":{"rendered":"https:\/\/chiraprim.com\/?post_type=product&#038;p=7101"},"modified":"2025-06-25T14:11:15","modified_gmt":"2025-06-25T12:11:15","slug":"hrana-pentru-caini-morando-cane-crocc-con-salmon-e-riso-somon-si-orez15kg","status":"publish","type":"product","link":"https:\/\/chiraprim.com\/ro\/produs\/hrana-pentru-caini-morando-cane-crocc-con-salmon-e-riso-somon-si-orez15kg\/","title":{"rendered":"Hrana pentru caini Morando Cane crocc con SALMON E RISO (Somon \u0219i orez)15kg"},"content":{"rendered":"<p>Hran\u0103 complet\u0103 pentru c\u00e2ini adul\u021bi<br \/>\nHran\u0103 complet\u0103 \u0219i echilibrat\u0103 pentru animale de companie. Re\u021bet\u0103 u\u0219or digerabil\u0103 \u0219i foarte pl\u0103cut. Aport nutri\u021bional excelent de vitamine \u0219i minerale.<\/p>\n<p><strong>CARACTERISTICI NUTRI\u021aIONALE<\/strong><br \/>\n<strong>Compozi\u021bie:<\/strong><br \/>\nCereale (orez 4%), carne \u0219i produse din carne 18%, subproduse vegetale, uleiuri \u0219i gr\u0103simi, pe\u0219te \u0219i subproduse din pe\u0219te (somon 4%), minerale, drojdii<br \/>\n0,2%.<\/p>\n<p><strong>COMPONENTE ANALITICE:<\/strong><br \/>\nProtein\u0103 brut\u0103 20%, gr\u0103sime brut\u0103 9,5%, fibr\u0103 brut\u0103 2,5%, cenu\u0219\u0103 brut\u0103 7,5%.<br \/>\nAditivi nutritivi \/ kg: Vitamina A 11000 UI, Vitamina D3 750 UI, Vitamina E 70 mg, fier (fier (II) carbonat-siderit) 30 mg, Zinc (oxid de Zinc)61,3 mg, cupru (sulfat de cupru (II) pentahidrat) 5,1 mg, mangan (oxid de mangan (II)) 3,1 mg, iod (iodat de calciu anhidru \u00een granule acoperite) 1,5mg, seleniu (selenit de sodiu \u00een granule acoperite) 0,1 mg. Antioxidant.<br \/>\n<strong>INSTRUC\u021aIUNI DE UTILIZARE:<\/strong><br \/>\nAlimente gata de utilizare. Asigura\u021bi-v\u0103 c\u0103 c\u00e2inele dvs. are ap\u0103 curat\u0103 \u00een orice moment. Ra\u021biile zilnice indicate \u00een tabel pot variaz\u0103 \u00een func\u021bie de v\u00e2rsta \u0219i nevoile subiectului individual. Se recomand\u0103 \u00eemp\u0103r\u021birea ra\u021biei zilnice indicate i\u00een cel pu\u021bin dou\u0103 mese.<br \/>\n<strong>METODE DE STOCARE:<\/strong><br \/>\nA se p\u0103stra \u00eentr-un loc r\u0103coros \u0219i uscat, ferit de lumina soarelui sau de sursele de c\u0103ldur\u0103, \u00eenainte \u0219i dup\u0103 deschidere.<\/p>\n","protected":false},"excerpt":{"rendered":"<p>Hran\u0103 complet\u0103 pentru c\u00e2ini adul\u021bi Hran\u0103 complet\u0103 \u0219i echilibrat\u0103 pentru animale de companie. Re\u021bet\u0103 u\u0219or digerabil\u0103 \u0219i foarte pl\u0103cut. Aport nutri\u021bional excelent de vitamine \u0219i minerale. CARACTERISTICI NUTRI\u021aIONALE Compozi\u021bie: Cereale (orez 4%), carne \u0219i produse din carne 18%, subproduse vegetale, uleiuri \u0219i gr\u0103simi, pe\u0219te \u0219i subproduse din pe\u0219te (somon 4%), minerale, drojdii 0,2%. COMPONENTE ANALITICE: [&hellip;]<\/p>\n","protected":false},"featured_media":7102,"template":"","meta":[],"product_brand":[513],"product_cat":[481,483,482],"product_tag":[],"class_list":{"0":"post-7101","1":"product","2":"type-product","3":"status-publish","4":"has-post-thumbnail","6":"product_brand-morando","7":"product_cat-dogs-ro","8":"product_cat-hrana-2","9":"product_cat-hrana-uscata","11":"first","12":"instock","13":"taxable","14":"shipping-taxable","15":"purchasable","16":"product-type-simple"},"_links":{"self":[{"href":"https:\/\/chiraprim.com\/ro\/wp-json\/wp\/v2\/product\/7101","targetHints":{"allow":["GET"]}}],"collection":[{"href":"https:\/\/chiraprim.com\/ro\/wp-json\/wp\/v2\/product"}],"about":[{"href":"https:\/\/chiraprim.com\/ro\/wp-json\/wp\/v2\/types\/product"}],"version-history":[{"count":2,"href":"https:\/\/chiraprim.com\/ro\/wp-json\/wp\/v2\/product\/7101\/revisions"}],"predecessor-version":[{"id":7105,"href":"https:\/\/chiraprim.com\/ro\/wp-json\/wp\/v2\/product\/7101\/revisions\/7105"}],"wp:featuredmedia":[{"embeddable":true,"href":"https:\/\/chiraprim.com\/ro\/wp-json\/wp\/v2\/media\/7102"}],"wp:attachment":[{"href":"https:\/\/chiraprim.com\/ro\/wp-json\/wp\/v2\/media?parent=7101"}],"wp:term":[{"taxonomy":"product_brand","embeddable":true,"href":"https:\/\/chiraprim.com\/ro\/wp-json\/wp\/v2\/product_brand?post=7101"},{"taxonomy":"product_cat","embeddable":true,"href":"https:\/\/chiraprim.com\/ro\/wp-json\/wp\/v2\/product_cat?post=7101"},{"taxonomy":"product_tag","embeddable":true,"href":"https:\/\/chiraprim.com\/ro\/wp-json\/wp\/v2\/product_tag?post=7101"}],"curies":[{"name":"wp","href":"https:\/\/api.w.org\/{rel}","templated":true}]}}