{"id":7108,"date":"2025-06-21T09:19:00","date_gmt":"2025-06-21T07:19:00","guid":{"rendered":"https:\/\/chiraprim.com\/?post_type=product&#038;p=7108"},"modified":"2025-06-25T14:11:15","modified_gmt":"2025-06-25T12:11:15","slug":"hrana-pentru-caini-morando-cane-crocc-con-agnello-miel15kg","status":"publish","type":"product","link":"https:\/\/chiraprim.com\/ro\/produs\/hrana-pentru-caini-morando-cane-crocc-con-agnello-miel15kg\/","title":{"rendered":"Hrana pentru caini Morando Cane crocc con AGNELLO (miel)15kg"},"content":{"rendered":"<p>Hran\u0103 complet\u0103 pentru c\u00e2ini adul\u021bi<br \/>\n<strong>CARACTERISTICI NUTRI\u021aIONALE<\/strong><br \/>\n<strong>Compozi\u021bie:<\/strong><br \/>\nCereale, carne \u0219i deriva\u021bi 24% (miel 4%), subproduse vegetale, uleiuri \u0219i gr\u0103simi, substan\u021be minerale, drojdii 0,2%<br \/>\n<strong>COMPONENTE ANALITICE:<\/strong><br \/>\nProtein\u0103 brut\u0103 21,5%, gr\u0103sime brut\u0103 9%, fibr\u0103 brut\u0103 3%, cenu\u0219\u0103 brut\u0103 9,5%.<br \/>\nAditivi nutritivi \/ kg: Vitamina A 12900 UI, Vitamina D3 890 UI, Vitamina E 80 mg, fier (fier (II) carbonat-siderit) 36 mg, Zinc (oxid de Zinc) 71,7 mg, cupru (sulfat de cupru (II) pentahidrat) 5,9 mg, mangan (oxid de mangan (II)) 3,6 mg, iod (iodat de calciu anhidru \u00een granule acoperite) 2,4mg, seleniu (selenit de sodiu \u00een granule acoperite) 0,2 mg. Antioxidant.<br \/>\n<strong>INSTRUC\u021aIUNI DE UTILIZARE:<\/strong><br \/>\nAlimente gata de utilizare. Asigura\u021bi-v\u0103 c\u0103 c\u00e2inele dvs. are ap\u0103 curat\u0103 \u00een orice moment. Ra\u021biile zilnice indicate \u00een tabel pot variaz\u0103 \u00een func\u021bie de v\u00e2rsta \u0219i nevoile subiectului individual. Se recomand\u0103 \u00eemp\u0103r\u021birea ra\u021biei zilnice indicate \u00een cel pu\u021bin dou\u0103 mese.<br \/>\n<strong>METODE DE STOCARE:<\/strong><br \/>\nA se p\u0103stra \u00eentr-un loc r\u0103coros \u0219i uscat, ferit de lumina soarelui sau de sursele de c\u0103ldur\u0103, \u00eenainte \u0219i dup\u0103 deschidere.<\/p>\n","protected":false},"excerpt":{"rendered":"<p>Hran\u0103 complet\u0103 pentru c\u00e2ini adul\u021bi CARACTERISTICI NUTRI\u021aIONALE Compozi\u021bie: Cereale, carne \u0219i deriva\u021bi 24% (miel 4%), subproduse vegetale, uleiuri \u0219i gr\u0103simi, substan\u021be minerale, drojdii 0,2% COMPONENTE ANALITICE: Protein\u0103 brut\u0103 21,5%, gr\u0103sime brut\u0103 9%, fibr\u0103 brut\u0103 3%, cenu\u0219\u0103 brut\u0103 9,5%. Aditivi nutritivi \/ kg: Vitamina A 12900 UI, Vitamina D3 890 UI, Vitamina E 80 mg, fier [&hellip;]<\/p>\n","protected":false},"featured_media":7109,"template":"","meta":[],"product_brand":[513],"product_cat":[481,483,482],"product_tag":[],"class_list":{"0":"post-7108","1":"product","2":"type-product","3":"status-publish","4":"has-post-thumbnail","6":"product_brand-morando","7":"product_cat-dogs-ro","8":"product_cat-hrana-2","9":"product_cat-hrana-uscata","11":"first","12":"instock","13":"taxable","14":"shipping-taxable","15":"purchasable","16":"product-type-simple"},"_links":{"self":[{"href":"https:\/\/chiraprim.com\/ro\/wp-json\/wp\/v2\/product\/7108","targetHints":{"allow":["GET"]}}],"collection":[{"href":"https:\/\/chiraprim.com\/ro\/wp-json\/wp\/v2\/product"}],"about":[{"href":"https:\/\/chiraprim.com\/ro\/wp-json\/wp\/v2\/types\/product"}],"version-history":[{"count":2,"href":"https:\/\/chiraprim.com\/ro\/wp-json\/wp\/v2\/product\/7108\/revisions"}],"predecessor-version":[{"id":7112,"href":"https:\/\/chiraprim.com\/ro\/wp-json\/wp\/v2\/product\/7108\/revisions\/7112"}],"wp:featuredmedia":[{"embeddable":true,"href":"https:\/\/chiraprim.com\/ro\/wp-json\/wp\/v2\/media\/7109"}],"wp:attachment":[{"href":"https:\/\/chiraprim.com\/ro\/wp-json\/wp\/v2\/media?parent=7108"}],"wp:term":[{"taxonomy":"product_brand","embeddable":true,"href":"https:\/\/chiraprim.com\/ro\/wp-json\/wp\/v2\/product_brand?post=7108"},{"taxonomy":"product_cat","embeddable":true,"href":"https:\/\/chiraprim.com\/ro\/wp-json\/wp\/v2\/product_cat?post=7108"},{"taxonomy":"product_tag","embeddable":true,"href":"https:\/\/chiraprim.com\/ro\/wp-json\/wp\/v2\/product_tag?post=7108"}],"curies":[{"name":"wp","href":"https:\/\/api.w.org\/{rel}","templated":true}]}}