{"id":7116,"date":"2025-06-21T09:30:47","date_gmt":"2025-06-21T07:30:47","guid":{"rendered":"https:\/\/chiraprim.com\/?post_type=product&#038;p=7116"},"modified":"2025-06-25T14:20:01","modified_gmt":"2025-06-25T12:20:01","slug":"hrana-uscata-pentru-caini-cu-activitate-redusa-dogdog-expert-regular-20kg","status":"publish","type":"product","link":"https:\/\/chiraprim.com\/ro\/produs\/hrana-uscata-pentru-caini-cu-activitate-redusa-dogdog-expert-regular-20kg\/","title":{"rendered":"Hran\u0103 uscat\u0103 pentru c\u00e2ini cu activitate redus\u0103 DOG&amp;DOG EXPERT REGULAR 20KG"},"content":{"rendered":"<p>* Caini adulti de toate dimensiunile (12\/18 luni-10 ani)<br \/>\n* Caini adulti cu nivel regulat de activitate<br \/>\n* Echilibrul corect al grasimilor reduce castigul de grasime corporala pentru mentinerea greutatii ideale<br \/>\n* Formularea si rationalizarea sunt indicate pentru cainii care desfasoara activitati de nivel scazut<br \/>\n* Aprovizionarea nutritionala a produsului satisface nevoile legate de o faza de antrenament nu intensiv complet pentru cainii adulti.<br \/>\nCompozitie: porumb, proteine animale uscate (25%, din care pui 4%), grau mediu, grasime de pui, sfeclauscata pulpa, proteine animale hidrolizate.<br \/>\nConstituenti analitici: proteina bruta23,50%, fibre brute 3,60%, grasime bruta 10,50%, cenusa bruta 9,50%.<br \/>\nAditivi pe kg. Aditivi nutritivi: vitamina A 10.800 UI; Vitamina D3 605 UI; Vitamina E 65 UI; cupru (II) sulfat pentahidrat (cupru) 9,45 mg; Oxid de Zinc (Zinc) 54,00 mg; carbonat de Fier (II) 67,50 mg; mangan (II) oxid (mangan) 18,90 mg; iodat de calciu anhidru (iod) 1,08 mg; selenit de sodiu (seleniu) 0,11 mg.<br \/>\nAditivi tehnologici: antioxidanti;conservanti.<\/p>\n","protected":false},"excerpt":{"rendered":"<p>* Caini adulti de toate dimensiunile (12\/18 luni-10 ani) * Caini adulti cu nivel regulat de activitate * Echilibrul corect al grasimilor reduce castigul de grasime corporala pentru mentinerea greutatii ideale * Formularea si rationalizarea sunt indicate pentru cainii care desfasoara activitati de nivel scazut * Aprovizionarea nutritionala a produsului satisface nevoile legate de o [&hellip;]<\/p>\n","protected":false},"featured_media":7120,"template":"","meta":[],"product_brand":[512],"product_cat":[481,483,482],"product_tag":[],"class_list":{"0":"post-7116","1":"product","2":"type-product","3":"status-publish","4":"has-post-thumbnail","6":"product_brand-gheda","7":"product_cat-dogs-ro","8":"product_cat-hrana-2","9":"product_cat-hrana-uscata","11":"first","12":"instock","13":"taxable","14":"shipping-taxable","15":"purchasable","16":"product-type-simple"},"_links":{"self":[{"href":"https:\/\/chiraprim.com\/ro\/wp-json\/wp\/v2\/product\/7116","targetHints":{"allow":["GET"]}}],"collection":[{"href":"https:\/\/chiraprim.com\/ro\/wp-json\/wp\/v2\/product"}],"about":[{"href":"https:\/\/chiraprim.com\/ro\/wp-json\/wp\/v2\/types\/product"}],"version-history":[{"count":2,"href":"https:\/\/chiraprim.com\/ro\/wp-json\/wp\/v2\/product\/7116\/revisions"}],"predecessor-version":[{"id":7194,"href":"https:\/\/chiraprim.com\/ro\/wp-json\/wp\/v2\/product\/7116\/revisions\/7194"}],"wp:featuredmedia":[{"embeddable":true,"href":"https:\/\/chiraprim.com\/ro\/wp-json\/wp\/v2\/media\/7120"}],"wp:attachment":[{"href":"https:\/\/chiraprim.com\/ro\/wp-json\/wp\/v2\/media?parent=7116"}],"wp:term":[{"taxonomy":"product_brand","embeddable":true,"href":"https:\/\/chiraprim.com\/ro\/wp-json\/wp\/v2\/product_brand?post=7116"},{"taxonomy":"product_cat","embeddable":true,"href":"https:\/\/chiraprim.com\/ro\/wp-json\/wp\/v2\/product_cat?post=7116"},{"taxonomy":"product_tag","embeddable":true,"href":"https:\/\/chiraprim.com\/ro\/wp-json\/wp\/v2\/product_tag?post=7116"}],"curies":[{"name":"wp","href":"https:\/\/api.w.org\/{rel}","templated":true}]}}