{"id":7162,"date":"2025-06-21T10:18:03","date_gmt":"2025-06-21T08:18:03","guid":{"rendered":"https:\/\/chiraprim.com\/?post_type=product&#038;p=7162"},"modified":"2025-06-25T14:51:12","modified_gmt":"2025-06-25T12:51:12","slug":"hrana-pentru-caini-primium-adult-gourmet-salmon-15kg","status":"publish","type":"product","link":"https:\/\/chiraprim.com\/ro\/produs\/hrana-pentru-caini-primium-adult-gourmet-salmon-15kg\/","title":{"rendered":"Hrana pentru caini  Primium ADULT GOURMET SALMON 1,5kg"},"content":{"rendered":"<p>Hran\u0103 uscat\u0103 complet\u0103, de clas\u0103 super-premium, destinat\u0103 alimenta\u021biei zilnice a c\u00e2inilor adul\u021bi de talie mic\u0103 (2\u201310\u202fkg), cu v\u00e2rsta \u00eentre 1 \u0219i 7 ani.<br \/>\nBaz\u0103 zilnic\u0103 pentru c\u00e2inii de talie mic\u0103 cu nivel normal de activitate.<\/p>\n<p>Datorit\u0103 somonului \u0219i gr\u0103similor de calitate, sus\u021bine s\u0103n\u0103tatea pielii \u0219i str\u0103lucirea bl\u0103nii.<\/p>\n<p>Este echilibrat\u0103 \u00een func\u021bie de v\u00e2rst\u0103, nivel de activitate \u0219i dimensiunea c\u00e2inelui.<\/p>\n","protected":false},"excerpt":{"rendered":"<p>Hran\u0103 uscat\u0103 complet\u0103, de clas\u0103 super-premium, destinat\u0103 alimenta\u021biei zilnice a c\u00e2inilor adul\u021bi de talie mic\u0103 (2\u201310\u202fkg), cu v\u00e2rsta \u00eentre 1 \u0219i 7 ani. Baz\u0103 zilnic\u0103 pentru c\u00e2inii de talie mic\u0103 cu nivel normal de activitate. Datorit\u0103 somonului \u0219i gr\u0103similor de calitate, sus\u021bine s\u0103n\u0103tatea pielii \u0219i str\u0103lucirea bl\u0103nii. Este echilibrat\u0103 \u00een func\u021bie de v\u00e2rst\u0103, nivel de [&hellip;]<\/p>\n","protected":false},"featured_media":7163,"template":"","meta":[],"product_brand":[512],"product_cat":[481,483,482],"product_tag":[],"class_list":{"0":"post-7162","1":"product","2":"type-product","3":"status-publish","4":"has-post-thumbnail","6":"product_brand-gheda","7":"product_cat-dogs-ro","8":"product_cat-hrana-2","9":"product_cat-hrana-uscata","11":"first","12":"instock","13":"taxable","14":"shipping-taxable","15":"purchasable","16":"product-type-simple"},"_links":{"self":[{"href":"https:\/\/chiraprim.com\/ro\/wp-json\/wp\/v2\/product\/7162","targetHints":{"allow":["GET"]}}],"collection":[{"href":"https:\/\/chiraprim.com\/ro\/wp-json\/wp\/v2\/product"}],"about":[{"href":"https:\/\/chiraprim.com\/ro\/wp-json\/wp\/v2\/types\/product"}],"version-history":[{"count":1,"href":"https:\/\/chiraprim.com\/ro\/wp-json\/wp\/v2\/product\/7162\/revisions"}],"predecessor-version":[{"id":7165,"href":"https:\/\/chiraprim.com\/ro\/wp-json\/wp\/v2\/product\/7162\/revisions\/7165"}],"wp:featuredmedia":[{"embeddable":true,"href":"https:\/\/chiraprim.com\/ro\/wp-json\/wp\/v2\/media\/7163"}],"wp:attachment":[{"href":"https:\/\/chiraprim.com\/ro\/wp-json\/wp\/v2\/media?parent=7162"}],"wp:term":[{"taxonomy":"product_brand","embeddable":true,"href":"https:\/\/chiraprim.com\/ro\/wp-json\/wp\/v2\/product_brand?post=7162"},{"taxonomy":"product_cat","embeddable":true,"href":"https:\/\/chiraprim.com\/ro\/wp-json\/wp\/v2\/product_cat?post=7162"},{"taxonomy":"product_tag","embeddable":true,"href":"https:\/\/chiraprim.com\/ro\/wp-json\/wp\/v2\/product_tag?post=7162"}],"curies":[{"name":"wp","href":"https:\/\/api.w.org\/{rel}","templated":true}]}}