{"id":7168,"date":"2025-06-21T10:31:38","date_gmt":"2025-06-21T08:31:38","guid":{"rendered":"https:\/\/chiraprim.com\/?post_type=product&#038;p=7168"},"modified":"2025-06-25T14:51:12","modified_gmt":"2025-06-25T12:51:12","slug":"hrana-pentru-caini-primium-adulto-sensible-agnello-15kg","status":"publish","type":"product","link":"https:\/\/chiraprim.com\/ro\/produs\/hrana-pentru-caini-primium-adulto-sensible-agnello-15kg\/","title":{"rendered":"Hrana pentru caini  Primium Adulto Sensible AGNELLO 1,5kg"},"content":{"rendered":"<p>Hran\u0103 uscat\u0103 complet\u0103, super-premium, pentru c\u00e2ini adul\u021bi de talie mic\u0103 (2\u201310\u202fkg) cu digestie sensibil\u0103, cu v\u00e2rste \u00eentre 1 \u0219i 7 ani.<\/p>\n<p><strong>Avantaje:<\/strong><\/p>\n<p>Potrivit\u0103 pentru c\u00e2inii cu stomac sensibil<\/p>\n<p>Mielul este o surs\u0103 de proteine cu poten\u021bial alergenic sc\u0103zut<\/p>\n<p>\u00cembun\u0103t\u0103\u021be\u0219te digestia \u0219i sus\u021bine sistemul imunitar<\/p>\n<p>Formul\u0103 adaptat\u0103 dimensiunii \u0219i nivelului de activitate al c\u00e2inilor de talie mic\u0103<\/p>\n","protected":false},"excerpt":{"rendered":"<p>Hran\u0103 uscat\u0103 complet\u0103, super-premium, pentru c\u00e2ini adul\u021bi de talie mic\u0103 (2\u201310\u202fkg) cu digestie sensibil\u0103, cu v\u00e2rste \u00eentre 1 \u0219i 7 ani. Avantaje: Potrivit\u0103 pentru c\u00e2inii cu stomac sensibil Mielul este o surs\u0103 de proteine cu poten\u021bial alergenic sc\u0103zut \u00cembun\u0103t\u0103\u021be\u0219te digestia \u0219i sus\u021bine sistemul imunitar Formul\u0103 adaptat\u0103 dimensiunii \u0219i nivelului de activitate al c\u00e2inilor de talie [&hellip;]<\/p>\n","protected":false},"featured_media":7169,"template":"","meta":[],"product_brand":[512],"product_cat":[481,483,482],"product_tag":[],"class_list":{"0":"post-7168","1":"product","2":"type-product","3":"status-publish","4":"has-post-thumbnail","6":"product_brand-gheda","7":"product_cat-dogs-ro","8":"product_cat-hrana-2","9":"product_cat-hrana-uscata","11":"first","12":"instock","13":"taxable","14":"shipping-taxable","15":"purchasable","16":"product-type-simple"},"_links":{"self":[{"href":"https:\/\/chiraprim.com\/ro\/wp-json\/wp\/v2\/product\/7168","targetHints":{"allow":["GET"]}}],"collection":[{"href":"https:\/\/chiraprim.com\/ro\/wp-json\/wp\/v2\/product"}],"about":[{"href":"https:\/\/chiraprim.com\/ro\/wp-json\/wp\/v2\/types\/product"}],"version-history":[{"count":1,"href":"https:\/\/chiraprim.com\/ro\/wp-json\/wp\/v2\/product\/7168\/revisions"}],"predecessor-version":[{"id":7171,"href":"https:\/\/chiraprim.com\/ro\/wp-json\/wp\/v2\/product\/7168\/revisions\/7171"}],"wp:featuredmedia":[{"embeddable":true,"href":"https:\/\/chiraprim.com\/ro\/wp-json\/wp\/v2\/media\/7169"}],"wp:attachment":[{"href":"https:\/\/chiraprim.com\/ro\/wp-json\/wp\/v2\/media?parent=7168"}],"wp:term":[{"taxonomy":"product_brand","embeddable":true,"href":"https:\/\/chiraprim.com\/ro\/wp-json\/wp\/v2\/product_brand?post=7168"},{"taxonomy":"product_cat","embeddable":true,"href":"https:\/\/chiraprim.com\/ro\/wp-json\/wp\/v2\/product_cat?post=7168"},{"taxonomy":"product_tag","embeddable":true,"href":"https:\/\/chiraprim.com\/ro\/wp-json\/wp\/v2\/product_tag?post=7168"}],"curies":[{"name":"wp","href":"https:\/\/api.w.org\/{rel}","templated":true}]}}