{"id":7174,"date":"2025-06-21T11:00:14","date_gmt":"2025-06-21T09:00:14","guid":{"rendered":"https:\/\/chiraprim.com\/?post_type=product&#038;p=7174"},"modified":"2025-06-25T14:51:12","modified_gmt":"2025-06-25T12:51:12","slug":"hrana-pentru-caini-primium-adulto-delicato-salmon-3kg","status":"publish","type":"product","link":"https:\/\/chiraprim.com\/ro\/produs\/hrana-pentru-caini-primium-adulto-delicato-salmon-3kg\/","title":{"rendered":"Hrana pentru caini Primium Adulto Delicato SALMON 3kg"},"content":{"rendered":"<p>Hran\u0103 uscat\u0103 complet\u0103, super-premium, pentru c\u00e2ini adul\u021bi de talie medie (aproximativ 10\u201325\u202fkg), cu v\u00e2rste \u00eentre 1 \u0219i 7 ani. Potrivit\u0103 pentru hr\u0103nirea zilnic\u0103, \u00een special pentru c\u00e2inii cu digestie sensibil\u0103.<br \/>\n<strong>Avantaje:<\/strong><\/p>\n<ul>\n<li>Formul\u0103 echilibrat\u0103 pentru c\u00e2inii cu nivel normal de activitate<\/li>\n<li>Somonul \u0219i acizii gra\u0219i Omega\u20113 sus\u021bin s\u0103n\u0103tatea pielii \u0219i str\u0103lucirea bl\u0103nii<\/li>\n<li>Prebioticele, fibrele \u0219i drojdia \u00eembun\u0103t\u0103\u021besc digestia \u0219i \u00eent\u0103resc sistemul imunitar<\/li>\n<li>Ajut\u0103 la men\u021binerea greut\u0103\u021bii corporale s\u0103n\u0103toase \u0219i a tonusului muscular<\/li>\n<\/ul>\n","protected":false},"excerpt":{"rendered":"<p>Hran\u0103 uscat\u0103 complet\u0103, super-premium, pentru c\u00e2ini adul\u021bi de talie medie (aproximativ 10\u201325\u202fkg), cu v\u00e2rste \u00eentre 1 \u0219i 7 ani. Potrivit\u0103 pentru hr\u0103nirea zilnic\u0103, \u00een special pentru c\u00e2inii cu digestie sensibil\u0103. Avantaje: Formul\u0103 echilibrat\u0103 pentru c\u00e2inii cu nivel normal de activitate Somonul \u0219i acizii gra\u0219i Omega\u20113 sus\u021bin s\u0103n\u0103tatea pielii \u0219i str\u0103lucirea bl\u0103nii Prebioticele, fibrele \u0219i drojdia [&hellip;]<\/p>\n","protected":false},"featured_media":7175,"template":"","meta":[],"product_brand":[512],"product_cat":[481,483,482],"product_tag":[],"class_list":{"0":"post-7174","1":"product","2":"type-product","3":"status-publish","4":"has-post-thumbnail","6":"product_brand-gheda","7":"product_cat-dogs-ro","8":"product_cat-hrana-2","9":"product_cat-hrana-uscata","11":"first","12":"instock","13":"taxable","14":"shipping-taxable","15":"purchasable","16":"product-type-simple"},"_links":{"self":[{"href":"https:\/\/chiraprim.com\/ro\/wp-json\/wp\/v2\/product\/7174","targetHints":{"allow":["GET"]}}],"collection":[{"href":"https:\/\/chiraprim.com\/ro\/wp-json\/wp\/v2\/product"}],"about":[{"href":"https:\/\/chiraprim.com\/ro\/wp-json\/wp\/v2\/types\/product"}],"version-history":[{"count":1,"href":"https:\/\/chiraprim.com\/ro\/wp-json\/wp\/v2\/product\/7174\/revisions"}],"predecessor-version":[{"id":7177,"href":"https:\/\/chiraprim.com\/ro\/wp-json\/wp\/v2\/product\/7174\/revisions\/7177"}],"wp:featuredmedia":[{"embeddable":true,"href":"https:\/\/chiraprim.com\/ro\/wp-json\/wp\/v2\/media\/7175"}],"wp:attachment":[{"href":"https:\/\/chiraprim.com\/ro\/wp-json\/wp\/v2\/media?parent=7174"}],"wp:term":[{"taxonomy":"product_brand","embeddable":true,"href":"https:\/\/chiraprim.com\/ro\/wp-json\/wp\/v2\/product_brand?post=7174"},{"taxonomy":"product_cat","embeddable":true,"href":"https:\/\/chiraprim.com\/ro\/wp-json\/wp\/v2\/product_cat?post=7174"},{"taxonomy":"product_tag","embeddable":true,"href":"https:\/\/chiraprim.com\/ro\/wp-json\/wp\/v2\/product_tag?post=7174"}],"curies":[{"name":"wp","href":"https:\/\/api.w.org\/{rel}","templated":true}]}}