{"id":7181,"date":"2025-06-21T11:12:40","date_gmt":"2025-06-21T09:12:40","guid":{"rendered":"https:\/\/chiraprim.com\/?post_type=product&#038;p=7181"},"modified":"2025-06-25T14:51:11","modified_gmt":"2025-06-25T12:51:11","slug":"hrana-pentru-caini-primium-adulto-tonico-pollo-3kg","status":"publish","type":"product","link":"https:\/\/chiraprim.com\/ro\/produs\/hrana-pentru-caini-primium-adulto-tonico-pollo-3kg\/","title":{"rendered":"Hrana pentru caini Primium Adulto TONICO POLLO 3kg"},"content":{"rendered":"<p>Hran\u0103 uscat\u0103 complet\u0103, super-premium, pentru c\u00e2ini adul\u021bi de talie medie (10\u201325\u202fkg), cu v\u00e2rste \u00eentre 1 \u0219i 7 ani. Creat\u0103 pentru hr\u0103nirea zilnic\u0103, sus\u021bine s\u0103n\u0103tatea general\u0103 \u0219i o bun\u0103 form\u0103 fizic\u0103.<br \/>\n<strong>Avantaje<\/strong><\/p>\n<ul>\n<li>Sus\u021bine s\u0103n\u0103tatea digestiv\u0103 \u2014 datorit\u0103 fibrelor \u0219i prebioticelor<\/li>\n<li>S\u0103n\u0103tatea pielii \u0219i str\u0103lucirea bl\u0103nii \u2014 prin acizii gra\u0219i din gr\u0103simea de pui<\/li>\n<li>\u00cent\u0103re\u0219te sistemul imunitar \u2014 printr-un complex de vitamine \u0219i minerale<\/li>\n<li>Men\u021bine greutatea optim\u0103 \u2014 formul\u0103 echilibrat\u0103 pentru c\u00e2ini cu activitate moderat\u0103<\/li>\n<\/ul>\n","protected":false},"excerpt":{"rendered":"<p>Hran\u0103 uscat\u0103 complet\u0103, super-premium, pentru c\u00e2ini adul\u021bi de talie medie (10\u201325\u202fkg), cu v\u00e2rste \u00eentre 1 \u0219i 7 ani. Creat\u0103 pentru hr\u0103nirea zilnic\u0103, sus\u021bine s\u0103n\u0103tatea general\u0103 \u0219i o bun\u0103 form\u0103 fizic\u0103. Avantaje Sus\u021bine s\u0103n\u0103tatea digestiv\u0103 \u2014 datorit\u0103 fibrelor \u0219i prebioticelor S\u0103n\u0103tatea pielii \u0219i str\u0103lucirea bl\u0103nii \u2014 prin acizii gra\u0219i din gr\u0103simea de pui \u00cent\u0103re\u0219te sistemul imunitar [&hellip;]<\/p>\n","protected":false},"featured_media":7182,"template":"","meta":[],"product_brand":[512],"product_cat":[481,483,482],"product_tag":[],"class_list":{"0":"post-7181","1":"product","2":"type-product","3":"status-publish","4":"has-post-thumbnail","6":"product_brand-gheda","7":"product_cat-dogs-ro","8":"product_cat-hrana-2","9":"product_cat-hrana-uscata","11":"first","12":"instock","13":"taxable","14":"shipping-taxable","15":"purchasable","16":"product-type-simple"},"_links":{"self":[{"href":"https:\/\/chiraprim.com\/ro\/wp-json\/wp\/v2\/product\/7181","targetHints":{"allow":["GET"]}}],"collection":[{"href":"https:\/\/chiraprim.com\/ro\/wp-json\/wp\/v2\/product"}],"about":[{"href":"https:\/\/chiraprim.com\/ro\/wp-json\/wp\/v2\/types\/product"}],"version-history":[{"count":1,"href":"https:\/\/chiraprim.com\/ro\/wp-json\/wp\/v2\/product\/7181\/revisions"}],"predecessor-version":[{"id":7184,"href":"https:\/\/chiraprim.com\/ro\/wp-json\/wp\/v2\/product\/7181\/revisions\/7184"}],"wp:featuredmedia":[{"embeddable":true,"href":"https:\/\/chiraprim.com\/ro\/wp-json\/wp\/v2\/media\/7182"}],"wp:attachment":[{"href":"https:\/\/chiraprim.com\/ro\/wp-json\/wp\/v2\/media?parent=7181"}],"wp:term":[{"taxonomy":"product_brand","embeddable":true,"href":"https:\/\/chiraprim.com\/ro\/wp-json\/wp\/v2\/product_brand?post=7181"},{"taxonomy":"product_cat","embeddable":true,"href":"https:\/\/chiraprim.com\/ro\/wp-json\/wp\/v2\/product_cat?post=7181"},{"taxonomy":"product_tag","embeddable":true,"href":"https:\/\/chiraprim.com\/ro\/wp-json\/wp\/v2\/product_tag?post=7181"}],"curies":[{"name":"wp","href":"https:\/\/api.w.org\/{rel}","templated":true}]}}