{"id":7187,"date":"2025-06-21T11:52:14","date_gmt":"2025-06-21T09:52:14","guid":{"rendered":"https:\/\/chiraprim.com\/?post_type=product&#038;p=7187"},"modified":"2025-06-25T14:52:27","modified_gmt":"2025-06-25T12:52:27","slug":"hrana-pentru-caini-unica-classe-digestive-assimilation-care-lamb-miel-3kg","status":"publish","type":"product","link":"https:\/\/chiraprim.com\/ro\/produs\/hrana-pentru-caini-unica-classe-digestive-assimilation-care-lamb-miel-3kg\/","title":{"rendered":"Hrana pentru caini Unica Classe Digestive &amp; Assimilation Care\u00a0Lamb (miel) 3kg"},"content":{"rendered":"<p>Hran\u0103 uscat\u0103 complet\u0103, super-premium, destinat\u0103 c\u00e2inilor de toate rasele cu digestie sensibil\u0103, cu v\u00e2rsta \u00eentre 1 \u0219i 7 ani. Formula este conceput\u0103 pentru a \u00eembun\u0103t\u0103\u021bi digestia \u0219i asimilarea substan\u021belor nutritive.<br \/>\n<strong>Avantaje<\/strong><\/p>\n<ul>\n<li>Pentru c\u00e2inii cu digestie sensibil\u0103 \u0219i absorb\u021bie redus\u0103 \u2014 \u00eembun\u0103t\u0103\u021be\u0219te func\u021bia tractului digestiv \u0219i sus\u021bine asimilarea nutrien\u021bilor<\/li>\n<li>Fructo-oligozaharidele (FOS) \u0219i carobul contribuie la echilibrarea florei intestinale \u0219i la consisten\u021ba optim\u0103 a scaunului<\/li>\n<li>Sus\u021bine sistemul imunitar \u2014 pe mai multe niveluri (vitamine, prebiotice, microelemente)<\/li>\n<li>Mielul este o surs\u0103 de proteine u\u0219or digerabile, cu poten\u021bial alergenic redus<\/li>\n<li>F\u0103r\u0103 coloran\u021bi \u0219i arome artificiale<\/li>\n<\/ul>\n","protected":false},"excerpt":{"rendered":"<p>Hran\u0103 uscat\u0103 complet\u0103, super-premium, destinat\u0103 c\u00e2inilor de toate rasele cu digestie sensibil\u0103, cu v\u00e2rsta \u00eentre 1 \u0219i 7 ani. Formula este conceput\u0103 pentru a \u00eembun\u0103t\u0103\u021bi digestia \u0219i asimilarea substan\u021belor nutritive. Avantaje Pentru c\u00e2inii cu digestie sensibil\u0103 \u0219i absorb\u021bie redus\u0103 \u2014 \u00eembun\u0103t\u0103\u021be\u0219te func\u021bia tractului digestiv \u0219i sus\u021bine asimilarea nutrien\u021bilor Fructo-oligozaharidele (FOS) \u0219i carobul contribuie la echilibrarea [&hellip;]<\/p>\n","protected":false},"featured_media":7189,"template":"","meta":[],"product_brand":[512],"product_cat":[481,483,482],"product_tag":[],"class_list":{"0":"post-7187","1":"product","2":"type-product","3":"status-publish","4":"has-post-thumbnail","6":"product_brand-gheda","7":"product_cat-dogs-ro","8":"product_cat-hrana-2","9":"product_cat-hrana-uscata","11":"first","12":"instock","13":"taxable","14":"shipping-taxable","15":"purchasable","16":"product-type-simple"},"_links":{"self":[{"href":"https:\/\/chiraprim.com\/ro\/wp-json\/wp\/v2\/product\/7187","targetHints":{"allow":["GET"]}}],"collection":[{"href":"https:\/\/chiraprim.com\/ro\/wp-json\/wp\/v2\/product"}],"about":[{"href":"https:\/\/chiraprim.com\/ro\/wp-json\/wp\/v2\/types\/product"}],"version-history":[{"count":1,"href":"https:\/\/chiraprim.com\/ro\/wp-json\/wp\/v2\/product\/7187\/revisions"}],"predecessor-version":[{"id":7188,"href":"https:\/\/chiraprim.com\/ro\/wp-json\/wp\/v2\/product\/7187\/revisions\/7188"}],"wp:featuredmedia":[{"embeddable":true,"href":"https:\/\/chiraprim.com\/ro\/wp-json\/wp\/v2\/media\/7189"}],"wp:attachment":[{"href":"https:\/\/chiraprim.com\/ro\/wp-json\/wp\/v2\/media?parent=7187"}],"wp:term":[{"taxonomy":"product_brand","embeddable":true,"href":"https:\/\/chiraprim.com\/ro\/wp-json\/wp\/v2\/product_brand?post=7187"},{"taxonomy":"product_cat","embeddable":true,"href":"https:\/\/chiraprim.com\/ro\/wp-json\/wp\/v2\/product_cat?post=7187"},{"taxonomy":"product_tag","embeddable":true,"href":"https:\/\/chiraprim.com\/ro\/wp-json\/wp\/v2\/product_tag?post=7187"}],"curies":[{"name":"wp","href":"https:\/\/api.w.org\/{rel}","templated":true}]}}