{"id":7195,"date":"2025-06-23T09:16:56","date_gmt":"2025-06-23T07:16:56","guid":{"rendered":"https:\/\/chiraprim.com\/?post_type=product&#038;p=7195"},"modified":"2025-06-25T14:52:27","modified_gmt":"2025-06-25T12:52:27","slug":"hrana-pentru-caini-unica-classe-adult-mini-regular-cu-carne-de-pui-2-kg","status":"publish","type":"product","link":"https:\/\/chiraprim.com\/ro\/produs\/hrana-pentru-caini-unica-classe-adult-mini-regular-cu-carne-de-pui-2-kg\/","title":{"rendered":"Hrana pentru caini  Unica Classe Adult Mini Regular (cu carne de pui) 2 kg"},"content":{"rendered":"<p>Hran\u0103 uscat\u0103 echilibrat\u0103, super-premium, potrivit\u0103 pentru c\u00e2inii adul\u021bi de talie mic\u0103 cu activitate normal\u0103<\/p>\n<p>Hrana con\u021bine proteine de calitate \u0219i componente care sus\u021bin s\u0103n\u0103tatea (vitamine, minerale, yucca, tripolifosfat).<br \/>\n<strong>Avantaje<\/strong><br \/>\n1. Special formulat\u0103 pentru rasele mici \u0219i miniaturale<\/p>\n<ul>\n<li>Potrivit\u0103 pentru c\u00e2inii cu greutatea de p\u00e2n\u0103 la 10\u202fkg.<\/li>\n<li>Dimensiune convenabil\u0103 a crochetelor, adaptat\u0103 maxilarelor mici.<\/li>\n<\/ul>\n<p>2. Compozi\u021bie echilibrat\u0103<\/p>\n<ul>\n<li>Proteine de origine animal\u0103 (pui) \u2014 principala surs\u0103 de proteine.<\/li>\n<li>Gr\u0103simi, cereale \u0219i fibre \u00een propor\u021bii optime pentru energie \u0219i digestie.<\/li>\n<li>Con\u021binut: 27\u202f% protein\u0103, 17\u202f% gr\u0103sime \u2014 ideal pentru c\u00e2ini activi sau moderat activi.<\/li>\n<\/ul>\n<p>3. Sus\u021bine s\u0103n\u0103tatea din\u021bilor \u0219i respira\u021bia proasp\u0103t\u0103<\/p>\n<ul>\n<li>Con\u021bine tripolifosfat de sodiu \u2014 previne formarea tartrului.<\/li>\n<li>Yucca schidigera \u2014 ajut\u0103 la reducerea mirosului nepl\u0103cut al fecalelor.<\/li>\n<\/ul>\n<p>4. Con\u021bine antioxidan\u021bi naturali \u0219i vitamine<\/p>\n<ul>\n<li>Vitaminele A, D3, E, complexul B, minerale (zinc, seleniu etc.) \u2014 pentru imunitate \u0219i piele s\u0103n\u0103toas\u0103.<\/li>\n<li>Echilibru optim \u00eentre calciu \u0219i fosfor \u2014 pentru oase \u0219i din\u021bi puternici.<\/li>\n<\/ul>\n","protected":false},"excerpt":{"rendered":"<p>Hran\u0103 uscat\u0103 echilibrat\u0103, super-premium, potrivit\u0103 pentru c\u00e2inii adul\u021bi de talie mic\u0103 cu activitate normal\u0103 Hrana con\u021bine proteine de calitate \u0219i componente care sus\u021bin s\u0103n\u0103tatea (vitamine, minerale, yucca, tripolifosfat). Avantaje 1. Special formulat\u0103 pentru rasele mici \u0219i miniaturale Potrivit\u0103 pentru c\u00e2inii cu greutatea de p\u00e2n\u0103 la 10\u202fkg. Dimensiune convenabil\u0103 a crochetelor, adaptat\u0103 maxilarelor mici. 2. Compozi\u021bie [&hellip;]<\/p>\n","protected":false},"featured_media":7196,"template":"","meta":[],"product_brand":[512],"product_cat":[481,483,482],"product_tag":[],"class_list":{"0":"post-7195","1":"product","2":"type-product","3":"status-publish","4":"has-post-thumbnail","6":"product_brand-gheda","7":"product_cat-dogs-ro","8":"product_cat-hrana-2","9":"product_cat-hrana-uscata","11":"first","12":"instock","13":"taxable","14":"shipping-taxable","15":"purchasable","16":"product-type-simple"},"_links":{"self":[{"href":"https:\/\/chiraprim.com\/ro\/wp-json\/wp\/v2\/product\/7195","targetHints":{"allow":["GET"]}}],"collection":[{"href":"https:\/\/chiraprim.com\/ro\/wp-json\/wp\/v2\/product"}],"about":[{"href":"https:\/\/chiraprim.com\/ro\/wp-json\/wp\/v2\/types\/product"}],"version-history":[{"count":2,"href":"https:\/\/chiraprim.com\/ro\/wp-json\/wp\/v2\/product\/7195\/revisions"}],"predecessor-version":[{"id":7205,"href":"https:\/\/chiraprim.com\/ro\/wp-json\/wp\/v2\/product\/7195\/revisions\/7205"}],"wp:featuredmedia":[{"embeddable":true,"href":"https:\/\/chiraprim.com\/ro\/wp-json\/wp\/v2\/media\/7196"}],"wp:attachment":[{"href":"https:\/\/chiraprim.com\/ro\/wp-json\/wp\/v2\/media?parent=7195"}],"wp:term":[{"taxonomy":"product_brand","embeddable":true,"href":"https:\/\/chiraprim.com\/ro\/wp-json\/wp\/v2\/product_brand?post=7195"},{"taxonomy":"product_cat","embeddable":true,"href":"https:\/\/chiraprim.com\/ro\/wp-json\/wp\/v2\/product_cat?post=7195"},{"taxonomy":"product_tag","embeddable":true,"href":"https:\/\/chiraprim.com\/ro\/wp-json\/wp\/v2\/product_tag?post=7195"}],"curies":[{"name":"wp","href":"https:\/\/api.w.org\/{rel}","templated":true}]}}