{"id":7225,"date":"2025-06-23T09:53:49","date_gmt":"2025-06-23T07:53:49","guid":{"rendered":"https:\/\/chiraprim.com\/?post_type=product&#038;p=7225"},"modified":"2025-06-25T14:52:27","modified_gmt":"2025-06-25T12:52:27","slug":"hrana-pentru-caini-unica-forma-lupoid-adult-active-cu-carne-de-pui-15kg","status":"publish","type":"product","link":"https:\/\/chiraprim.com\/ro\/produs\/hrana-pentru-caini-unica-forma-lupoid-adult-active-cu-carne-de-pui-15kg\/","title":{"rendered":"Hrana pentru caini  Unica Forma LUPOID Adult Active (cu carne de pui) 15kg"},"content":{"rendered":"<p>Hr\u0103nire super-premium, special creat\u0103 pentru c\u00e2inii adul\u021bi de rase active.<br \/>\n<strong>Avantaje<\/strong><\/p>\n<ul>\n<li>Energie \u0219i rezisten\u021b\u0103: con\u021binutul ridicat de gr\u0103simi sus\u021bine energia \u00een timpul eforturilor fizice prelungite.<\/li>\n<li>Sus\u021binerea articula\u021biilor \u0219i mu\u0219chilor: glucozamina \u0219i condroitina \u00eent\u0103resc articula\u021biile \u0219i ligamentele, reduc\u00e2nd riscul accident\u0103rilor.<\/li>\n<li>Gust foarte atr\u0103g\u0103tor: are o bun\u0103 acceptare \u0219i digestibilitate.<\/li>\n<li>Ideal pentru rase active: dezvoltat \u021bin\u00e2nd cont de particularit\u0103\u021bile morfologice ale acestora.<\/li>\n<\/ul>\n","protected":false},"excerpt":{"rendered":"<p>Hr\u0103nire super-premium, special creat\u0103 pentru c\u00e2inii adul\u021bi de rase active. Avantaje Energie \u0219i rezisten\u021b\u0103: con\u021binutul ridicat de gr\u0103simi sus\u021bine energia \u00een timpul eforturilor fizice prelungite. Sus\u021binerea articula\u021biilor \u0219i mu\u0219chilor: glucozamina \u0219i condroitina \u00eent\u0103resc articula\u021biile \u0219i ligamentele, reduc\u00e2nd riscul accident\u0103rilor. Gust foarte atr\u0103g\u0103tor: are o bun\u0103 acceptare \u0219i digestibilitate. Ideal pentru rase active: dezvoltat \u021bin\u00e2nd cont [&hellip;]<\/p>\n","protected":false},"featured_media":7226,"template":"","meta":[],"product_brand":[512],"product_cat":[481,483,482],"product_tag":[],"class_list":{"0":"post-7225","1":"product","2":"type-product","3":"status-publish","4":"has-post-thumbnail","6":"product_brand-gheda","7":"product_cat-dogs-ro","8":"product_cat-hrana-2","9":"product_cat-hrana-uscata","11":"first","12":"instock","13":"taxable","14":"shipping-taxable","15":"purchasable","16":"product-type-simple"},"_links":{"self":[{"href":"https:\/\/chiraprim.com\/ro\/wp-json\/wp\/v2\/product\/7225","targetHints":{"allow":["GET"]}}],"collection":[{"href":"https:\/\/chiraprim.com\/ro\/wp-json\/wp\/v2\/product"}],"about":[{"href":"https:\/\/chiraprim.com\/ro\/wp-json\/wp\/v2\/types\/product"}],"version-history":[{"count":1,"href":"https:\/\/chiraprim.com\/ro\/wp-json\/wp\/v2\/product\/7225\/revisions"}],"predecessor-version":[{"id":7228,"href":"https:\/\/chiraprim.com\/ro\/wp-json\/wp\/v2\/product\/7225\/revisions\/7228"}],"wp:featuredmedia":[{"embeddable":true,"href":"https:\/\/chiraprim.com\/ro\/wp-json\/wp\/v2\/media\/7226"}],"wp:attachment":[{"href":"https:\/\/chiraprim.com\/ro\/wp-json\/wp\/v2\/media?parent=7225"}],"wp:term":[{"taxonomy":"product_brand","embeddable":true,"href":"https:\/\/chiraprim.com\/ro\/wp-json\/wp\/v2\/product_brand?post=7225"},{"taxonomy":"product_cat","embeddable":true,"href":"https:\/\/chiraprim.com\/ro\/wp-json\/wp\/v2\/product_cat?post=7225"},{"taxonomy":"product_tag","embeddable":true,"href":"https:\/\/chiraprim.com\/ro\/wp-json\/wp\/v2\/product_tag?post=7225"}],"curies":[{"name":"wp","href":"https:\/\/api.w.org\/{rel}","templated":true}]}}