{"id":7260,"date":"2025-06-23T10:37:52","date_gmt":"2025-06-23T08:37:52","guid":{"rendered":"https:\/\/chiraprim.com\/?post_type=product&#038;p=7260"},"modified":"2025-06-25T14:19:59","modified_gmt":"2025-06-25T12:19:59","slug":"hrana-pentru-caini-dogdog-wild-regional-forest-2kg","status":"publish","type":"product","link":"https:\/\/chiraprim.com\/ro\/produs\/hrana-pentru-caini-dogdog-wild-regional-forest-2kg\/","title":{"rendered":"Hrana pentru caini  Dog&amp;Dog Wild Regional FOREST 2kg"},"content":{"rendered":"<p>Hran\u0103 super-premium pentru dieta zilnic\u0103 a c\u00e2inilor adul\u021bi din toate rasele, \u00een special pentru cei de talie mare \u0219i activi, care prefer\u0103 carnea ro\u0219ie de origine s\u0103lbatic\u0103.<br \/>\n<strong>Avantaje:<\/strong><\/p>\n<ul>\n<li>70% carne de origine s\u0103lbatic\u0103 \u2014 apropiat\u0103 de dieta natural\u0103 a str\u0103mo\u0219ilor c\u00e2inilor.<\/li>\n<li>F\u0103r\u0103 cereale, cartofi sau tapioca \u2014 indice glicemic sc\u0103zut \u0219i risc redus de alergii.<\/li>\n<li>Bogat\u0103 \u00een antioxidan\u021bi \u2014 fructele de p\u0103dure \u0219i florile sus\u021bin sistemul imunitar.<\/li>\n<li>Con\u021binut ridicat de proteine (41%) \u0219i gr\u0103simi moderate \u2014 ideal\u0103 pentru c\u00e2ini activi \u0219i de lucru.<\/li>\n<\/ul>\n","protected":false},"excerpt":{"rendered":"<p>Hran\u0103 super-premium pentru dieta zilnic\u0103 a c\u00e2inilor adul\u021bi din toate rasele, \u00een special pentru cei de talie mare \u0219i activi, care prefer\u0103 carnea ro\u0219ie de origine s\u0103lbatic\u0103. Avantaje: 70% carne de origine s\u0103lbatic\u0103 \u2014 apropiat\u0103 de dieta natural\u0103 a str\u0103mo\u0219ilor c\u00e2inilor. F\u0103r\u0103 cereale, cartofi sau tapioca \u2014 indice glicemic sc\u0103zut \u0219i risc redus de alergii. [&hellip;]<\/p>\n","protected":false},"featured_media":7264,"template":"","meta":[],"product_brand":[512],"product_cat":[481,483,482],"product_tag":[],"class_list":{"0":"post-7260","1":"product","2":"type-product","3":"status-publish","4":"has-post-thumbnail","6":"product_brand-gheda","7":"product_cat-dogs-ro","8":"product_cat-hrana-2","9":"product_cat-hrana-uscata","11":"first","12":"outofstock","13":"taxable","14":"shipping-taxable","15":"purchasable","16":"product-type-simple"},"_links":{"self":[{"href":"https:\/\/chiraprim.com\/ro\/wp-json\/wp\/v2\/product\/7260","targetHints":{"allow":["GET"]}}],"collection":[{"href":"https:\/\/chiraprim.com\/ro\/wp-json\/wp\/v2\/product"}],"about":[{"href":"https:\/\/chiraprim.com\/ro\/wp-json\/wp\/v2\/types\/product"}],"version-history":[{"count":2,"href":"https:\/\/chiraprim.com\/ro\/wp-json\/wp\/v2\/product\/7260\/revisions"}],"predecessor-version":[{"id":7272,"href":"https:\/\/chiraprim.com\/ro\/wp-json\/wp\/v2\/product\/7260\/revisions\/7272"}],"wp:featuredmedia":[{"embeddable":true,"href":"https:\/\/chiraprim.com\/ro\/wp-json\/wp\/v2\/media\/7264"}],"wp:attachment":[{"href":"https:\/\/chiraprim.com\/ro\/wp-json\/wp\/v2\/media?parent=7260"}],"wp:term":[{"taxonomy":"product_brand","embeddable":true,"href":"https:\/\/chiraprim.com\/ro\/wp-json\/wp\/v2\/product_brand?post=7260"},{"taxonomy":"product_cat","embeddable":true,"href":"https:\/\/chiraprim.com\/ro\/wp-json\/wp\/v2\/product_cat?post=7260"},{"taxonomy":"product_tag","embeddable":true,"href":"https:\/\/chiraprim.com\/ro\/wp-json\/wp\/v2\/product_tag?post=7260"}],"curies":[{"name":"wp","href":"https:\/\/api.w.org\/{rel}","templated":true}]}}