{"id":7290,"date":"2025-06-23T11:20:31","date_gmt":"2025-06-23T09:20:31","guid":{"rendered":"https:\/\/chiraprim.com\/?post_type=product&#038;p=7290"},"modified":"2025-06-25T14:19:59","modified_gmt":"2025-06-25T12:19:59","slug":"hrana-pentru-caini-dogdog-wild-regional-farm-2kg","status":"publish","type":"product","link":"https:\/\/chiraprim.com\/ro\/produs\/hrana-pentru-caini-dogdog-wild-regional-farm-2kg\/","title":{"rendered":"Hrana pentru caini Dog&amp;Dog Wild Regional FARM 2kg"},"content":{"rendered":"<p><span class=\"HwtZe\" lang=\"ro\"><span class=\"jCAhz ChMk0b\"><span class=\"ryNqvb\">\u2022 C\u00e2ini adul\u021bi de toate dimensiunile care prefer\u0103 carnea alb\u0103 crescut\u0103 \u00een libertate<\/span><\/span><\/span><\/p>\n<p><span class=\"HwtZe\" lang=\"ro\"><span class=\"jCAhz ChMk0b\"><span class=\"ryNqvb\"> \u2022 C\u0103\u021bele care al\u0103pteaz\u0103<\/span><\/span><\/span><\/p>\n<p><span class=\"HwtZe\" lang=\"ro\"><span class=\"jCAhz ChMk0b\"><span class=\"ryNqvb\"> \u2022 C\u0103\u021bele gestante<\/span><\/span><\/span><\/p>\n<p><span class=\"HwtZe\" lang=\"ro\"><span class=\"jCAhz ChMk0b\"><span class=\"ryNqvb\"> \u2022 Gam\u0103 larg\u0103 de tipuri de carne provenite de la ferme europene, cum ar fi ra\u021b\u0103, pui \u0219i iepure, suplimentat\u0103 cu ou\u0103, legume, fructe \u0219i flori<\/span><\/span><\/span><\/p>\n<p><span class=\"HwtZe\" lang=\"ro\"><span class=\"jCAhz ChMk0b\"><span class=\"ryNqvb\"> INGREDIENTE: Hran\u0103 complet\u0103 pentru c\u00e2ini adul\u021bi.<\/span><\/span><span class=\"jCAhz ChMk0b\"><span class=\"ryNqvb\"> Pui deshidratat proasp\u0103t preparat (25%), maz\u0103re verde, inim\u0103 iberic\u0103 uscat\u0103 \u0219i f\u0103r\u0103 s\u00e2mburi, gr\u0103sime animal\u0103, broccoli, ra\u021b\u0103 g\u0103tit\u0103 uscat\u0103 (6%), proteine \u200b\u200bhidrolizate de pui, iepure dezosat (4%), ou\u0103, flori de hibiscus (0,192%), flori de Rosa canina L. \u0219i Rosa pendulina L. (0,024%), zmeur\u0103 (0,008%), mure (0,008%), c\u0103p\u0219uni (0,008%).<\/span><\/span><span class=\"jCAhz ChMk0b\"><span class=\"ryNqvb\"> COMPONENTE ANALITICE: Protein\u0103 brut\u0103 &#8211; 41,90%, fibr\u0103 brut\u0103 &#8211; 2,00%, uleiuri \u0219i gr\u0103simi brute &#8211; 19,50%, cenu\u0219\u0103 brut\u0103 &#8211; 7,00%.<\/span><\/span><span class=\"jCAhz ChMk0b\"><span class=\"ryNqvb\"> ADITIVI PER kg.<\/span><\/span> <span class=\"jCAhz\"><span class=\"ryNqvb\">Aditivi alimentari: Vitamina A 7.200 mcg, vitamina D 720 mcg, sulfat de cupru pentahidrat (Cupru) 30,95 (7,88) mg.<\/span><\/span><span class=\"jCAhz\"><span class=\"ryNqvb\"> Aditivi tehnologici: antioxidan\u021bi.<\/span><\/span> <span class=\"jCAhz ChMk0b\"><span class=\"ryNqvb\">Tocoferolul este extras din uleiuri vegetale \u00een cantitate de 36 mg.<\/span><\/span><span class=\"jCAhz ChMk0b\"><span class=\"ryNqvb\"> Aditivi senzoriali: substan\u021be naturale de origine vegetal\u0103.<\/span><\/span> <span class=\"jCAhz ChMk0b\"><span class=\"ryNqvb\">Extract de rozmarin 105 mg.<\/span><\/span><\/span><\/p>\n","protected":false},"excerpt":{"rendered":"<p>\u2022 C\u00e2ini adul\u021bi de toate dimensiunile care prefer\u0103 carnea alb\u0103 crescut\u0103 \u00een libertate \u2022 C\u0103\u021bele care al\u0103pteaz\u0103 \u2022 C\u0103\u021bele gestante \u2022 Gam\u0103 larg\u0103 de tipuri de carne provenite de la ferme europene, cum ar fi ra\u021b\u0103, pui \u0219i iepure, suplimentat\u0103 cu ou\u0103, legume, fructe \u0219i flori INGREDIENTE: Hran\u0103 complet\u0103 pentru c\u00e2ini adul\u021bi. Pui deshidratat proasp\u0103t [&hellip;]<\/p>\n","protected":false},"featured_media":7294,"template":"","meta":[],"product_brand":[512],"product_cat":[481,483,482],"product_tag":[],"class_list":{"0":"post-7290","1":"product","2":"type-product","3":"status-publish","4":"has-post-thumbnail","6":"product_brand-gheda","7":"product_cat-dogs-ro","8":"product_cat-hrana-2","9":"product_cat-hrana-uscata","11":"first","12":"instock","13":"taxable","14":"shipping-taxable","15":"purchasable","16":"product-type-simple"},"_links":{"self":[{"href":"https:\/\/chiraprim.com\/ro\/wp-json\/wp\/v2\/product\/7290","targetHints":{"allow":["GET"]}}],"collection":[{"href":"https:\/\/chiraprim.com\/ro\/wp-json\/wp\/v2\/product"}],"about":[{"href":"https:\/\/chiraprim.com\/ro\/wp-json\/wp\/v2\/types\/product"}],"version-history":[{"count":1,"href":"https:\/\/chiraprim.com\/ro\/wp-json\/wp\/v2\/product\/7290\/revisions"}],"predecessor-version":[{"id":7296,"href":"https:\/\/chiraprim.com\/ro\/wp-json\/wp\/v2\/product\/7290\/revisions\/7296"}],"wp:featuredmedia":[{"embeddable":true,"href":"https:\/\/chiraprim.com\/ro\/wp-json\/wp\/v2\/media\/7294"}],"wp:attachment":[{"href":"https:\/\/chiraprim.com\/ro\/wp-json\/wp\/v2\/media?parent=7290"}],"wp:term":[{"taxonomy":"product_brand","embeddable":true,"href":"https:\/\/chiraprim.com\/ro\/wp-json\/wp\/v2\/product_brand?post=7290"},{"taxonomy":"product_cat","embeddable":true,"href":"https:\/\/chiraprim.com\/ro\/wp-json\/wp\/v2\/product_cat?post=7290"},{"taxonomy":"product_tag","embeddable":true,"href":"https:\/\/chiraprim.com\/ro\/wp-json\/wp\/v2\/product_tag?post=7290"}],"curies":[{"name":"wp","href":"https:\/\/api.w.org\/{rel}","templated":true}]}}