{"id":7364,"date":"2025-06-23T12:31:59","date_gmt":"2025-06-23T10:31:59","guid":{"rendered":"https:\/\/chiraprim.com\/?post_type=product&#038;p=7364"},"modified":"2025-07-18T10:39:29","modified_gmt":"2025-07-18T08:39:29","slug":"hrana-umeda-pentru-caini-bocconcini-morando-cane-agnello-riso-miel-cu-orez-1250g","status":"publish","type":"product","link":"https:\/\/chiraprim.com\/ro\/produs\/hrana-umeda-pentru-caini-bocconcini-morando-cane-agnello-riso-miel-cu-orez-1250g\/","title":{"rendered":"Hran\u0103 umed\u0103 pentru c\u00e2ini Morando Bocconcini Cane Agnello Riso (miel cu orez) 1250g"},"content":{"rendered":"<p>Hrana completa si echilibrata pentru animale de companie. Usor digerabil si mare palatabilitate.<br \/>\nContinut nutritional excelent de vitamine si minerale. CARACTERISTICI NUTRItIONALE<br \/>\nCompozitie:<br \/>\nCarne si derivate animale 30% (miel 5%), cereale (orez 4%), minerale.<br \/>\nCONSTITUENtI ANALITICI:<br \/>\nUmiditate 80%, proteina bruta 7%, grasime bruta 4,5%, fibre brute 1%, cenusa bruta 3% aditivi: aditivi nutritionali \/kg: Vitamina A 1000 UI, Vitamina D3 100 UI, Vitamina E 10 mg, Zinc (sulfat de Zinc monohidrat) 10 mg, cupru (sulfat de cupru (II) pentahidrat) 2 mg.<br \/>\nCUM Sa UTILIZAtI:<br \/>\nProdusul este gata de utilizare.<br \/>\nINSTRUCtIUNI DE DEPOZITARE:<br \/>\nDepozitati produsul \u00eentr-un loc racoros si uscat.<\/p>\n","protected":false},"excerpt":{"rendered":"<p>Hrana completa si echilibrata pentru animale de companie. Usor digerabil si mare palatabilitate. Continut nutritional excelent de vitamine si minerale. CARACTERISTICI NUTRItIONALE Compozitie: Carne si derivate animale 30% (miel 5%), cereale (orez 4%), minerale. CONSTITUENtI ANALITICI: Umiditate 80%, proteina bruta 7%, grasime bruta 4,5%, fibre brute 1%, cenusa bruta 3% aditivi: aditivi nutritionali \/kg: Vitamina [&hellip;]<\/p>\n","protected":false},"featured_media":7406,"template":"","meta":[],"product_brand":[513],"product_cat":[481,483,487],"product_tag":[],"class_list":{"0":"post-7364","1":"product","2":"type-product","3":"status-publish","4":"has-post-thumbnail","6":"product_brand-morando","7":"product_cat-dogs-ro","8":"product_cat-hrana-2","9":"product_cat-hrana-umeda","11":"first","12":"instock","13":"taxable","14":"shipping-taxable","15":"purchasable","16":"product-type-simple"},"_links":{"self":[{"href":"https:\/\/chiraprim.com\/ro\/wp-json\/wp\/v2\/product\/7364","targetHints":{"allow":["GET"]}}],"collection":[{"href":"https:\/\/chiraprim.com\/ro\/wp-json\/wp\/v2\/product"}],"about":[{"href":"https:\/\/chiraprim.com\/ro\/wp-json\/wp\/v2\/types\/product"}],"version-history":[{"count":5,"href":"https:\/\/chiraprim.com\/ro\/wp-json\/wp\/v2\/product\/7364\/revisions"}],"predecessor-version":[{"id":7767,"href":"https:\/\/chiraprim.com\/ro\/wp-json\/wp\/v2\/product\/7364\/revisions\/7767"}],"wp:featuredmedia":[{"embeddable":true,"href":"https:\/\/chiraprim.com\/ro\/wp-json\/wp\/v2\/media\/7406"}],"wp:attachment":[{"href":"https:\/\/chiraprim.com\/ro\/wp-json\/wp\/v2\/media?parent=7364"}],"wp:term":[{"taxonomy":"product_brand","embeddable":true,"href":"https:\/\/chiraprim.com\/ro\/wp-json\/wp\/v2\/product_brand?post=7364"},{"taxonomy":"product_cat","embeddable":true,"href":"https:\/\/chiraprim.com\/ro\/wp-json\/wp\/v2\/product_cat?post=7364"},{"taxonomy":"product_tag","embeddable":true,"href":"https:\/\/chiraprim.com\/ro\/wp-json\/wp\/v2\/product_tag?post=7364"}],"curies":[{"name":"wp","href":"https:\/\/api.w.org\/{rel}","templated":true}]}}